{"id":21871,"date":"2024-04-18T21:17:46","date_gmt":"2024-04-18T18:17:46","guid":{"rendered":"https:\/\/zooprekes24.lt\/produktas\/royal-canin-maxi-light-weight-care\/"},"modified":"2025-07-07T13:13:27","modified_gmt":"2025-07-07T11:13:27","slug":"royal-canin-maxi-light-weight-care","status":"publish","type":"product","link":"https:\/\/zooprekes24.lt\/et\/produktas\/royal-canin-maxi-light-weight-care\/","title":{"rendered":"Royal Canin Maxi Light Weight Care kuivtoit koertele 12 kg"},"content":{"rendered":"<h3>Royal Canin Maxi Light Weight Care &#8211; <a href=\"https:\/\/www.royalcanin.com\/lt\/tailored-nutrition\" target=\"_blank\" rel=\"noopener\">specialiai subalansuotas<\/a> suaugusi\u0173, labai dideli\u0173 veisli\u0173 (nuo 26-44 kg) \u0161un\u0173 sausas maistas nuo 1 met\u0173 am\u017eiaus. Pritaikytas \u0161unims linkusiems priaugti svorio arba turintiems vir\u0161svorio.<\/h3>\n<ul>\n<li>Royal Canin Maxi Light Weight Care maisto sud\u0117tyje esantis nat\u016brali\u0173 kvapi\u0173j\u0173 med\u017eiag\u0173 rinkinys, specialios formos ir i\u0161skirtinio skonio maisto granul\u0117s patenkins net i\u0161rankiausi\u0173 \u0161un\u0173 apetit\u0105 ir u\u017etikrins sotumo jausm\u0105.<\/li>\n<li>Sud\u0117tyje esantis didelis L-karnitino kiekis stimuliuoja med\u017eiag\u0173 apykait\u0105.<\/li>\n<li><a href=\"https:\/\/www.youtube.com\/watch?v=FYwO1fiYoa8&amp;t=1s\" target=\"_blank\" rel=\"noopener\">Ypatingos maisto formul\u0117s<\/a> sud\u0117tyje esan\u010dios chelatin\u0117s med\u017eiagos paskirsto seil\u0117se esant\u012f kalc\u012f ir neleid\u017eia kauptis dant\u0173 akmenims.<\/li>\n<li>Nedidelis riebal\u0173 kiekis (tik 11 proc.) ir didelis baltym\u0173 kiekis (30 proc.) palaiko lies\u0105 augintinio raumen\u0173 mas\u0119 ir <a href=\"https:\/\/zooprekes24.lt\/kategorija\/prekes-sunims\/sunu-maistas\/?filters=paskirtis[642]\" target=\"_blank\" rel=\"noopener\">padeda kovoti su vir\u0161svoriu.<\/a><\/li>\n<\/ul>\n<p><img loading=\"lazy\" decoding=\"async\" class=\"alignnone wp-image-18148 \" src=\"https:\/\/zooprekes24.lt\/wp-content\/uploads\/maxi-weight.png\" alt=\"\" width=\"300\" height=\"339\" srcset=\"https:\/\/zooprekes24.lt\/wp-content\/uploads\/maxi-weight.png 1600w, https:\/\/zooprekes24.lt\/wp-content\/uploads\/maxi-weight-265x300.png 265w, https:\/\/zooprekes24.lt\/wp-content\/uploads\/maxi-weight-906x1024.png 906w, https:\/\/zooprekes24.lt\/wp-content\/uploads\/maxi-weight-600x678.png 600w, https:\/\/zooprekes24.lt\/wp-content\/uploads\/maxi-weight-531x600.png 531w, https:\/\/zooprekes24.lt\/wp-content\/uploads\/maxi-weight-1274x1440.png 1274w\" sizes=\"auto, (max-width: 300px) 100vw, 300px\" \/><\/p>\n","protected":false},"excerpt":{"rendered":"<p>Royal Canin Maxi Light Weight Care &#8211; specialiai subalansuotas suaugusi\u0173, labai dideli\u0173 veisli\u0173 (nuo 26-44 kg) \u0161un\u0173 sausas maistas nuo 1 met\u0173 am\u017eiaus. Pritaikytas \u0161unims linkusiems priaugti svorio arba turintiems vir\u0161svorio. Royal Canin Maxi Light Weight Care maisto sud\u0117tyje esantis nat\u016brali\u0173 kvapi\u0173j\u0173 med\u017eiag\u0173 rinkinys, specialios formos ir i\u0161skirtinio skonio maisto granul\u0117s patenkins net i\u0161rankiausi\u0173 \u0161un\u0173&#8230;<\/p>","protected":false},"featured_media":18149,"comment_status":"closed","ping_status":"closed","template":"","meta":{"_acf_changed":false,"slim_seo":{"title":"Royal Canin Maxi Light Weight Care sausas maistas \u0161unims 12 kg - Zooprekes24","description":"Royal Canin Maxi Light Weight Care - specialiai subalansuotas suaugusi\u0173, labai dideli\u0173 veisli\u0173 (nuo 26-44 kg) \u0161un\u0173 sausas maistas nuo 1 met\u0173 am\u017eiaus. Pritaikyta"},"iawp_total_views":51},"product_brand":[],"product_cat":[9012,9002,8999,29,31],"product_tag":[1084,177,1091,200],"class_list":{"0":"post-21871","1":"product","2":"type-product","3":"status-publish","4":"has-post-thumbnail","6":"product_cat-royal-canin","7":"product_cat-sausas-maistas","8":"product_cat-sunims","9":"product_cat-sunu-maistas","10":"product_cat-sunu-prekiu-gamintojai","11":"product_tag-antsvorio-turinciam-suniui","12":"product_tag-edalas-sunims","13":"product_tag-maistas-sunims-turintiems-antsvorio","14":"product_tag-super-premium-maistas-sunims","15":"pa_pasaro-sudetis-ryziai","16":"pa_pasaro-sudetis-vistiena","17":"pa_prekiu-zenklai-royal-canin","18":"pa_suns-amzius-suaugusiems","19":"pa_veisles-dydis-didelems-veislems","21":"first","22":"instock","23":"taxable","24":"shipping-taxable","25":"purchasable","26":"product-type-simple"},"acf":[],"_links":{"self":[{"href":"https:\/\/zooprekes24.lt\/et\/wp-json\/wp\/v2\/product\/21871","targetHints":{"allow":["GET"]}}],"collection":[{"href":"https:\/\/zooprekes24.lt\/et\/wp-json\/wp\/v2\/product"}],"about":[{"href":"https:\/\/zooprekes24.lt\/et\/wp-json\/wp\/v2\/types\/product"}],"replies":[{"embeddable":true,"href":"https:\/\/zooprekes24.lt\/et\/wp-json\/wp\/v2\/comments?post=21871"}],"wp:featuredmedia":[{"embeddable":true,"href":"https:\/\/zooprekes24.lt\/et\/wp-json\/wp\/v2\/media\/18149"}],"wp:attachment":[{"href":"https:\/\/zooprekes24.lt\/et\/wp-json\/wp\/v2\/media?parent=21871"}],"wp:term":[{"taxonomy":"product_brand","embeddable":true,"href":"https:\/\/zooprekes24.lt\/et\/wp-json\/wp\/v2\/product_brand?post=21871"},{"taxonomy":"product_cat","embeddable":true,"href":"https:\/\/zooprekes24.lt\/et\/wp-json\/wp\/v2\/product_cat?post=21871"},{"taxonomy":"product_tag","embeddable":true,"href":"https:\/\/zooprekes24.lt\/et\/wp-json\/wp\/v2\/product_tag?post=21871"}],"curies":[{"name":"wp","href":"https:\/\/api.w.org\/{rel}","templated":true}]}}