{"id":21870,"date":"2024-04-18T21:17:46","date_gmt":"2024-04-18T18:17:46","guid":{"rendered":"https:\/\/zooprekes24.lt\/produktas\/royal-canin-medium-digestive-care\/"},"modified":"2025-07-07T13:16:40","modified_gmt":"2025-07-07T11:16:40","slug":"royal-canin-medium-digestive-care","status":"publish","type":"product","link":"https:\/\/zooprekes24.lt\/et\/produktas\/royal-canin-medium-digestive-care\/","title":{"rendered":"Royal Canin Medium Digestive Care kuivtoit koertele 3 kg"},"content":{"rendered":"<h3>Royal Canin Medium Digestive Care - <a href=\"https:\/\/www.royalcanin.com\/lt\/tailored-nutrition\" target=\"_blank\" rel=\"noopener\">spetsiaalselt tasakaalustatud<\/a> Kuivtoit t\u00e4iskasvanud keskmise suurusega t\u00f5ugu koertele (11-15 kg) alates 1-aastasest vanusest. Sobib tundliku seedes\u00fcsteemiga koertele.<\/h3>\n<ul>\n<li>Royal Canin Medium Digestive Care'i eriline koostis ja hoolikalt valitud eksklusiivsed koostisosad rahuldavad isegi k\u00f5ige n\u00f5udlikumate v\u00e4ikest t\u00f5ugu koerte s\u00f6\u00f6giisu.<\/li>\n<li><a href=\"https:\/\/www.youtube.com\/watch?v=sQlv9iWVY1Y\" target=\"_blank\" rel=\"noopener\">Erakordne toitainete kombinatsioon<\/a> tagab hea seedefunktsiooni (LIP-valgud) ja s\u00e4ilitab soolefloora tasakaalu.<\/li>\n<li>Omega-6 rasvhapete suurenenud sisaldus s\u00f6\u00f6das <a href=\"https:\/\/zooprekes24.lt\/et\/toode\/canina-biotin-forte-tabletid\/\" target=\"_blank\" rel=\"noopener\">aitab s\u00e4ilitada terve ja l\u00e4ikiva karvkatte<\/a>.<\/li>\n<li>Spetsiaalse toiduvalmistise kelaativad ained jaotavad kaltsiumi s\u00fcljes ja takistavad hambakivi tekkimist.<\/li>\n<\/ul>\n<p><img loading=\"lazy\" decoding=\"async\" class=\"alignnone wp-image-18145\" src=\"https:\/\/zooprekes24.lt\/wp-content\/uploads\/medium-digest.png\" alt=\"\" width=\"250\" height=\"372\" srcset=\"https:\/\/zooprekes24.lt\/wp-content\/uploads\/medium-digest.png 606w, https:\/\/zooprekes24.lt\/wp-content\/uploads\/medium-digest-202x300.png 202w, https:\/\/zooprekes24.lt\/wp-content\/uploads\/medium-digest-600x891.png 600w, https:\/\/zooprekes24.lt\/wp-content\/uploads\/medium-digest-404x600.png 404w\" sizes=\"auto, (max-width: 250px) 100vw, 250px\" \/><\/p>","protected":false},"excerpt":{"rendered":"<p>Royal Canin Medium Digestive Care &#8211; specialiai subalansuotas suaugusi\u0173, vidutinio dyd\u017eio veisli\u0173 (nuo 11-15 kg) \u0161un\u0173 sausas maistas nuo 1 met\u0173 am\u017eiaus. Pritaikytas \u0161unims turintiems jautri\u0105 vir\u0161kinimo sistem\u0105. Royal Canin Medium Digestive Care speciali maisto sud\u0117tis ir kruop\u0161\u010diai atrinktos i\u0161skirtin\u0117s med\u017eiagos patenkina net i\u0161rankiausi\u0173 ma\u017e\u0173 veisli\u0173 \u0161un\u0173 apetit\u0105. I\u0161skirtinis maistini\u0173 med\u017eiag\u0173 derinys u\u017etikrina ger\u0105 vir\u0161kinimo&#8230;<\/p>","protected":false},"featured_media":18146,"comment_status":"closed","ping_status":"closed","template":"","meta":{"_acf_changed":false,"slim_seo":{"title":"Royal Canin Medium Digestive Care sausas maistas \u0161unims 3 kg - Zooprekes24","description":"Royal Canin Medium Digestive Care on spetsiaalselt tasakaalustatud kuivtoit t\u00e4iskasvanud keskmise suurusega koertele (11-15 kg) alates 1 aasta vanusest. Kohandatud"},"iawp_total_views":184},"product_brand":[],"product_cat":[9012,9002,8999,29,31],"product_tag":[177,200],"class_list":{"0":"post-21870","1":"product","2":"type-product","3":"status-publish","4":"has-post-thumbnail","6":"product_cat-royal-canin","7":"product_cat-sausas-maistas","8":"product_cat-sunims","9":"product_cat-sunu-maistas","10":"product_cat-sunu-prekiu-gamintojai","11":"product_tag-edalas-sunims","12":"product_tag-super-premium-maistas-sunims","13":"pa_pasaro-sudetis-ryziai","14":"pa_pasaro-sudetis-vistiena","15":"pa_prekiu-zenklai-royal-canin","16":"pa_suns-amzius-suaugusiems","17":"pa_veisles-dydis-vidutinems-veislems","19":"first","20":"instock","21":"taxable","22":"shipping-taxable","23":"purchasable","24":"product-type-simple"},"acf":[],"_links":{"self":[{"href":"https:\/\/zooprekes24.lt\/et\/wp-json\/wp\/v2\/product\/21870","targetHints":{"allow":["GET"]}}],"collection":[{"href":"https:\/\/zooprekes24.lt\/et\/wp-json\/wp\/v2\/product"}],"about":[{"href":"https:\/\/zooprekes24.lt\/et\/wp-json\/wp\/v2\/types\/product"}],"replies":[{"embeddable":true,"href":"https:\/\/zooprekes24.lt\/et\/wp-json\/wp\/v2\/comments?post=21870"}],"wp:featuredmedia":[{"embeddable":true,"href":"https:\/\/zooprekes24.lt\/et\/wp-json\/wp\/v2\/media\/18146"}],"wp:attachment":[{"href":"https:\/\/zooprekes24.lt\/et\/wp-json\/wp\/v2\/media?parent=21870"}],"wp:term":[{"taxonomy":"product_brand","embeddable":true,"href":"https:\/\/zooprekes24.lt\/et\/wp-json\/wp\/v2\/product_brand?post=21870"},{"taxonomy":"product_cat","embeddable":true,"href":"https:\/\/zooprekes24.lt\/et\/wp-json\/wp\/v2\/product_cat?post=21870"},{"taxonomy":"product_tag","embeddable":true,"href":"https:\/\/zooprekes24.lt\/et\/wp-json\/wp\/v2\/product_tag?post=21870"}],"curies":[{"name":"wp","href":"https:\/\/api.w.org\/{rel}","templated":true}]}}