{"id":21865,"date":"2024-04-18T21:17:36","date_gmt":"2024-04-18T18:17:36","guid":{"rendered":"https:\/\/zooprekes24.lt\/produktas\/royal-canin-giant-junior\/"},"modified":"2026-02-27T12:07:24","modified_gmt":"2026-02-27T10:07:24","slug":"royal-canin-giant-junior","status":"publish","type":"product","link":"https:\/\/zooprekes24.lt\/et\/produktas\/royal-canin-giant-junior\/","title":{"rendered":"Royal Canin Giant Junior kuivtoit kutsikatele 15 kg"},"content":{"rendered":"<h3>Royal Canin Giant Junior &#8211; <a href=\"https:\/\/www.youtube.com\/watch?v=FYwO1fiYoa8&amp;t=1s\" target=\"_blank\" rel=\"noopener\">spetsiaalselt tasakaalustatud<\/a> Kuivtoit v\u00e4ga suurekasvulistele kutsikatele (t\u00e4iskasvanu kaal \u00fcle 45 kg) vanuses 8 kuud kuni 2 aastat. Energiat, valku, kaltsiumi ja fosforit sisaldav kohandatud kombinatsioon aitab kutsikatel arendada terveid ja tugevaid luid. Spetsiaalne koostis tugevdab immuunsust ja tagab suurep\u00e4rase seedimise.<\/h3>\n<ul>\n<li><a href=\"https:\/\/zooprekes24.lt\/et\/kategorija\/prekes-sunims\/koeratoodete-tootjad\/royal-canin-sunims\/\" target=\"_blank\" rel=\"noopener\">Royal Canin<\/a> tugevdab noore kutsika keha loomulikku kaitset.<\/li>\n<li>Kohandatud energia, valk, kaltsium ja fosfor aitavad moodustada terve ja <a href=\"https:\/\/zooprekes24.lt\/et\/toode\/canvit-chondro-maxi-500g\/\" target=\"_blank\" rel=\"noopener\">kutsikate tugevate luude jaoks<\/a>. Kondroitiin, gl\u00fckosamiin ning eikosapentaeenhape (EPA) ja dokosaheksaeenhape (DHA) tugevdavad teie lapse liigeseid juba varases eas.<\/li>\n<li>Ainulaadne koostis aitab s\u00e4ilitada v\u00e4ga suurte t\u00f5ugu kutsikate ideaalkaalu.<\/li>\n<li>Royal Canin Giant Junior sisaldab prebiootikume ja laialehelist aed-liivateed, et soodustada soolestiku floora tasakaalu.<\/li>\n<\/ul>\n<p><img loading=\"lazy\" decoding=\"async\" class=\"alignnone wp-image-18107\" src=\"https:\/\/zooprekes24.lt\/wp-content\/uploads\/giant-puppy-1.png\" alt=\"Royal Canin Giant Puppy kuivtoit kutsikatele 15 kg\" width=\"300\" height=\"268\" srcset=\"https:\/\/zooprekes24.lt\/wp-content\/uploads\/giant-puppy-1.png 813w, https:\/\/zooprekes24.lt\/wp-content\/uploads\/giant-puppy-1-300x268.png 300w, https:\/\/zooprekes24.lt\/wp-content\/uploads\/giant-puppy-1-600x537.png 600w\" sizes=\"auto, (max-width: 300px) 100vw, 300px\" \/><\/p>","protected":false},"excerpt":{"rendered":"<p>Royal Canin Giant Junior &#8211; specialiai subalansuotas sausas maistas, labai didelio dyd\u017eio (suaugusi\u0173 svoris vir\u0161 45 kg) \u0161uniukams nuo 8 m\u0117nesi\u0173 am\u017eiaus iki 2 met\u0173. Pritaikytas energijos kiekis, baltymai, kalcis ir fosforas padeda formuotis sveikiems ir stipriems \u0161uniuk\u0173 kaulams. Ypatingos maisto formul\u0117s d\u0117ka stiprinamas imunitetas, u\u017etikrinamas puikus vir\u0161kinimas. Royal Canin stiprina nat\u016brali\u0105 jauno \u0161uniuko organizmo&#8230;<\/p>","protected":false},"featured_media":18111,"comment_status":"closed","ping_status":"closed","template":"","meta":{"_acf_changed":false,"slim_seo":{"title":"Royal Canin Giant Junior sausas maistas \u0161uniukams 15 kg - Zooprekes24","description":"Royal Canin Giant Junior - specialiai subalansuotas sausas maistas, labai didelio dyd\u017eio (suaugusi\u0173 svoris vir\u0161 45 kg) \u0161uniukams nuo 8 m\u0117nesi\u0173 am\u017eiaus iki 2 met"},"iawp_total_views":184},"product_brand":[],"product_cat":[9012,9002,8999,29,31],"product_tag":[177,200],"class_list":{"0":"post-21865","1":"product","2":"type-product","3":"status-publish","4":"has-post-thumbnail","6":"product_cat-royal-canin","7":"product_cat-sausas-maistas","8":"product_cat-sunims","9":"product_cat-sunu-maistas","10":"product_cat-sunu-prekiu-gamintojai","11":"product_tag-edalas-sunims","12":"product_tag-super-premium-maistas-sunims","13":"pa_pasaro-sudetis-ryziai","14":"pa_pasaro-sudetis-vistiena","15":"pa_prekiu-zenklai-royal-canin","16":"pa_suns-amzius-jauniems","17":"pa_veisles-dydis-didelems-veislems","19":"first","20":"instock","21":"sale","22":"taxable","23":"shipping-taxable","24":"purchasable","25":"product-type-simple"},"acf":[],"_links":{"self":[{"href":"https:\/\/zooprekes24.lt\/et\/wp-json\/wp\/v2\/product\/21865","targetHints":{"allow":["GET"]}}],"collection":[{"href":"https:\/\/zooprekes24.lt\/et\/wp-json\/wp\/v2\/product"}],"about":[{"href":"https:\/\/zooprekes24.lt\/et\/wp-json\/wp\/v2\/types\/product"}],"replies":[{"embeddable":true,"href":"https:\/\/zooprekes24.lt\/et\/wp-json\/wp\/v2\/comments?post=21865"}],"wp:featuredmedia":[{"embeddable":true,"href":"https:\/\/zooprekes24.lt\/et\/wp-json\/wp\/v2\/media\/18111"}],"wp:attachment":[{"href":"https:\/\/zooprekes24.lt\/et\/wp-json\/wp\/v2\/media?parent=21865"}],"wp:term":[{"taxonomy":"product_brand","embeddable":true,"href":"https:\/\/zooprekes24.lt\/et\/wp-json\/wp\/v2\/product_brand?post=21865"},{"taxonomy":"product_cat","embeddable":true,"href":"https:\/\/zooprekes24.lt\/et\/wp-json\/wp\/v2\/product_cat?post=21865"},{"taxonomy":"product_tag","embeddable":true,"href":"https:\/\/zooprekes24.lt\/et\/wp-json\/wp\/v2\/product_tag?post=21865"}],"curies":[{"name":"wp","href":"https:\/\/api.w.org\/{rel}","templated":true}]}}