{"id":21863,"date":"2024-04-18T21:17:36","date_gmt":"2024-04-18T18:17:36","guid":{"rendered":"https:\/\/zooprekes24.lt\/produktas\/royal-canin-maxi-ageing-8\/"},"modified":"2026-02-27T12:11:06","modified_gmt":"2026-02-27T10:11:06","slug":"royal-canin-maxi-ageing-8","status":"publish","type":"product","link":"https:\/\/zooprekes24.lt\/et\/produktas\/royal-canin-maxi-ageing-8\/","title":{"rendered":"Royal Canin Maxi Ageing 8+ kuivtoit koertele 15 kg"},"content":{"rendered":"<h3>Royal Canin Maxi Ageing 8+\u00a0<a href=\"https:\/\/www.royalcanin.com\/lt\/tailored-nutrition\" target=\"_blank\" rel=\"noopener\">spetsiaalselt tasakaalustatud<\/a> Kuivtoit vanematele, suurtele t\u00f5ugudele (26-44 kg) alates 8. eluaastast. Ainulaadne koostis aitab v\u00f5idelda teie lemmiklooma vananemisilmingutega.<\/h3>\n<ul>\n<li>Royal Canin Maxi Ageing 8+ sisaldab patenteeritud antioks\u00fcdantide kompleksi koos prebiootikumidega, <a href=\"https:\/\/zooprekes24.lt\/et\/?s=maxi&amp;post_type=product\" target=\"_blank\" rel=\"noopener\">tugevdab koera loomulikku kaitsev\u00f5imet. <\/a>ja v\u00f5itleb vananemisilmingute vastu, et s\u00e4ilitada koera eluj\u00f5udu ja suurep\u00e4rast tervist.<\/li>\n<li>Pelletite eriline kuju ja tekstuur ei ole mitte ainult maitsvad, vaid ka kergesti n\u00e4rimisk\u00f5lblikud ja sobivad vanematele koertele.<\/li>\n<li><a href=\"https:\/\/www.youtube.com\/watch?v=FYwO1fiYoa8&amp;t=1s\" target=\"_blank\" rel=\"noopener\">Eritoidu koostis<\/a> s\u00e4ilitab koera karvkatte ilu ja tugevdab naha loomulikke kaitseprotsesse.<\/li>\n<li>Toit sisaldab kiudaineid, mis parandab soole k\u00e4\u00e4rimist ja s\u00e4ilitab hea soolestiku mikrofloora.<\/li>\n<\/ul>\n<p><img loading=\"lazy\" decoding=\"async\" class=\"alignnone wp-image-17643\" src=\"https:\/\/zooprekes24.lt\/wp-content\/uploads\/bd3h-hub-german-shepherd-adult-black-and-white.jpg\" alt=\"\" width=\"350\" height=\"263\" srcset=\"https:\/\/zooprekes24.lt\/wp-content\/uploads\/bd3h-hub-german-shepherd-adult-black-and-white.jpg 1440w, https:\/\/zooprekes24.lt\/wp-content\/uploads\/bd3h-hub-german-shepherd-adult-black-and-white-300x225.jpg 300w, https:\/\/zooprekes24.lt\/wp-content\/uploads\/bd3h-hub-german-shepherd-adult-black-and-white-1024x768.jpg 1024w, https:\/\/zooprekes24.lt\/wp-content\/uploads\/bd3h-hub-german-shepherd-adult-black-and-white-600x450.jpg 600w\" sizes=\"auto, (max-width: 350px) 100vw, 350px\" \/><\/p>","protected":false},"excerpt":{"rendered":"<p>Royal Canin Maxi Ageing 8+\u00a0specialiai subalansuotas vyresnio am\u017eiaus, didelio dyd\u017eio veisli\u0173\u00a0 (nuo 26-44 kg) \u0161un\u0173 sausas maistas nuo 8 met\u0173 am\u017eiaus. Unikali maisto formul\u0117 padeda kovoti su augintinio sen\u0117jimo po\u017eymiais. Royal Canin Maxi Ageing 8+ maisto sud\u0117tyje esantis patentuotas antioksidant\u0173 kompleksas, kartu su prebiotikais, stiprina nat\u016brali\u0105 \u0161uns organizmo apsaug\u0105 bei kovoja su sen\u0117jimo po\u017eymiais tam,&#8230;<\/p>","protected":false},"featured_media":26141,"comment_status":"closed","ping_status":"closed","template":"","meta":{"_acf_changed":false,"slim_seo":{"title":"Royal Canin Maxi Ageing 8+ sausas maistas \u0161unims 15 kg - Zooprekes24","description":"Royal Canin Maxi Ageing 8+\u00a0 specialiai subalansuotas vyresnio am\u017eiaus, didelio dyd\u017eio veisli\u0173\u00a0 (nuo 26-44 kg) \u0161un\u0173 sausas maistas nuo 8 met\u0173 am\u017eiaus. Unikali ma"},"iawp_total_views":296},"product_brand":[],"product_cat":[9012,9002,8999,29,31],"product_tag":[176,177,200],"class_list":{"0":"post-21863","1":"product","2":"type-product","3":"status-publish","4":"has-post-thumbnail","6":"product_cat-royal-canin","7":"product_cat-sausas-maistas","8":"product_cat-sunims","9":"product_cat-sunu-maistas","10":"product_cat-sunu-prekiu-gamintojai","11":"product_tag-begrudis-sunu-maistas","12":"product_tag-edalas-sunims","13":"product_tag-super-premium-maistas-sunims","14":"pa_pasaro-sudetis-ryziai","15":"pa_pasaro-sudetis-vistiena","16":"pa_prekiu-zenklai-royal-canin","17":"pa_suns-amzius-senjorams","18":"pa_suns-amzius-suaugusiems","19":"pa_veisles-dydis-didelems-veislems","21":"first","22":"instock","23":"sale","24":"taxable","25":"shipping-taxable","26":"purchasable","27":"product-type-simple"},"acf":[],"_links":{"self":[{"href":"https:\/\/zooprekes24.lt\/et\/wp-json\/wp\/v2\/product\/21863","targetHints":{"allow":["GET"]}}],"collection":[{"href":"https:\/\/zooprekes24.lt\/et\/wp-json\/wp\/v2\/product"}],"about":[{"href":"https:\/\/zooprekes24.lt\/et\/wp-json\/wp\/v2\/types\/product"}],"replies":[{"embeddable":true,"href":"https:\/\/zooprekes24.lt\/et\/wp-json\/wp\/v2\/comments?post=21863"}],"wp:featuredmedia":[{"embeddable":true,"href":"https:\/\/zooprekes24.lt\/et\/wp-json\/wp\/v2\/media\/26141"}],"wp:attachment":[{"href":"https:\/\/zooprekes24.lt\/et\/wp-json\/wp\/v2\/media?parent=21863"}],"wp:term":[{"taxonomy":"product_brand","embeddable":true,"href":"https:\/\/zooprekes24.lt\/et\/wp-json\/wp\/v2\/product_brand?post=21863"},{"taxonomy":"product_cat","embeddable":true,"href":"https:\/\/zooprekes24.lt\/et\/wp-json\/wp\/v2\/product_cat?post=21863"},{"taxonomy":"product_tag","embeddable":true,"href":"https:\/\/zooprekes24.lt\/et\/wp-json\/wp\/v2\/product_tag?post=21863"}],"curies":[{"name":"wp","href":"https:\/\/api.w.org\/{rel}","templated":true}]}}