{"id":21862,"date":"2024-04-18T21:17:36","date_gmt":"2024-04-18T18:17:36","guid":{"rendered":"https:\/\/zooprekes24.lt\/produktas\/royal-canin-maxi-adult-5\/"},"modified":"2026-02-27T12:10:21","modified_gmt":"2026-02-27T10:10:21","slug":"royal-canin-maxi-adult-5","status":"publish","type":"product","link":"https:\/\/zooprekes24.lt\/et\/produktas\/royal-canin-maxi-adult-5\/","title":{"rendered":"Royal Canin Maxi Adult 5+ kuivtoit koertele 15 kg"},"content":{"rendered":"<h3>Royal Canin Maxi Adult 5+ <a href=\"https:\/\/www.royalcanin.com\/lt\/tailored-nutrition\" target=\"_blank\" rel=\"noopener\">spetsiaalselt tasakaalustatud<\/a> Kuivtoit vanematele, suurtele t\u00f5ugudele (26-44 kg) alates 5. eluaastast. Toidu ainulaadne koostis ennetab vananemist, hoiab suurte koerte liigesed terved, tagab suurep\u00e4rase seedimistegevuse ja hoiab lemmiklooma eluj\u00f5ulisena.<\/h3>\n<ul>\n<li>Sisaldab <a href=\"https:\/\/www.youtube.com\/watch?v=zUtWMpV4q4c\" target=\"_blank\" rel=\"noopener\">eksklusiivne antioks\u00fcdantide kombinatsioon<\/a> aitab toetada teie lemmiklooma tervislikku vananemist.<\/li>\n<li>Toit sisaldab kiudaineid, mis parandab soole k\u00e4\u00e4rimist ja s\u00e4ilitab hea soolestiku mikrofloora.<\/li>\n<li>Eriline <a href=\"https:\/\/zooprekes24.lt\/et\/kategorija\/prekes-sunims\/koeratoodete-tootjad\/royal-canin-sunims\/\" target=\"_blank\" rel=\"noopener\">Royal Canin<\/a> Maxi Adult 5+ toidu koostis hooldab teie koera karvkatte ilu ja tugevdab loomulikke kaitseprotsesse.<\/li>\n<li>Koostises olevad mineraalid toetavad v\u00e4ga aktiivsete koerte liigeste optimaalset seisundit suure koormuse all.<\/li>\n<\/ul>\n<p><img loading=\"lazy\" decoding=\"async\" class=\"alignnone wp-image-17643\" src=\"https:\/\/zooprekes24.lt\/wp-content\/uploads\/bd3h-hub-german-shepherd-adult-black-and-white.jpg\" alt=\"\" width=\"401\" height=\"301\" srcset=\"https:\/\/zooprekes24.lt\/wp-content\/uploads\/bd3h-hub-german-shepherd-adult-black-and-white.jpg 1440w, https:\/\/zooprekes24.lt\/wp-content\/uploads\/bd3h-hub-german-shepherd-adult-black-and-white-300x225.jpg 300w, https:\/\/zooprekes24.lt\/wp-content\/uploads\/bd3h-hub-german-shepherd-adult-black-and-white-1024x768.jpg 1024w, https:\/\/zooprekes24.lt\/wp-content\/uploads\/bd3h-hub-german-shepherd-adult-black-and-white-600x450.jpg 600w\" sizes=\"auto, (max-width: 401px) 100vw, 401px\" \/><\/p>","protected":false},"excerpt":{"rendered":"<p>Royal Canin Maxi Adult 5+ specialiai subalansuotas vyresnio am\u017eiaus, didelio dyd\u017eio veisli\u0173\u00a0 (nuo 26-44 kg) \u0161un\u0173 sausas maistas nuo 5 met\u0173 am\u017eiaus. Unikali maisto sud\u0117tis stabdo sen\u0117jimo procesus, i\u0161laiko sveikus dideli\u0173 \u0161un\u0173 s\u0105narius, u\u017etikrina puiki\u0105 vir\u0161kinimo veikl\u0105 bei palaiko augintinio gyvybingum\u0105. Sud\u0117tyje esantis i\u0161skirtinis antioksidant\u0173 derinys padeda\u00a0palaikyti sveik\u0105 augintinio sen\u0117jim\u0105. Maisto sud\u0117tyje yra skaidul\u0173, kurios&#8230;<\/p>","protected":false},"featured_media":26140,"comment_status":"closed","ping_status":"closed","template":"","meta":{"_acf_changed":false,"slim_seo":{"title":"Royal Canin Maxi Adult 5+ sausas maistas \u0161unims 15 kg - Zooprekes24","description":"Royal Canin Maxi Adult 5+ specialiai subalansuotas vyresnio am\u017eiaus, didelio dyd\u017eio veisli\u0173\u00a0 (nuo 26-44 kg) \u0161un\u0173 sausas maistas nuo 5 met\u0173 am\u017eiaus. Unikali mais"},"iawp_total_views":191},"product_brand":[],"product_cat":[9012,9002,8999,29,31],"product_tag":[176,177,762,770,200],"class_list":{"0":"post-21862","1":"product","2":"type-product","3":"status-publish","4":"has-post-thumbnail","6":"product_cat-royal-canin","7":"product_cat-sausas-maistas","8":"product_cat-sunims","9":"product_cat-sunu-maistas","10":"product_cat-sunu-prekiu-gamintojai","11":"product_tag-begrudis-sunu-maistas","12":"product_tag-edalas-sunims","13":"product_tag-royal-canin-aviganiui","14":"product_tag-royal-canin-vokieciu-aviganiui","15":"product_tag-super-premium-maistas-sunims","16":"pa_pasaro-sudetis-ryziai","17":"pa_pasaro-sudetis-vistiena","18":"pa_prekiu-zenklai-royal-canin","19":"pa_suns-amzius-senjorams","20":"pa_suns-amzius-suaugusiems","21":"pa_veisles-dydis-didelems-veislems","23":"first","24":"instock","25":"sale","26":"taxable","27":"shipping-taxable","28":"purchasable","29":"product-type-simple"},"acf":[],"_links":{"self":[{"href":"https:\/\/zooprekes24.lt\/et\/wp-json\/wp\/v2\/product\/21862","targetHints":{"allow":["GET"]}}],"collection":[{"href":"https:\/\/zooprekes24.lt\/et\/wp-json\/wp\/v2\/product"}],"about":[{"href":"https:\/\/zooprekes24.lt\/et\/wp-json\/wp\/v2\/types\/product"}],"replies":[{"embeddable":true,"href":"https:\/\/zooprekes24.lt\/et\/wp-json\/wp\/v2\/comments?post=21862"}],"wp:featuredmedia":[{"embeddable":true,"href":"https:\/\/zooprekes24.lt\/et\/wp-json\/wp\/v2\/media\/26140"}],"wp:attachment":[{"href":"https:\/\/zooprekes24.lt\/et\/wp-json\/wp\/v2\/media?parent=21862"}],"wp:term":[{"taxonomy":"product_brand","embeddable":true,"href":"https:\/\/zooprekes24.lt\/et\/wp-json\/wp\/v2\/product_brand?post=21862"},{"taxonomy":"product_cat","embeddable":true,"href":"https:\/\/zooprekes24.lt\/et\/wp-json\/wp\/v2\/product_cat?post=21862"},{"taxonomy":"product_tag","embeddable":true,"href":"https:\/\/zooprekes24.lt\/et\/wp-json\/wp\/v2\/product_tag?post=21862"}],"curies":[{"name":"wp","href":"https:\/\/api.w.org\/{rel}","templated":true}]}}