{"id":21861,"date":"2024-04-18T21:17:36","date_gmt":"2024-04-18T18:17:36","guid":{"rendered":"https:\/\/zooprekes24.lt\/produktas\/royal-canin-maxi-starter\/"},"modified":"2025-07-14T15:43:31","modified_gmt":"2025-07-14T13:43:31","slug":"royal-canin-maxi-starter","status":"publish","type":"product","link":"https:\/\/zooprekes24.lt\/et\/produktas\/royal-canin-maxi-starter\/","title":{"rendered":"Royal Canin Maxi Starter kuivtoit koertele 15 kg"},"content":{"rendered":"<h3>Royal Canin Maxi Starter -\u00a0<a href=\"https:\/\/www.youtube.com\/watch?v=zUtWMpV4q4c\" target=\"_blank\" rel=\"noopener\">ainulaadne toit<\/a>et rahuldada emasloomade ja nende kutsikate toitumisvajadusi eluts\u00fckli esimese viie etapi - tiinuse, poegimise, imetamise, v\u00f5\u00f5rutamise ja kasvuperioodi - jooksul. Sobib suurtele tiinetele ja imetavatele emastele (26 kuni 44 kg) ning 4 kuni 8 n\u00e4dala vanustele kutsikatele.<\/h3>\n<ul>\n<li>Royal Canin Maxi Starter sisaldab rinnapiimas leiduvate toitainete spetsiaalset kombinatsiooni, mida on t\u00e4iendatud spetsiaalsete toitainetega.<a href=\"https:\/\/zooprekes24.lt\/et\/?s=puppy&amp;post_type=product\" target=\"_blank\" rel=\"noopener\"> tagab kutsikatele optimaalse seedetrakti toimimise.<\/a> ja tugevdab keha loomulikku kaitset.<\/li>\n<li><a href=\"https:\/\/www.youtube.com\/watch?v=FYwO1fiYoa8&amp;t=1s\" target=\"_blank\" rel=\"noopener\">Ainulaadne toidu koostis<\/a> kohandatud emasloomade k\u00f5rgele energiavajadusele tiinuse ja imetamise ajal.<\/li>\n<li>Toidu k\u00f5rge energiasisaldus, kvaliteetne valk ja rasv aitavad kutsikatel \u00fcleminekul rinnapiimalt tahkele toidule.<\/li>\n<li>Graanulide eriline tekstuur on niisutav ja pehmendatav pudru konsistentsile.<\/li>\n<\/ul>\n<p><img loading=\"lazy\" decoding=\"async\" class=\"alignnone wp-image-18096\" src=\"https:\/\/zooprekes24.lt\/wp-content\/uploads\/maxi.png\" alt=\"Royal Canin Maxi Starter\" width=\"350\" height=\"232\" srcset=\"https:\/\/zooprekes24.lt\/wp-content\/uploads\/maxi.png 963w, https:\/\/zooprekes24.lt\/wp-content\/uploads\/maxi-300x199.png 300w, https:\/\/zooprekes24.lt\/wp-content\/uploads\/maxi-600x398.png 600w\" sizes=\"auto, (max-width: 350px) 100vw, 350px\" \/><\/p>","protected":false},"excerpt":{"rendered":"<p>Royal Canin Maxi Starter &#8211;\u00a0unikalus maistas, patenkinantis kal\u0117s ir jos \u0161uniuk\u0173 pirm\u0173j\u0173 penki\u0173 gyvenimo ciklo pakop\u0173 &#8211; n\u0117\u0161tumo, gimdymo, laktacijos, nujunkymo ir augimo laikotarpio mitybos poreikius. Pritaikytas didelio dyd\u017eio veisli\u0173 n\u0117\u0161\u010dioms ir \u017eindan\u010dioms kal\u0117ms (nuo 26 iki 44 kg) bei \u0161uniukams nuo 4 iki 8 savai\u010di\u0173 am\u017eiaus. Royal Canin Maxi Starter maisto sud\u0117tyje esantis ypatingas&#8230;<\/p>","protected":false},"featured_media":18097,"comment_status":"closed","ping_status":"closed","template":"","meta":{"_acf_changed":false,"slim_seo":{"title":"Royal Canin Maxi Starter sausas maistas \u0161unims 15 kg - Zooprekes24","description":"Royal Canin Maxi Starter on ainulaadne toit, mis vastab emase ja tema kutsikate vajadustele eluts\u00fckli viies esimeses etapis - tiinus, s\u00fcnnitus, imetamine, v\u00f5\u00f5rutamine ja poegimine."},"iawp_total_views":163},"product_brand":[],"product_cat":[9012,9002,8999,29,31],"product_tag":[177,200],"class_list":{"0":"post-21861","1":"product","2":"type-product","3":"status-publish","4":"has-post-thumbnail","6":"product_cat-royal-canin","7":"product_cat-sausas-maistas","8":"product_cat-sunims","9":"product_cat-sunu-maistas","10":"product_cat-sunu-prekiu-gamintojai","11":"product_tag-edalas-sunims","12":"product_tag-super-premium-maistas-sunims","13":"pa_pasaro-sudetis-ryziai","14":"pa_pasaro-sudetis-vistiena","15":"pa_prekiu-zenklai-royal-canin","16":"pa_suns-amzius-jauniems","17":"pa_suns-amzius-suaugusiems","18":"pa_veisles-dydis-didelems-veislems","20":"first","21":"instock","22":"taxable","23":"shipping-taxable","24":"purchasable","25":"product-type-simple"},"acf":[],"_links":{"self":[{"href":"https:\/\/zooprekes24.lt\/et\/wp-json\/wp\/v2\/product\/21861","targetHints":{"allow":["GET"]}}],"collection":[{"href":"https:\/\/zooprekes24.lt\/et\/wp-json\/wp\/v2\/product"}],"about":[{"href":"https:\/\/zooprekes24.lt\/et\/wp-json\/wp\/v2\/types\/product"}],"replies":[{"embeddable":true,"href":"https:\/\/zooprekes24.lt\/et\/wp-json\/wp\/v2\/comments?post=21861"}],"wp:featuredmedia":[{"embeddable":true,"href":"https:\/\/zooprekes24.lt\/et\/wp-json\/wp\/v2\/media\/18097"}],"wp:attachment":[{"href":"https:\/\/zooprekes24.lt\/et\/wp-json\/wp\/v2\/media?parent=21861"}],"wp:term":[{"taxonomy":"product_brand","embeddable":true,"href":"https:\/\/zooprekes24.lt\/et\/wp-json\/wp\/v2\/product_brand?post=21861"},{"taxonomy":"product_cat","embeddable":true,"href":"https:\/\/zooprekes24.lt\/et\/wp-json\/wp\/v2\/product_cat?post=21861"},{"taxonomy":"product_tag","embeddable":true,"href":"https:\/\/zooprekes24.lt\/et\/wp-json\/wp\/v2\/product_tag?post=21861"}],"curies":[{"name":"wp","href":"https:\/\/api.w.org\/{rel}","templated":true}]}}