{"id":21860,"date":"2024-04-18T21:17:36","date_gmt":"2024-04-18T18:17:36","guid":{"rendered":"https:\/\/zooprekes24.lt\/produktas\/royal-canin-medium-starter\/"},"modified":"2025-07-14T15:59:23","modified_gmt":"2025-07-14T13:59:23","slug":"royal-canin-medium-starter","status":"publish","type":"product","link":"https:\/\/zooprekes24.lt\/et\/produktas\/royal-canin-medium-starter\/","title":{"rendered":"Royal Canin Medium Starter kuivtoit koertele 4 kg"},"content":{"rendered":"<h3>Royal Canin Medium Starter &#8211; <a href=\"https:\/\/youtu.be\/d6Kt24xVeOs\" target=\"_blank\" rel=\"noopener\">ainulaadne toit<\/a>, patenkinantis kal\u0117s ir jos \u0161uniuk\u0173 pirm\u0173j\u0173 penki\u0173 gyvenimo ciklo pakop\u0173 &#8211; n\u0117\u0161tumo, gimdymo, laktacijos, nujunkymo ir augimo laikotarpio mitybos poreikius. Pritaikytas\u00a0vidutinio dyd\u017eio veisli\u0173 n\u0117\u0161\u010dioms ir \u017eindan\u010dioms kal\u0117ms (nuo 11 iki 25 kg) bei \u0161uniukams nuo 4 iki 8 savai\u010di\u0173 am\u017eiaus.<\/h3>\n<ul>\n<li>Royal Canin Medium Starter sisaldab rinnapiimas leiduvate toitainete spetsiaalset kombinatsiooni, mida on t\u00e4iendatud spetsiaalsete toitainetega.<a href=\"https:\/\/zooprekes24.lt\/et\/?s=puppy&amp;post_type=product\" target=\"_blank\" rel=\"noopener\"> tagab kutsikatele optimaalse seedetrakti toimimise.<\/a> ja tugevdab keha loomulikku kaitset.<\/li>\n<li><a href=\"https:\/\/www.youtube.com\/watch?v=FYwO1fiYoa8&amp;t=1s\" target=\"_blank\" rel=\"noopener\">Ainulaadne toidu koostis<\/a> kohandatud emasloomade k\u00f5rgele energiavajadusele tiinuse ja imetamise ajal.<\/li>\n<li>Toidu k\u00f5rge energiasisaldus, kvaliteetne valk ja rasv aitavad kutsikatel \u00fcleminekul rinnapiimalt tahkele toidule.<\/li>\n<li>Graanulide eriline tekstuur on niisutav ja pehmendatav pudru konsistentsile.<\/li>\n<\/ul>\n<p><img loading=\"lazy\" decoding=\"async\" class=\"alignnone wp-image-18085\" src=\"https:\/\/zooprekes24.lt\/wp-content\/uploads\/medium-starter.png\" alt=\"Royal Canin Medium Starter 4 kg\" width=\"299\" height=\"301\" srcset=\"https:\/\/zooprekes24.lt\/wp-content\/uploads\/medium-starter.png 782w, https:\/\/zooprekes24.lt\/wp-content\/uploads\/medium-starter-297x300.png 297w, https:\/\/zooprekes24.lt\/wp-content\/uploads\/medium-starter-150x150.png 150w, https:\/\/zooprekes24.lt\/wp-content\/uploads\/medium-starter-600x605.png 600w, https:\/\/zooprekes24.lt\/wp-content\/uploads\/medium-starter-50x50.png 50w, https:\/\/zooprekes24.lt\/wp-content\/uploads\/medium-starter-100x100.png 100w, https:\/\/zooprekes24.lt\/wp-content\/uploads\/medium-starter-595x600.png 595w\" sizes=\"auto, (max-width: 299px) 100vw, 299px\" \/><\/p>","protected":false},"excerpt":{"rendered":"<p>Royal Canin Medium Starter &#8211; unikalus maistas, patenkinantis kal\u0117s ir jos \u0161uniuk\u0173 pirm\u0173j\u0173 penki\u0173 gyvenimo ciklo pakop\u0173 &#8211; n\u0117\u0161tumo, gimdymo, laktacijos, nujunkymo ir augimo laikotarpio mitybos poreikius. Pritaikytas\u00a0vidutinio dyd\u017eio veisli\u0173 n\u0117\u0161\u010dioms ir \u017eindan\u010dioms kal\u0117ms (nuo 11 iki 25 kg) bei \u0161uniukams nuo 4 iki 8 savai\u010di\u0173 am\u017eiaus. Royal Canin Medium Starter maisto sud\u0117tyje esantis ypatingas&#8230;<\/p>","protected":false},"featured_media":18086,"comment_status":"closed","ping_status":"closed","template":"","meta":{"_acf_changed":false,"slim_seo":{"title":"Royal Canin Medium Starter sausas maistas \u0161unims 4 kg - Zooprekes24","description":"Royal Canin Medium Starter - unikalus maistas , patenkinantis kal\u0117s ir jos \u0161uniuk\u0173 pirm\u0173j\u0173 penki\u0173 gyvenimo ciklo pakop\u0173 - n\u0117\u0161tumo, gimdymo, laktacijos, nujunkym"},"iawp_total_views":241},"product_brand":[],"product_cat":[9012,9002,8999,29,31],"product_tag":[177,200],"class_list":{"0":"post-21860","1":"product","2":"type-product","3":"status-publish","4":"has-post-thumbnail","6":"product_cat-royal-canin","7":"product_cat-sausas-maistas","8":"product_cat-sunims","9":"product_cat-sunu-maistas","10":"product_cat-sunu-prekiu-gamintojai","11":"product_tag-edalas-sunims","12":"product_tag-super-premium-maistas-sunims","13":"pa_pasaro-sudetis-ryziai","14":"pa_pasaro-sudetis-vistiena","15":"pa_prekiu-zenklai-royal-canin","16":"pa_suns-amzius-jauniems","17":"pa_suns-amzius-suaugusiems","18":"pa_veisles-dydis-vidutinems-veislems","20":"first","21":"instock","22":"taxable","23":"shipping-taxable","24":"purchasable","25":"product-type-simple"},"acf":[],"_links":{"self":[{"href":"https:\/\/zooprekes24.lt\/et\/wp-json\/wp\/v2\/product\/21860","targetHints":{"allow":["GET"]}}],"collection":[{"href":"https:\/\/zooprekes24.lt\/et\/wp-json\/wp\/v2\/product"}],"about":[{"href":"https:\/\/zooprekes24.lt\/et\/wp-json\/wp\/v2\/types\/product"}],"replies":[{"embeddable":true,"href":"https:\/\/zooprekes24.lt\/et\/wp-json\/wp\/v2\/comments?post=21860"}],"wp:featuredmedia":[{"embeddable":true,"href":"https:\/\/zooprekes24.lt\/et\/wp-json\/wp\/v2\/media\/18086"}],"wp:attachment":[{"href":"https:\/\/zooprekes24.lt\/et\/wp-json\/wp\/v2\/media?parent=21860"}],"wp:term":[{"taxonomy":"product_brand","embeddable":true,"href":"https:\/\/zooprekes24.lt\/et\/wp-json\/wp\/v2\/product_brand?post=21860"},{"taxonomy":"product_cat","embeddable":true,"href":"https:\/\/zooprekes24.lt\/et\/wp-json\/wp\/v2\/product_cat?post=21860"},{"taxonomy":"product_tag","embeddable":true,"href":"https:\/\/zooprekes24.lt\/et\/wp-json\/wp\/v2\/product_tag?post=21860"}],"curies":[{"name":"wp","href":"https:\/\/api.w.org\/{rel}","templated":true}]}}