{"id":21859,"date":"2024-04-18T21:17:36","date_gmt":"2024-04-18T18:17:36","guid":{"rendered":"https:\/\/zooprekes24.lt\/produktas\/royal-canin-mini-ageing-12\/"},"modified":"2025-07-14T16:00:02","modified_gmt":"2025-07-14T14:00:02","slug":"royal-canin-mini-ageing-12","status":"publish","type":"product","link":"https:\/\/zooprekes24.lt\/et\/produktas\/royal-canin-mini-ageing-12\/","title":{"rendered":"Royal Canin Mini Ageing 12+ kuivtoit koertele 1,5 kg"},"content":{"rendered":"<h3>Royal Canin Mini Ageing 12+ <a href=\"https:\/\/www.royalcanin.com\/lt\/tailored-nutrition\" target=\"_blank\" rel=\"noopener\">spetsiaalselt tasakaalustatud<\/a> Kuivtoit vanematele, v\u00e4ikestele t\u00f5ugudele (kuni 10 kg) alates 12. eluaastast. Kui teie koer j\u00f5uab sellesse imelisse ja auv\u00e4\u00e4rsesse vanusesse, on \u00e4\u00e4rmiselt oluline pakkuda toitu, mis sisaldab k\u00f5iki olulisi toitaineid, mis tagavad mitte ainult suurep\u00e4rase tervise, vaid ka hea enesetunde.<\/h3>\n<ul>\n<li>Royal Canin Mini Ageing 12+ on spetsiaalne koostis, millel on suurendatud ja kohandatud fosforisisaldus, et aidata s\u00e4ilitada eakate neerufunktsiooni tervislikku seisundit.<\/li>\n<li>Patenteeritud antioks\u00fcdantide kompleks koos prebiootikumidega, <a href=\"https:\/\/zooprekes24.lt\/et\/?s=adult+small+breed&amp;post_type=product\" target=\"_blank\" rel=\"noopener\">tugevdab koera loomulikku kaitsev\u00f5imet. <\/a>ja v\u00f5itleb vananemisilmingute vastu, et s\u00e4ilitada koera eluj\u00f5udu ja head tervist.<\/li>\n<li>Oma erilise kuju ja tekstuuriga pelletid ei ole mitte ainult maitsvad, vaid ka kergesti hammustatavad ja sobivad v\u00e4ikestele l\u00f5uadele.<\/li>\n<li><a href=\"https:\/\/www.youtube.com\/watch?v=FYwO1fiYoa8&amp;t=1s\" target=\"_blank\" rel=\"noopener\">Eritoidu koostis<\/a> Niisutab teie koera karvkatte, annab sellele s\u00e4ra ja tugevdab naha loomulikke kaitseprotsesse.<\/li>\n<\/ul>\n<p><img loading=\"lazy\" decoding=\"async\" class=\"alignnone wp-image-18082\" src=\"https:\/\/zooprekes24.lt\/wp-content\/uploads\/adult-ageing.png\" alt=\"\" width=\"341\" height=\"260\" srcset=\"https:\/\/zooprekes24.lt\/wp-content\/uploads\/adult-ageing.png 1389w, https:\/\/zooprekes24.lt\/wp-content\/uploads\/adult-ageing-300x229.png 300w, https:\/\/zooprekes24.lt\/wp-content\/uploads\/adult-ageing-1024x783.png 1024w, https:\/\/zooprekes24.lt\/wp-content\/uploads\/adult-ageing-600x459.png 600w\" sizes=\"auto, (max-width: 341px) 100vw, 341px\" \/><\/p>","protected":false},"excerpt":{"rendered":"<p>Royal Canin Mini Ageing 12+ specialiai subalansuotas vyresnio am\u017eiaus, ma\u017e\u0173 veisli\u0173 (iki 10 kg) \u0161un\u0173 sausas maistas nuo 12 met\u0173. Kai J\u016bs\u0173 \u0161uo pasiekia \u0161\u012f nuostab\u0173 ir garbing\u0105 am\u017ei\u0173, nepaprastai svarbu pateikti maist\u0105, kuriame b\u016bt\u0173 visos b\u016btinusios maistin\u0117s med\u017eiagos, kurios u\u017etikrins ne tik puiki\u0105 senjoro sveikatos b\u016bkl\u0119 bet ir ger\u0105 savijaut\u0105. Royal Canin Mini Ageing&#8230;<\/p>","protected":false},"featured_media":28317,"comment_status":"closed","ping_status":"closed","template":"","meta":{"_acf_changed":false,"slim_seo":{"title":"Royal Canin Mini Ageing 12+ sausas maistas \u0161unims 1.5 kg - Zooprekes24","description":"Royal Canin Mini Ageing 12+ specialiai subalansuotas vyresnio am\u017eiaus, ma\u017e\u0173 veisli\u0173 (iki 10 kg) \u0161un\u0173 sausas maistas nuo 12 met\u0173. Kai J\u016bs\u0173 \u0161uo pasiekia \u0161\u012f nuosta"},"iawp_total_views":174},"product_brand":[],"product_cat":[9012,9002,8999,29,31],"product_tag":[176,177,200],"class_list":{"0":"post-21859","1":"product","2":"type-product","3":"status-publish","4":"has-post-thumbnail","6":"product_cat-royal-canin","7":"product_cat-sausas-maistas","8":"product_cat-sunims","9":"product_cat-sunu-maistas","10":"product_cat-sunu-prekiu-gamintojai","11":"product_tag-begrudis-sunu-maistas","12":"product_tag-edalas-sunims","13":"product_tag-super-premium-maistas-sunims","14":"pa_pasaro-sudetis-ryziai","15":"pa_pasaro-sudetis-vistiena","16":"pa_prekiu-zenklai-royal-canin","17":"pa_suns-amzius-senjorams","18":"pa_veisles-dydis-mazoms-veislems","20":"first","21":"instock","22":"taxable","23":"shipping-taxable","24":"purchasable","25":"product-type-simple"},"acf":[],"_links":{"self":[{"href":"https:\/\/zooprekes24.lt\/et\/wp-json\/wp\/v2\/product\/21859","targetHints":{"allow":["GET"]}}],"collection":[{"href":"https:\/\/zooprekes24.lt\/et\/wp-json\/wp\/v2\/product"}],"about":[{"href":"https:\/\/zooprekes24.lt\/et\/wp-json\/wp\/v2\/types\/product"}],"replies":[{"embeddable":true,"href":"https:\/\/zooprekes24.lt\/et\/wp-json\/wp\/v2\/comments?post=21859"}],"wp:featuredmedia":[{"embeddable":true,"href":"https:\/\/zooprekes24.lt\/et\/wp-json\/wp\/v2\/media\/28317"}],"wp:attachment":[{"href":"https:\/\/zooprekes24.lt\/et\/wp-json\/wp\/v2\/media?parent=21859"}],"wp:term":[{"taxonomy":"product_brand","embeddable":true,"href":"https:\/\/zooprekes24.lt\/et\/wp-json\/wp\/v2\/product_brand?post=21859"},{"taxonomy":"product_cat","embeddable":true,"href":"https:\/\/zooprekes24.lt\/et\/wp-json\/wp\/v2\/product_cat?post=21859"},{"taxonomy":"product_tag","embeddable":true,"href":"https:\/\/zooprekes24.lt\/et\/wp-json\/wp\/v2\/product_tag?post=21859"}],"curies":[{"name":"wp","href":"https:\/\/api.w.org\/{rel}","templated":true}]}}