{"id":21858,"date":"2024-04-18T21:17:36","date_gmt":"2024-04-18T18:17:36","guid":{"rendered":"https:\/\/zooprekes24.lt\/produktas\/royal-canin-x-small-adult-8\/"},"modified":"2026-02-27T11:57:55","modified_gmt":"2026-02-27T09:57:55","slug":"royal-canin-x-small-taiskasvanud-8","status":"publish","type":"product","link":"https:\/\/zooprekes24.lt\/et\/produktas\/royal-canin-x-small-adult-8\/","title":{"rendered":"Royal Canin X Small Adult 8+ koerte kuivtoit 1,5 kg"},"content":{"rendered":"<h3>Royal Canin X Small Adult 8+ <a href=\"https:\/\/www.royalcanin.com\/lt\/tailored-nutrition\" target=\"_blank\" rel=\"noopener\">spetsiaalselt tasakaalustatud<\/a> Kuivtoit t\u00e4iskasvanud v\u00e4ga v\u00e4ikeste t\u00f5ugude koertele (kuni 4 kg) alates 8. eluaastast. Ainulaadne koostis aitab v\u00f5idelda esimeste vananemism\u00e4rkide vastu teie lemmikloomal.<\/h3>\n<ul>\n<li>Royal Canin X Small Adult 8+ sisaldab patenteeritud antioks\u00fcdantide kompleksi koos prebiootikumidega, <a href=\"https:\/\/zooprekes24.lt\/et\/?s=adult+small+breed&amp;post_type=product\" target=\"_blank\" rel=\"noopener\">tugevdab koera loomulikku kaitsev\u00f5imet. <\/a>ja v\u00f5itleb esimeste vananemism\u00e4rkide vastu, et s\u00e4ilitada koera eluj\u00f5udu ja suurep\u00e4rast tervist.<\/li>\n<li>Oma erilise kuju ja tekstuuriga pelletid ei ole mitte ainult maitsvad, vaid ka kergesti hammustatavad ja sobivad v\u00e4ikestele l\u00f5uadele.<\/li>\n<li><a href=\"https:\/\/www.youtube.com\/watch?v=FYwO1fiYoa8&amp;t=1s\" target=\"_blank\" rel=\"noopener\">Eritoidu koostis<\/a> s\u00e4ilitab koera karvkatte ilu ja tugevdab naha loomulikke kaitseprotsesse.<\/li>\n<li>Toidus olev naatriumpol\u00fcfosfaat aitab v\u00e4ltida kaltsiumplaadi moodustumist hammastele. Samuti puhastavad graanulid t\u00e4nu toidu ainulaadsele kujule n\u00e4rimisel mehaaniliselt hambaid ja v\u00e4hendavad hambakivi.<\/li>\n<\/ul>\n<p><img loading=\"lazy\" decoding=\"async\" class=\"alignnone wp-image-18074\" src=\"https:\/\/zooprekes24.lt\/wp-content\/uploads\/papiljonas-senas.png\" alt=\"\" width=\"303\" height=\"270\" srcset=\"https:\/\/zooprekes24.lt\/wp-content\/uploads\/papiljonas-senas.png 1350w, https:\/\/zooprekes24.lt\/wp-content\/uploads\/papiljonas-senas-300x268.png 300w, https:\/\/zooprekes24.lt\/wp-content\/uploads\/papiljonas-senas-1024x915.png 1024w, https:\/\/zooprekes24.lt\/wp-content\/uploads\/papiljonas-senas-600x536.png 600w\" sizes=\"auto, (max-width: 303px) 100vw, 303px\" \/><\/p>","protected":false},"excerpt":{"rendered":"<p>Royal Canin X Small Adult 8+ specialiai subalansuotas suaugusi\u0173, labai ma\u017e\u0173 veisli\u0173 (iki 4 kg) \u0161un\u0173 sausas maistas nuo 8 met\u0173 am\u017eiaus. Unikali maisto formul\u0117 padeda kovoti su pirmaisiais augintinio sen\u0117jimo po\u017eymiais. Royal Canin X Small Adult 8+ maisto sud\u0117tyje esantis patentuotas antioksidant\u0173 kompleksas, kartu su prebiotikais, stiprina nat\u016brali\u0105 \u0161uns organizmo apsaug\u0105 bei kovoja su&#8230;<\/p>","protected":false},"featured_media":28309,"comment_status":"closed","ping_status":"closed","template":"","meta":{"_acf_changed":false,"slim_seo":{"title":"Royal Canin X Small Adult 8+ sausas maistas \u0161unims 1.5 kg - Zooprekes24","description":"Royal Canin X Small Adult 8+ on spetsiaalselt tasakaalustatud kuivtoit v\u00e4ga v\u00e4ikeste t\u00f5ugude t\u00e4iskasvanud koertele (kuni 4 kg) alates 8. eluaastast. Ainulaadne toidu koostis"},"iawp_total_views":99},"product_brand":[],"product_cat":[9012,9002,8999,29,31],"product_tag":[176,177,200],"class_list":{"0":"post-21858","1":"product","2":"type-product","3":"status-publish","4":"has-post-thumbnail","6":"product_cat-royal-canin","7":"product_cat-sausas-maistas","8":"product_cat-sunims","9":"product_cat-sunu-maistas","10":"product_cat-sunu-prekiu-gamintojai","11":"product_tag-begrudis-sunu-maistas","12":"product_tag-edalas-sunims","13":"product_tag-super-premium-maistas-sunims","14":"pa_pasaro-sudetis-ryziai","15":"pa_pasaro-sudetis-vistiena","16":"pa_prekiu-zenklai-royal-canin","17":"pa_suns-amzius-senjorams","18":"pa_suns-amzius-suaugusiems","19":"pa_veisles-dydis-mazoms-veislems","21":"first","22":"instock","23":"sale","24":"taxable","25":"shipping-taxable","26":"purchasable","27":"product-type-simple"},"acf":[],"_links":{"self":[{"href":"https:\/\/zooprekes24.lt\/et\/wp-json\/wp\/v2\/product\/21858","targetHints":{"allow":["GET"]}}],"collection":[{"href":"https:\/\/zooprekes24.lt\/et\/wp-json\/wp\/v2\/product"}],"about":[{"href":"https:\/\/zooprekes24.lt\/et\/wp-json\/wp\/v2\/types\/product"}],"replies":[{"embeddable":true,"href":"https:\/\/zooprekes24.lt\/et\/wp-json\/wp\/v2\/comments?post=21858"}],"wp:featuredmedia":[{"embeddable":true,"href":"https:\/\/zooprekes24.lt\/et\/wp-json\/wp\/v2\/media\/28309"}],"wp:attachment":[{"href":"https:\/\/zooprekes24.lt\/et\/wp-json\/wp\/v2\/media?parent=21858"}],"wp:term":[{"taxonomy":"product_brand","embeddable":true,"href":"https:\/\/zooprekes24.lt\/et\/wp-json\/wp\/v2\/product_brand?post=21858"},{"taxonomy":"product_cat","embeddable":true,"href":"https:\/\/zooprekes24.lt\/et\/wp-json\/wp\/v2\/product_cat?post=21858"},{"taxonomy":"product_tag","embeddable":true,"href":"https:\/\/zooprekes24.lt\/et\/wp-json\/wp\/v2\/product_tag?post=21858"}],"curies":[{"name":"wp","href":"https:\/\/api.w.org\/{rel}","templated":true}]}}