{"id":21857,"date":"2024-04-18T21:17:36","date_gmt":"2024-04-18T18:17:36","guid":{"rendered":"https:\/\/zooprekes24.lt\/produktas\/royal-canin-miniature-schnauzer-adult\/"},"modified":"2026-02-27T11:50:52","modified_gmt":"2026-02-27T09:50:52","slug":"royal-canin-miniature-schnauzer-adult","status":"publish","type":"product","link":"https:\/\/zooprekes24.lt\/et\/produktas\/royal-canin-miniature-schnauzer-adult\/","title":{"rendered":"Royal Canin Miniature Schnauzer Adult kuivtoit koertele 7,5 kg"},"content":{"rendered":"<h3>Royal Canin Miniature Schnauzer Adult &#8211; subalansuotas sausas maistas suaugusiems \u0161nauceri\u0173 veisl\u0117s \u0161unims nuo 10 m\u0117nesi\u0173 am\u017eiaus. I\u0161ry\u0161kina nat\u016brali\u0105 augintinio kailio spalv\u0105, palaiko tinkam\u0105 svor\u012f, apsaugo nuo inkst\u0173 akmen\u0173 susidarymo bei stabdo dant\u0173 akmen\u0173 susidarym\u0105.<\/h3>\n<ul>\n<li>\u0160nauzeritel on kalduvus tungivate kivide tekkeks. Royal Canin Miniature Schnauzer Adult'i spetsiaalne toiduvalmistis stimuleerib uriini lahjendamist ja hapestumist. M\u00f5lemad tegurid on tervisliku uriinis\u00fcsteemi jaoks h\u00e4davajalikud. Julgustage oma koera rohkem vett jooma, et uriini lahjendada.<\/li>\n<li><a href=\"https:\/\/zooprekes24.lt\/et\/kategorija\/prekes-sunims\/koeratoodete-tootjad\/royal-canin-sunims\/\" target=\"_blank\" rel=\"noopener\">Royal Canin<\/a> Toit sisaldab piiratud koguses rasva ja L-karnitiini toidulisandeid, mis aitavad s\u00e4ilitada \u0161nauzeri ideaalkaalu.<\/li>\n<li><a href=\"https:\/\/www.youtube.com\/watch?v=FYwO1fiYoa8&amp;t=1s\" target=\"_blank\" rel=\"noopener\">Unikaalne ja kihiline toidupellet<\/a> kaltsiumikompleksidega, et pidurdada hambakivi moodustumist.<\/li>\n<li>Toidus sisalduvad spetsiifilised aminohapped toovad esile ja r\u00f5hutavad koera karvkatte loomulikku v\u00e4rvi.<\/li>\n<\/ul>\n<p><img loading=\"lazy\" decoding=\"async\" class=\"alignnone wp-image-18065\" src=\"https:\/\/zooprekes24.lt\/wp-content\/uploads\/miniature-schnauzer.png\" alt=\"rc-bhn-schnauzer-lentele\" width=\"300\" height=\"300\" srcset=\"https:\/\/zooprekes24.lt\/wp-content\/uploads\/miniature-schnauzer.png 487w, https:\/\/zooprekes24.lt\/wp-content\/uploads\/miniature-schnauzer-300x300.png 300w, https:\/\/zooprekes24.lt\/wp-content\/uploads\/miniature-schnauzer-150x150.png 150w, https:\/\/zooprekes24.lt\/wp-content\/uploads\/miniature-schnauzer-50x50.png 50w, https:\/\/zooprekes24.lt\/wp-content\/uploads\/miniature-schnauzer-100x100.png 100w\" sizes=\"auto, (max-width: 300px) 100vw, 300px\" \/><\/p>","protected":false},"excerpt":{"rendered":"<p>Royal Canin Miniature Schnauzer Adult &#8211; subalansuotas sausas maistas suaugusiems \u0161nauceri\u0173 veisl\u0117s \u0161unims nuo 10 m\u0117nesi\u0173 am\u017eiaus. I\u0161ry\u0161kina nat\u016brali\u0105 augintinio kailio spalv\u0105, palaiko tinkam\u0105 svor\u012f, apsaugo nuo inkst\u0173 akmen\u0173 susidarymo bei stabdo dant\u0173 akmen\u0173 susidarym\u0105. \u0160nauceriai turi polink\u012f \u012f inskt\u0173 akmen\u0173 susidarym\u0105. Royal Canin Miniature Schnauzer Adult speciali maisto formul\u0117 stimuliuoja \u0161lapimo praskiedim\u0105 ir r\u016bg\u0161t\u0117jim\u0105&#8230;.<\/p>","protected":false},"featured_media":18066,"comment_status":"closed","ping_status":"closed","template":"","meta":{"_acf_changed":false,"slim_seo":{"title":"Royal Canin Miniature Schnauzer Adult sausas maistas \u0161unims 7.5 kg - Zooprekes24","description":"Royal Canin Miniature Schnauzer Adult - subalansuotas sausas maistas suaugusiems \u0161nauceri\u0173 veisl\u0117s \u0161unims nuo 10 m\u0117nesi\u0173 am\u017eiaus. I\u0161ry\u0161kina nat\u016brali\u0105 augintinio"},"iawp_total_views":330},"product_brand":[],"product_cat":[9012,9002,8999,29,31],"product_tag":[177,4067,200],"class_list":{"0":"post-21857","1":"product","2":"type-product","3":"status-publish","4":"has-post-thumbnail","6":"product_cat-royal-canin","7":"product_cat-sausas-maistas","8":"product_cat-sunims","9":"product_cat-sunu-maistas","10":"product_cat-sunu-prekiu-gamintojai","11":"product_tag-edalas-sunims","12":"product_tag-royal-canin-snauceriams","13":"product_tag-super-premium-maistas-sunims","14":"pa_pasaro-sudetis-ryziai","15":"pa_pasaro-sudetis-vistiena","16":"pa_prekiu-zenklai-royal-canin","17":"pa_suns-amzius-suaugusiems","18":"pa_veisles-dydis-vidutinems-veislems","20":"first","21":"instock","22":"sale","23":"taxable","24":"shipping-taxable","25":"purchasable","26":"product-type-simple"},"acf":[],"_links":{"self":[{"href":"https:\/\/zooprekes24.lt\/et\/wp-json\/wp\/v2\/product\/21857","targetHints":{"allow":["GET"]}}],"collection":[{"href":"https:\/\/zooprekes24.lt\/et\/wp-json\/wp\/v2\/product"}],"about":[{"href":"https:\/\/zooprekes24.lt\/et\/wp-json\/wp\/v2\/types\/product"}],"replies":[{"embeddable":true,"href":"https:\/\/zooprekes24.lt\/et\/wp-json\/wp\/v2\/comments?post=21857"}],"wp:featuredmedia":[{"embeddable":true,"href":"https:\/\/zooprekes24.lt\/et\/wp-json\/wp\/v2\/media\/18066"}],"wp:attachment":[{"href":"https:\/\/zooprekes24.lt\/et\/wp-json\/wp\/v2\/media?parent=21857"}],"wp:term":[{"taxonomy":"product_brand","embeddable":true,"href":"https:\/\/zooprekes24.lt\/et\/wp-json\/wp\/v2\/product_brand?post=21857"},{"taxonomy":"product_cat","embeddable":true,"href":"https:\/\/zooprekes24.lt\/et\/wp-json\/wp\/v2\/product_cat?post=21857"},{"taxonomy":"product_tag","embeddable":true,"href":"https:\/\/zooprekes24.lt\/et\/wp-json\/wp\/v2\/product_tag?post=21857"}],"curies":[{"name":"wp","href":"https:\/\/api.w.org\/{rel}","templated":true}]}}