{"id":21856,"date":"2024-04-18T21:17:36","date_gmt":"2024-04-18T18:17:36","guid":{"rendered":"https:\/\/zooprekes24.lt\/produktas\/royal-canin-rottweiler-adult\/"},"modified":"2026-02-27T11:48:29","modified_gmt":"2026-02-27T09:48:29","slug":"royal-canin-rottweiler-adult","status":"publish","type":"product","link":"https:\/\/zooprekes24.lt\/et\/produktas\/royal-canin-rottweiler-adult\/","title":{"rendered":"Royal Canin Rottweiler Adult kuivtoit koertele 12 kg"},"content":{"rendered":"<h3>Royal Canin Rottweiler Adult &#8211; subalansuotas sausas maistas suaugusiems rotveileriams. Stiprina augintinio \u0161ird\u012f ir raumenis, palaiko sveikus s\u0105narius.<\/h3>\n<ul>\n<li>Kasulikud toitained eikosapentaeenhape (EPA) ja dokosaheksaeenhape (DHA) tugevdavad rottveileri s\u00fcdamefunktsiooni, tauriin parandab s\u00fcdame l\u00f6\u00f6gisagedust ja L-karnitiin annab rakkudele energiat.<\/li>\n<li><a href=\"https:\/\/www.youtube.com\/watch?v=FYwO1fiYoa8&amp;t=1s\" target=\"_blank\" rel=\"noopener\">Spetsiaalse kujuga graanulid<\/a> mis on kohandatud rottveilerite l\u00f5ugadele, julgustavad koeri n\u00e4rima.<\/li>\n<li>Royal Canin Rottweiler Adult on formuleeritud suurema valgu sisaldusega, et saavutada optimaalne lihasmass.<\/li>\n<li>Suurenenud kondroitiini ja gl\u00fckoosamiini sisaldus <a href=\"https:\/\/zooprekes24.lt\/et\/toode\/canvit-chondro-maxi-500g\/\" target=\"_blank\" rel=\"noopener\">aitab hoida teie lemmiklooma liikuvana ja kaitsta liigeseid.<\/a><\/li>\n<\/ul>\n<p><img loading=\"lazy\" decoding=\"async\" class=\"alignnone wp-image-18062\" src=\"https:\/\/zooprekes24.lt\/wp-content\/uploads\/rottweiler-adult.png\" alt=\"\" width=\"370\" height=\"277\" srcset=\"https:\/\/zooprekes24.lt\/wp-content\/uploads\/rottweiler-adult.png 720w, https:\/\/zooprekes24.lt\/wp-content\/uploads\/rottweiler-adult-300x225.png 300w, https:\/\/zooprekes24.lt\/wp-content\/uploads\/rottweiler-adult-600x450.png 600w\" sizes=\"auto, (max-width: 370px) 100vw, 370px\" \/><\/p>","protected":false},"excerpt":{"rendered":"<p>Royal Canin Rottweiler Adult &#8211; subalansuotas sausas maistas suaugusiems rotveileriams. Stiprina augintinio \u0161ird\u012f ir raumenis, palaiko sveikus s\u0105narius. Naudingos maistin\u0117s med\u017eiagos, eikozapentaeno (EPA) ir dokozaheksaeno (DHA) r\u016bg\u0161tys stiprina rotveilerio \u0161irdies funkcijas, taurinas gerina \u0161irdies susitraukim\u0173 da\u017en\u012f, L-karnitinas apr\u016bpina l\u0105steles energija. Specialios formos granul\u0117s pritaikytos rotveileri\u0173 \u017eandikauliams skatina \u0161un\u012f kramtyti. Royal Canin Rottweiler Adult maisto sud\u0117tis&#8230;<\/p>","protected":false},"featured_media":18063,"comment_status":"closed","ping_status":"closed","template":"","meta":{"_acf_changed":false,"slim_seo":{"title":"Royal Canin Rottweiler Adult sausas maistas \u0161unims 12 kg - Zooprekes24","description":"Royal Canin Rottweiler Adult - subalansuotas sausas maistas suaugusiems rotveileriams. Stiprina augintinio \u0161ird\u012f ir raumenis, palaiko sveikus s\u0105narius. Naudingo"},"iawp_total_views":117},"product_brand":[],"product_cat":[9012,9002,8999,29,31],"product_tag":[4057,4060,200],"class_list":{"0":"post-21856","1":"product","2":"type-product","3":"status-publish","4":"has-post-thumbnail","6":"product_cat-royal-canin","7":"product_cat-sausas-maistas","8":"product_cat-sunims","9":"product_cat-sunu-maistas","10":"product_cat-sunu-prekiu-gamintojai","11":"product_tag-maistas-rotveileriui","12":"product_tag-royal-canin-rotveileriams","13":"product_tag-super-premium-maistas-sunims","14":"pa_pasaro-sudetis-ryziai","15":"pa_pasaro-sudetis-vistiena","16":"pa_prekiu-zenklai-royal-canin","17":"pa_suns-amzius-suaugusiems","18":"pa_veisles-dydis-didelems-veislems","20":"first","21":"instock","22":"sale","23":"taxable","24":"shipping-taxable","25":"purchasable","26":"product-type-simple"},"acf":[],"_links":{"self":[{"href":"https:\/\/zooprekes24.lt\/et\/wp-json\/wp\/v2\/product\/21856","targetHints":{"allow":["GET"]}}],"collection":[{"href":"https:\/\/zooprekes24.lt\/et\/wp-json\/wp\/v2\/product"}],"about":[{"href":"https:\/\/zooprekes24.lt\/et\/wp-json\/wp\/v2\/types\/product"}],"replies":[{"embeddable":true,"href":"https:\/\/zooprekes24.lt\/et\/wp-json\/wp\/v2\/comments?post=21856"}],"wp:featuredmedia":[{"embeddable":true,"href":"https:\/\/zooprekes24.lt\/et\/wp-json\/wp\/v2\/media\/18063"}],"wp:attachment":[{"href":"https:\/\/zooprekes24.lt\/et\/wp-json\/wp\/v2\/media?parent=21856"}],"wp:term":[{"taxonomy":"product_brand","embeddable":true,"href":"https:\/\/zooprekes24.lt\/et\/wp-json\/wp\/v2\/product_brand?post=21856"},{"taxonomy":"product_cat","embeddable":true,"href":"https:\/\/zooprekes24.lt\/et\/wp-json\/wp\/v2\/product_cat?post=21856"},{"taxonomy":"product_tag","embeddable":true,"href":"https:\/\/zooprekes24.lt\/et\/wp-json\/wp\/v2\/product_tag?post=21856"}],"curies":[{"name":"wp","href":"https:\/\/api.w.org\/{rel}","templated":true}]}}