{"id":21854,"date":"2024-04-18T21:17:36","date_gmt":"2024-04-18T18:17:36","guid":{"rendered":"https:\/\/zooprekes24.lt\/produktas\/royal-canin-shih-tzu-adult\/"},"modified":"2026-02-27T11:51:57","modified_gmt":"2026-02-27T09:51:57","slug":"royal-canin-shih-tzu-taiskasvanud","status":"publish","type":"product","link":"https:\/\/zooprekes24.lt\/et\/produktas\/royal-canin-shih-tzu-adult\/","title":{"rendered":"Royal Canin Shih Tzu Adult kuivtoit koertele 1,5 kg"},"content":{"rendered":"<h3>Royal Canin Shih Tzu Adult - <a href=\"https:\/\/www.royalcanin.com\/lt\/tailored-nutrition\" target=\"_blank\" rel=\"noopener\">t\u00e4ie\u00f5iguslik<\/a> kuivtoit t\u00e4iskasvanud Shih Tzu koertele alates 10 kuu vanusest. Spetsiaalne toitainete kompleks aitab s\u00e4ilitada terve naha ja kauni karvkatte ning ennetab hambakivi teket.<\/h3>\n<ul>\n<li><a href=\"https:\/\/zooprekes24.lt\/et\/kategorija\/prekes-sunims\/koeratoodete-tootjad\/royal-canin-sunims\/\" target=\"_blank\" rel=\"noopener\">Royal Canin<\/a> Kaltsiumkompleksoonid ja spetsiaalsed graanulid p\u00e4rsivad hambakivi teket ja s\u00e4ilitavad optimaalse suuh\u00fcgieeni.<\/li>\n<li>Boorage\u00f5li, biotiini, A-vitamiini ja tsingi kombinatsioon suurendab teie lemmiklooma karvkatte loomulikku ilu, tagades \u00f5ige koguse niiskust.<\/li>\n<li>Royal Canin Shih Tzu Adult toit aitab v\u00e4hendada v\u00e4ljaheidete hulka ja nende ebameeldivat l\u00f5hna.<\/li>\n<li><a href=\"https:\/\/www.youtube.com\/watch?v=FYwO1fiYoa8&amp;t=1s\" target=\"_blank\" rel=\"noopener\">Toidu eriline kuju<\/a> h\u00f5lbustab pelletite haaramist ja julgustab lemmiklooma n\u00e4rima.<\/li>\n<\/ul>\n<p><img loading=\"lazy\" decoding=\"async\" class=\"alignnone wp-image-18053\" src=\"https:\/\/zooprekes24.lt\/wp-content\/uploads\/shih-tzu-adult.png\" alt=\"rc-bhn-shihtzu-serimas\" width=\"350\" height=\"263\" srcset=\"https:\/\/zooprekes24.lt\/wp-content\/uploads\/shih-tzu-adult.png 720w, https:\/\/zooprekes24.lt\/wp-content\/uploads\/shih-tzu-adult-300x225.png 300w, https:\/\/zooprekes24.lt\/wp-content\/uploads\/shih-tzu-adult-600x450.png 600w\" sizes=\"auto, (max-width: 350px) 100vw, 350px\" \/><\/p>","protected":false},"excerpt":{"rendered":"<p>Royal Canin Shih Tzu Adult &#8211; visavertis sausas \u0161un\u0173 maistas suaugusiems \u0160i Cu veisl\u0117s \u0161unims nuo 10 m\u0117nesi\u0173 am\u017eiaus. Specialus maistini\u0173 med\u017eiag\u0173 kompleksas padeda palaikyti sveik\u0105 od\u0105 ir gra\u017e\u0173 kail\u012f bei stabdo dant\u0173 akmen\u0173 formavim\u0105si. Royal Canin maisto sud\u0117tyje esantys kalcio kompleksonai ir specialios konsistencijos granul\u0117s stabdo dant\u0173 akmen\u0173 formavim\u0105si bei palaiko optimali\u0105 burnos higien\u0105&#8230;.<\/p>","protected":false},"featured_media":18054,"comment_status":"closed","ping_status":"closed","template":"","meta":{"_acf_changed":false,"slim_seo":{"title":"Royal Canin Shih Tzu Adult sausas maistas \u0161unims 1.5 kg - Zooprekes24","description":"Royal Canin Shih Tzu Adult on t\u00e4isv\u00e4\u00e4rtuslik kuivtoit t\u00e4iskasvanud Shih Tzu koertele alates 10 kuu vanusest. Spetsiaalne toitainete kompleks aitab"},"iawp_total_views":47},"product_brand":[],"product_cat":[9012,9002,8999,29,31],"product_tag":[176,177,4032,200],"class_list":{"0":"post-21854","1":"product","2":"type-product","3":"status-publish","4":"has-post-thumbnail","6":"product_cat-royal-canin","7":"product_cat-sausas-maistas","8":"product_cat-sunims","9":"product_cat-sunu-maistas","10":"product_cat-sunu-prekiu-gamintojai","11":"product_tag-begrudis-sunu-maistas","12":"product_tag-edalas-sunims","13":"product_tag-royal-canin-si-cu","14":"product_tag-super-premium-maistas-sunims","15":"pa_pasaro-sudetis-ryziai","16":"pa_pasaro-sudetis-vistiena","17":"pa_prekiu-zenklai-royal-canin","18":"pa_suns-amzius-suaugusiems","19":"pa_veisles-dydis-mazoms-veislems","21":"first","22":"instock","23":"sale","24":"taxable","25":"shipping-taxable","26":"purchasable","27":"product-type-simple"},"acf":[],"_links":{"self":[{"href":"https:\/\/zooprekes24.lt\/et\/wp-json\/wp\/v2\/product\/21854","targetHints":{"allow":["GET"]}}],"collection":[{"href":"https:\/\/zooprekes24.lt\/et\/wp-json\/wp\/v2\/product"}],"about":[{"href":"https:\/\/zooprekes24.lt\/et\/wp-json\/wp\/v2\/types\/product"}],"replies":[{"embeddable":true,"href":"https:\/\/zooprekes24.lt\/et\/wp-json\/wp\/v2\/comments?post=21854"}],"wp:featuredmedia":[{"embeddable":true,"href":"https:\/\/zooprekes24.lt\/et\/wp-json\/wp\/v2\/media\/18054"}],"wp:attachment":[{"href":"https:\/\/zooprekes24.lt\/et\/wp-json\/wp\/v2\/media?parent=21854"}],"wp:term":[{"taxonomy":"product_brand","embeddable":true,"href":"https:\/\/zooprekes24.lt\/et\/wp-json\/wp\/v2\/product_brand?post=21854"},{"taxonomy":"product_cat","embeddable":true,"href":"https:\/\/zooprekes24.lt\/et\/wp-json\/wp\/v2\/product_cat?post=21854"},{"taxonomy":"product_tag","embeddable":true,"href":"https:\/\/zooprekes24.lt\/et\/wp-json\/wp\/v2\/product_tag?post=21854"}],"curies":[{"name":"wp","href":"https:\/\/api.w.org\/{rel}","templated":true}]}}