{"id":21853,"date":"2024-04-18T21:17:36","date_gmt":"2024-04-18T18:17:36","guid":{"rendered":"https:\/\/zooprekes24.lt\/produktas\/royal-canin-pug-adult\/"},"modified":"2026-02-27T11:45:30","modified_gmt":"2026-02-27T09:45:30","slug":"royal-canin-pug-adult","status":"publish","type":"product","link":"https:\/\/zooprekes24.lt\/et\/produktas\/royal-canin-pug-adult\/","title":{"rendered":"Royal Canin Pug Adult kuivtoit koertele 1,5 kg"},"content":{"rendered":"<h3>Royal Canin Pug Adult &#8211; <a href=\"https:\/\/www.royalcanin.com\/lt\/tailored-nutrition\" target=\"_blank\" rel=\"noopener\">t\u00e4ie\u00f5iguslik<\/a> Toit t\u00e4iskasvanud mopsidele alates 10 kuu vanusest. Toidu ainulaadne koostis aitab s\u00e4ilitada lemmiklooma ideaalkaalu, terve naha ja karvkatte ning optimaalse suuh\u00fcgieeni.<\/h3>\n<ul>\n<li><a href=\"https:\/\/www.youtube.com\/watch?v=FYwO1fiYoa8&amp;t=1s\" target=\"_blank\" rel=\"noopener\">Eriline<\/a> <a href=\"https:\/\/zooprekes24.lt\/et\/kategorija\/prekes-sunims\/koeratoodete-tootjad\/royal-canin-sunims\/\" target=\"_blank\" rel=\"noopener\">Royal Canin<\/a> Graanulite kuju ja eriline koostis takistavad hambakivi teket ning tagavad optimaalse suu- ja hambah\u00fcgieeni.<\/li>\n<li>Toit v\u00e4hendab naha \u00e4rrituvust ja tugevdab naha kaitseomadusi.<\/li>\n<li>Royal Canin Pug Adult s\u00e4ilitab mopside lihastoonust ja aitab s\u00e4ilitada lemmiklooma ideaalkaalu.<\/li>\n<li>Viinamarja ja rohelise tee pol\u00fcfenoolide ning E- ja C-vitamiinide kombinatsioon aitab s\u00e4ilitada koera eluj\u00f5udu.<\/li>\n<\/ul>\n<p><img loading=\"lazy\" decoding=\"async\" class=\"alignnone wp-image-18049\" src=\"https:\/\/zooprekes24.lt\/wp-content\/uploads\/mopsas.png\" alt=\"rc-bhn-pug-series\" width=\"401\" height=\"267\" srcset=\"https:\/\/zooprekes24.lt\/wp-content\/uploads\/mopsas.png 720w, https:\/\/zooprekes24.lt\/wp-content\/uploads\/mopsas-300x200.png 300w, https:\/\/zooprekes24.lt\/wp-content\/uploads\/mopsas-600x400.png 600w\" sizes=\"auto, (max-width: 401px) 100vw, 401px\" \/><\/p>","protected":false},"excerpt":{"rendered":"<p>Royal Canin Pug Adult &#8211; visavertis \u0117dalas suaugusiems mopsams nuo 10 m\u0117nesi\u0173 am\u017eiaus. Unikali maisto sud\u0117tis padeda palaikyti ideal\u0173 augintinio svor\u012f, sveika oda ir kail\u012f bei optimali\u0105 burnos higiena. Ypatinga Royal Canin granuli\u0173 forma ir speciali sud\u0117tis stabdo dant\u0173 akmen\u0173 formavim\u0105si ir u\u017etikrina optimali\u0105 burnos ir dant\u0173 higien\u0105. Maistas ma\u017eina odos dirglum\u0105 ir stiprina apsaugini\u0173&#8230;<\/p>","protected":false},"featured_media":18050,"comment_status":"closed","ping_status":"closed","template":"","meta":{"_acf_changed":false,"slim_seo":{"title":"Royal Canin Pug Adult sausas maistas \u0161unims 1.5 kg - Zooprekes24","description":"Royal Canin Pug Adult - visavertis \u0117dalas suaugusiems mopsams nuo 10 m\u0117nesi\u0173 am\u017eiaus. Unikali maisto sud\u0117tis padeda palaikyti ideal\u0173 augintinio svor\u012f, sveika od"},"iawp_total_views":41},"product_brand":[],"product_cat":[9012,9002,8999,29,31],"product_tag":[176,177,4013,200],"class_list":{"0":"post-21853","1":"product","2":"type-product","3":"status-publish","4":"has-post-thumbnail","6":"product_cat-royal-canin","7":"product_cat-sausas-maistas","8":"product_cat-sunims","9":"product_cat-sunu-maistas","10":"product_cat-sunu-prekiu-gamintojai","11":"product_tag-begrudis-sunu-maistas","12":"product_tag-edalas-sunims","13":"product_tag-royal-canin-maistas-mopsams","14":"product_tag-super-premium-maistas-sunims","15":"pa_pasaro-sudetis-ryziai","16":"pa_pasaro-sudetis-vistiena","17":"pa_prekiu-zenklai-royal-canin","18":"pa_suns-amzius-suaugusiems","19":"pa_veisles-dydis-mazoms-veislems","21":"first","22":"instock","23":"sale","24":"taxable","25":"shipping-taxable","26":"purchasable","27":"product-type-simple"},"acf":[],"_links":{"self":[{"href":"https:\/\/zooprekes24.lt\/et\/wp-json\/wp\/v2\/product\/21853","targetHints":{"allow":["GET"]}}],"collection":[{"href":"https:\/\/zooprekes24.lt\/et\/wp-json\/wp\/v2\/product"}],"about":[{"href":"https:\/\/zooprekes24.lt\/et\/wp-json\/wp\/v2\/types\/product"}],"replies":[{"embeddable":true,"href":"https:\/\/zooprekes24.lt\/et\/wp-json\/wp\/v2\/comments?post=21853"}],"wp:featuredmedia":[{"embeddable":true,"href":"https:\/\/zooprekes24.lt\/et\/wp-json\/wp\/v2\/media\/18050"}],"wp:attachment":[{"href":"https:\/\/zooprekes24.lt\/et\/wp-json\/wp\/v2\/media?parent=21853"}],"wp:term":[{"taxonomy":"product_brand","embeddable":true,"href":"https:\/\/zooprekes24.lt\/et\/wp-json\/wp\/v2\/product_brand?post=21853"},{"taxonomy":"product_cat","embeddable":true,"href":"https:\/\/zooprekes24.lt\/et\/wp-json\/wp\/v2\/product_cat?post=21853"},{"taxonomy":"product_tag","embeddable":true,"href":"https:\/\/zooprekes24.lt\/et\/wp-json\/wp\/v2\/product_tag?post=21853"}],"curies":[{"name":"wp","href":"https:\/\/api.w.org\/{rel}","templated":true}]}}