{"id":21852,"date":"2024-04-18T21:17:36","date_gmt":"2024-04-18T18:17:36","guid":{"rendered":"https:\/\/zooprekes24.lt\/produktas\/royal-canin-yorkshire-terrier-adult-8\/"},"modified":"2026-02-27T11:23:52","modified_gmt":"2026-02-27T09:23:52","slug":"royal-canin-yorkshire-terjer-taiskasvanud-8","status":"publish","type":"product","link":"https:\/\/zooprekes24.lt\/et\/produktas\/royal-canin-yorkshire-terrier-adult-8\/","title":{"rendered":"Royal Canin Yorkshire Terrier Adult 8+ kuivtoit koertele 1,5 kg"},"content":{"rendered":"<h3>Royal Canin Yorkshire Terrier Adult 8+ <a href=\"https:\/\/www.royalcanin.com\/lt\/tailored-nutrition\" target=\"_blank\" rel=\"noopener\">t\u00e4ie\u00f5iguslik<\/a> Kuivatoit vanematele Yorkshire terjeritele alates 8. eluaastast. Isegi <a href=\"https:\/\/www.youtube.com\/watch?reload=9&amp;reload=9&amp;v=FYwO1fiYoa8\" target=\"_blank\" rel=\"noopener noreferrer\">k\u00f5ige n\u00f5udlikumatele koertele<\/a> Teile meelep\u00e4rane toit aitab s\u00e4ilitada ilusat karvkatte, lisab eluj\u00f5udu ja takistab hambakivi tekkimist.<\/h3>\n<ul>\n<li>Annab energiat.<\/li>\n<li>Kelaativad ained takistavad hambakivi moodustumist.<\/li>\n<li><a href=\"https:\/\/www.royalcanin.com\/lt\/about-us\/quality-and-food-safety\" target=\"_blank\" rel=\"noopener noreferrer\">Erakordsete maitsete kombinatsioon<\/a> rahuldab isegi k\u00f5ige n\u00f5udlikumaid isusid.<\/li>\n<li>Kurgi\u00f5li, rasvhapped, vitamiinid <a href=\"https:\/\/zooprekes24.lt\/et\/toode\/brit-care-lassi-oli\/\" target=\"_blank\" rel=\"noopener noreferrer\">Annab karvale s\u00e4ra ja pehmuse<\/a>.<\/li>\n<li>Aitab s\u00e4ilitada karvkatte. V\u00e4\u00e4vlit sisaldavate aminohapete optimaalne tase on oluline juuste keratiini s\u00fcnteesiks.<\/li>\n<\/ul>\n<p><img loading=\"lazy\" decoding=\"async\" class=\"alignnone wp-image-26178\" src=\"https:\/\/zooprekes24.lt\/wp-content\/uploads\/yorkshire-terrier.jpg\" alt=\"Royal Canin Yorkshire terjeri logo\" width=\"350\" height=\"263\" srcset=\"https:\/\/zooprekes24.lt\/wp-content\/uploads\/yorkshire-terrier.jpg 640w, https:\/\/zooprekes24.lt\/wp-content\/uploads\/yorkshire-terrier-300x225.jpg 300w, https:\/\/zooprekes24.lt\/wp-content\/uploads\/yorkshire-terrier-600x450.jpg 600w, https:\/\/zooprekes24.lt\/wp-content\/uploads\/yorkshire-terrier-64x48.jpg 64w\" sizes=\"auto, (max-width: 350px) 100vw, 350px\" \/><\/p>","protected":false},"excerpt":{"rendered":"<p>Royal Canin Yorkshire Terrier Adult 8+ visavertis sausas maistas vyresnio am\u017eiaus Jork\u0161yro terjer\u0173 veisl\u0117s \u0161unims nuo 8 met\u0173. Net ir i\u0161rankiausiems \u0161unims patinkantis maistas padeda i\u0161laikyti gra\u017e\u0173 kail\u012f, suteikia gyvybingumo, stabdo dant\u0173 akmen\u0173 susidarym\u0105. Suteikia energijos. Chelatin\u0117s med\u017eiagos neleid\u017eia formuotis dant\u0173 akmenims. I\u0161skirtini\u0173 skoni\u0173 derinys patenkina net i\u0161rankiausi\u0173j\u0173 apetit\u0105. Agurkl\u0117s aliejus, riebal\u0173 r\u016bg\u0161tys, vitaminai suteikia&#8230;<\/p>","protected":false},"featured_media":18043,"comment_status":"closed","ping_status":"closed","template":"","meta":{"_acf_changed":false,"slim_seo":{"title":"Royal Canin Yorkshire Terrier Adult 8+ sausas maistas \u0161unims 1.5 kg - Zooprekes24","description":"Royal Canin Yorkshire Terrier Adult 8+ on t\u00e4iss\u00f6\u00f6t vanematele Yorkshire terjeritele vanuses 8 aastat ja rohkem. Ka k\u00f5ige n\u00f5udlikumad koerad saavad nautida k\u00f5rgetasemelist toitu."},"iawp_total_views":176},"product_brand":[],"product_cat":[9012,9002,8999,29,31],"product_tag":[176,177,1407,200],"class_list":{"0":"post-21852","1":"product","2":"type-product","3":"status-publish","4":"has-post-thumbnail","6":"product_cat-royal-canin","7":"product_cat-sausas-maistas","8":"product_cat-sunims","9":"product_cat-sunu-maistas","10":"product_cat-sunu-prekiu-gamintojai","11":"product_tag-begrudis-sunu-maistas","12":"product_tag-edalas-sunims","13":"product_tag-royal-canin-jorksyrams","14":"product_tag-super-premium-maistas-sunims","15":"pa_pasaro-sudetis-ryziai","16":"pa_pasaro-sudetis-vistiena","17":"pa_prekiu-zenklai-royal-canin","18":"pa_suns-amzius-senjorams","19":"pa_suns-amzius-suaugusiems","20":"pa_veisles-dydis-mazoms-veislems","22":"first","23":"instock","24":"sale","25":"taxable","26":"shipping-taxable","27":"purchasable","28":"product-type-simple"},"acf":[],"_links":{"self":[{"href":"https:\/\/zooprekes24.lt\/et\/wp-json\/wp\/v2\/product\/21852","targetHints":{"allow":["GET"]}}],"collection":[{"href":"https:\/\/zooprekes24.lt\/et\/wp-json\/wp\/v2\/product"}],"about":[{"href":"https:\/\/zooprekes24.lt\/et\/wp-json\/wp\/v2\/types\/product"}],"replies":[{"embeddable":true,"href":"https:\/\/zooprekes24.lt\/et\/wp-json\/wp\/v2\/comments?post=21852"}],"wp:featuredmedia":[{"embeddable":true,"href":"https:\/\/zooprekes24.lt\/et\/wp-json\/wp\/v2\/media\/18043"}],"wp:attachment":[{"href":"https:\/\/zooprekes24.lt\/et\/wp-json\/wp\/v2\/media?parent=21852"}],"wp:term":[{"taxonomy":"product_brand","embeddable":true,"href":"https:\/\/zooprekes24.lt\/et\/wp-json\/wp\/v2\/product_brand?post=21852"},{"taxonomy":"product_cat","embeddable":true,"href":"https:\/\/zooprekes24.lt\/et\/wp-json\/wp\/v2\/product_cat?post=21852"},{"taxonomy":"product_tag","embeddable":true,"href":"https:\/\/zooprekes24.lt\/et\/wp-json\/wp\/v2\/product_tag?post=21852"}],"curies":[{"name":"wp","href":"https:\/\/api.w.org\/{rel}","templated":true}]}}