{"id":21851,"date":"2024-04-18T21:17:36","date_gmt":"2024-04-18T18:17:36","guid":{"rendered":"https:\/\/zooprekes24.lt\/produktas\/royal-canin-jack-russell-terrier-adult\/"},"modified":"2026-02-27T11:12:01","modified_gmt":"2026-02-27T09:12:01","slug":"royal-canin-jack-russell-terrier-adult","status":"publish","type":"product","link":"https:\/\/zooprekes24.lt\/et\/produktas\/royal-canin-jack-russell-terrier-adult\/","title":{"rendered":"Royal Canin Jack Russell Terrier Adult kuivtoit koertele 1,5 kg"},"content":{"rendered":"<h3>Royal Canin Jack Russell Terrier Adult &#8211; <a href=\"https:\/\/www.royalcanin.com\/lt\/tailored-nutrition\" target=\"_blank\" rel=\"noopener\">tervislik toit<\/a> Jack Russell Terrieridele alates 10 kuu vanusest. Patenteeritud antioks\u00fcdantide kompleks aitab kaitsta rakke vabade radikaalide eest ning s\u00e4ilitab lemmiklooma eluj\u00f5ulisuse ja k\u00f5rge energiavajaduse.<\/h3>\n<ul>\n<li>Tugevdab Jack Russell terjeri koerte loomulikku kaitsev\u00f5imet.<\/li>\n<li>Spetsiaalse kuju, suuruse, tekstuuri ja koostisega pelletid, mis on m\u00f5eldud ainult Jack Russell terjeritele.<\/li>\n<li><a href=\"https:\/\/www.youtube.com\/watch?v=FYwO1fiYoa8&amp;t=1s\" target=\"_blank\" rel=\"noopener\">T\u00e4nu eriti tasakaalustatud valgusisaldusele<\/a> Royal Canin Jack Russell Terrier Adult'i spetsiaalne koostis aitab s\u00e4ilitada teie lemmiklooma optimaalset lihasmassi.<\/li>\n<li>Rikastatud toidu koostis <a href=\"https:\/\/zooprekes24.lt\/et\/?s=agurkl%C4%97s+aliejus&amp;post_type=product\" target=\"_blank\" rel=\"noopener\">boraagia\u00f5li<\/a> mis niisutab koera nahka ja karvkatte.<\/li>\n<li>Kaltsiumkelaadid toidus p\u00e4rsivad hambakivi moodustumist.<\/li>\n<\/ul>\n<p><img loading=\"lazy\" decoding=\"async\" class=\"alignnone wp-image-18034\" src=\"https:\/\/zooprekes24.lt\/wp-content\/uploads\/bd78h-hub-jack-russell-terrier-adult-black-and-white.png\" alt=\"\" width=\"350\" height=\"262\" srcset=\"https:\/\/zooprekes24.lt\/wp-content\/uploads\/bd78h-hub-jack-russell-terrier-adult-black-and-white.png 1440w, https:\/\/zooprekes24.lt\/wp-content\/uploads\/bd78h-hub-jack-russell-terrier-adult-black-and-white-300x225.png 300w, https:\/\/zooprekes24.lt\/wp-content\/uploads\/bd78h-hub-jack-russell-terrier-adult-black-and-white-1024x768.png 1024w, https:\/\/zooprekes24.lt\/wp-content\/uploads\/bd78h-hub-jack-russell-terrier-adult-black-and-white-600x450.png 600w\" sizes=\"auto, (max-width: 350px) 100vw, 350px\" \/><\/p>","protected":false},"excerpt":{"rendered":"<p>Royal Canin Jack Russell Terrier Adult &#8211; visavertis maistas D\u017eeko Raselo terjer\u0173 veisl\u0117s \u0161unims nuo 10 m\u0117nesi\u0173 am\u017eiaus. Patentuotas antioksidant\u0173 kompleksas padeda apsaugoti l\u0105steles nuo laisv\u0173j\u0173 radikal\u0173 ir palaikyti augintinio gyvybingum\u0105 ir didel\u012f energijos poreik\u012f. Stiprina nat\u016brali\u0105 D\u017eeko Raselo terjer\u0173 \u0161un\u0173 organizmo apsaug\u0105. Ypatingos formos, dyd\u017eio, tekst\u016bros ir sud\u0117ties granul\u0117s pritaikytos i\u0161skirtinai D\u017eeko Raselo terjer\u0173&#8230;<\/p>","protected":false},"featured_media":18038,"comment_status":"closed","ping_status":"closed","template":"","meta":{"_acf_changed":false,"slim_seo":{"title":"Royal Canin Jack Russell Terrier Adult sausas maistas \u0161unims 1.5 kg - Zooprekes24","description":"Royal Canin Jack Russell Terrier Adult - visavertis maistas D\u017eeko Raselo terjer\u0173 veisl\u0117s \u0161unims nuo 10 m\u0117nesi\u0173 am\u017eiaus. Patentuotas antioksidant\u0173 kompleksas pad"},"iawp_total_views":51},"product_brand":[],"product_cat":[9012,9002,8999,29,31],"product_tag":[176,177,3979,200],"class_list":{"0":"post-21851","1":"product","2":"type-product","3":"status-publish","4":"has-post-thumbnail","6":"product_cat-royal-canin","7":"product_cat-sausas-maistas","8":"product_cat-sunims","9":"product_cat-sunu-maistas","10":"product_cat-sunu-prekiu-gamintojai","11":"product_tag-begrudis-sunu-maistas","12":"product_tag-edalas-sunims","13":"product_tag-royal-canin-dzeko-raselo-terjerui","14":"product_tag-super-premium-maistas-sunims","15":"pa_pasaro-sudetis-ryziai","16":"pa_pasaro-sudetis-vistiena","17":"pa_prekiu-zenklai-royal-canin","18":"pa_suns-amzius-suaugusiems","19":"pa_veisles-dydis-mazoms-veislems","21":"first","22":"instock","23":"sale","24":"taxable","25":"shipping-taxable","26":"purchasable","27":"product-type-simple"},"acf":[],"_links":{"self":[{"href":"https:\/\/zooprekes24.lt\/et\/wp-json\/wp\/v2\/product\/21851","targetHints":{"allow":["GET"]}}],"collection":[{"href":"https:\/\/zooprekes24.lt\/et\/wp-json\/wp\/v2\/product"}],"about":[{"href":"https:\/\/zooprekes24.lt\/et\/wp-json\/wp\/v2\/types\/product"}],"replies":[{"embeddable":true,"href":"https:\/\/zooprekes24.lt\/et\/wp-json\/wp\/v2\/comments?post=21851"}],"wp:featuredmedia":[{"embeddable":true,"href":"https:\/\/zooprekes24.lt\/et\/wp-json\/wp\/v2\/media\/18038"}],"wp:attachment":[{"href":"https:\/\/zooprekes24.lt\/et\/wp-json\/wp\/v2\/media?parent=21851"}],"wp:term":[{"taxonomy":"product_brand","embeddable":true,"href":"https:\/\/zooprekes24.lt\/et\/wp-json\/wp\/v2\/product_brand?post=21851"},{"taxonomy":"product_cat","embeddable":true,"href":"https:\/\/zooprekes24.lt\/et\/wp-json\/wp\/v2\/product_cat?post=21851"},{"taxonomy":"product_tag","embeddable":true,"href":"https:\/\/zooprekes24.lt\/et\/wp-json\/wp\/v2\/product_tag?post=21851"}],"curies":[{"name":"wp","href":"https:\/\/api.w.org\/{rel}","templated":true}]}}