{"id":21849,"date":"2024-04-18T21:17:23","date_gmt":"2024-04-18T18:17:23","guid":{"rendered":"https:\/\/zooprekes24.lt\/produktas\/royal-canin-labrador-retriever-adult\/"},"modified":"2026-02-27T11:34:11","modified_gmt":"2026-02-27T09:34:11","slug":"royal-canin-labrador-retriiver-taiskasvanud","status":"publish","type":"product","link":"https:\/\/zooprekes24.lt\/et\/produktas\/royal-canin-labrador-retriever-adult\/","title":{"rendered":"Royal Canin Labrador Retriiver Adult kuivtoit koertele 12 kg"},"content":{"rendered":"<h3>Royal Canin Labrador Retriiver Adult - spetsiaalselt tasakaalustatud toit t\u00e4iskasvanutele <a href=\"https:\/\/www.youtube.com\/watch?v=FYwO1fiYoa8&amp;t=1s\" target=\"_blank\" rel=\"noopener\">Labradori retriiverite jaoks<\/a>. S\u00e4ilitab ideaalse kehakaalu, tugevad luud ja liigesed, ilusa ja terve karvkatte ning hea n\u00e4gemise.<\/h3>\n<ul>\n<li>Labradorid kipuvad olema \u00fclekaalulised, see spetsiaalne Royal Canin Labrador Retriiver Adult koostis aitab kontrollida ja s\u00e4ilitada koera ideaalkaalu.<\/li>\n<li>Eriline <a href=\"https:\/\/zooprekes24.lt\/et\/kategorija\/prekes-sunims\/koeratoodete-tootjad\/royal-canin-sunims\/\" target=\"_blank\" rel=\"noopener\">Royal Canin<\/a> Koerak\u00fcpsise tekstuur ja koostis on spetsiaalselt labradori retriiveri koertele kohandatud. Pelleti ainulaadne kuju aitab v\u00e4hendada toidu s\u00f6\u00f6mist ja soodustab n\u00e4rimist.<\/li>\n<li>Toitaineterikas koostis toetab naha tervislikku \"barj\u00e4\u00e4ri\" - optimaalset naha ja karvkatte tervist.<\/li>\n<li>Antioks\u00fcdandid (luteiin, zeaksantiin, E- ja C-vitamiin) tugevdavad ja kaitsevad teie lemmiklooma silmi.<\/li>\n<\/ul>\n<p><img loading=\"lazy\" decoding=\"async\" class=\"alignnone wp-image-17952\" src=\"https:\/\/zooprekes24.lt\/wp-content\/uploads\/bd1o-labrador-retriever-adult-in-black-and-white.jpg\" alt=\"\" width=\"350\" height=\"280\" srcset=\"https:\/\/zooprekes24.lt\/wp-content\/uploads\/bd1o-labrador-retriever-adult-in-black-and-white.jpg 960w, https:\/\/zooprekes24.lt\/wp-content\/uploads\/bd1o-labrador-retriever-adult-in-black-and-white-300x240.jpg 300w, https:\/\/zooprekes24.lt\/wp-content\/uploads\/bd1o-labrador-retriever-adult-in-black-and-white-600x480.jpg 600w\" sizes=\"auto, (max-width: 350px) 100vw, 350px\" \/><\/p>","protected":false},"excerpt":{"rendered":"<p>Royal Canin Labrador Retriever Adult &#8211; specialiai subalansuotas maistas suaugusiems Labradoro retriveriams. Palaiko idealu k\u016bno svori, stiprius kaulus ir s\u0105narius, gra\u017eu ir sveika kail\u012f bei ger\u0105 augintinio reg\u0117jim\u0105. Labradorai link\u0119 tur\u0117ti vir\u0161svorio, \u0161i ypatinga Royal Canin Labrador Retriever Adult maisto formul\u0117 padeda kontroliuoti ir i\u0161laikyti ideal\u0173 \u0161uns svori. Speciali Royal Canin \u0117dalo granul\u0117s tekst\u016bra ir&#8230;<\/p>","protected":false},"featured_media":18032,"comment_status":"closed","ping_status":"closed","template":"","meta":{"_acf_changed":false,"slim_seo":{"title":"Royal Canin Labrador Retriever Adult sausas maistas \u0161unims 12 kg - Zooprekes24","description":"Royal Canin Labrador Retriever Adult - specialiai subalansuotas maistas suaugusiems Labradoro retriveriams . Palaiko idealu k\u016bno svori, stiprius kaulus ir s\u0105nar"},"iawp_total_views":201},"product_brand":[],"product_cat":[9012,9002,8999,29,31],"product_tag":[177,3745,3748,3750,200],"class_list":{"0":"post-21849","1":"product","2":"type-product","3":"status-publish","4":"has-post-thumbnail","6":"product_cat-royal-canin","7":"product_cat-sausas-maistas","8":"product_cat-sunims","9":"product_cat-sunu-maistas","10":"product_cat-sunu-prekiu-gamintojai","11":"product_tag-edalas-sunims","12":"product_tag-maistas-labradorams","13":"product_tag-royal-canin-labradorams","14":"product_tag-royal-canin-retriveriams","15":"product_tag-super-premium-maistas-sunims","16":"pa_pasaro-sudetis-ryziai","17":"pa_pasaro-sudetis-vistiena","18":"pa_prekiu-zenklai-royal-canin","19":"pa_suns-amzius-suaugusiems","20":"pa_veisles-dydis-didelems-veislems","22":"first","23":"instock","24":"sale","25":"taxable","26":"shipping-taxable","27":"purchasable","28":"product-type-simple"},"acf":[],"_links":{"self":[{"href":"https:\/\/zooprekes24.lt\/et\/wp-json\/wp\/v2\/product\/21849","targetHints":{"allow":["GET"]}}],"collection":[{"href":"https:\/\/zooprekes24.lt\/et\/wp-json\/wp\/v2\/product"}],"about":[{"href":"https:\/\/zooprekes24.lt\/et\/wp-json\/wp\/v2\/types\/product"}],"replies":[{"embeddable":true,"href":"https:\/\/zooprekes24.lt\/et\/wp-json\/wp\/v2\/comments?post=21849"}],"wp:featuredmedia":[{"embeddable":true,"href":"https:\/\/zooprekes24.lt\/et\/wp-json\/wp\/v2\/media\/18032"}],"wp:attachment":[{"href":"https:\/\/zooprekes24.lt\/et\/wp-json\/wp\/v2\/media?parent=21849"}],"wp:term":[{"taxonomy":"product_brand","embeddable":true,"href":"https:\/\/zooprekes24.lt\/et\/wp-json\/wp\/v2\/product_brand?post=21849"},{"taxonomy":"product_cat","embeddable":true,"href":"https:\/\/zooprekes24.lt\/et\/wp-json\/wp\/v2\/product_cat?post=21849"},{"taxonomy":"product_tag","embeddable":true,"href":"https:\/\/zooprekes24.lt\/et\/wp-json\/wp\/v2\/product_tag?post=21849"}],"curies":[{"name":"wp","href":"https:\/\/api.w.org\/{rel}","templated":true}]}}