{"id":21848,"date":"2024-04-18T21:17:23","date_gmt":"2024-04-18T18:17:23","guid":{"rendered":"https:\/\/zooprekes24.lt\/produktas\/royal-canin-golden-retriever-adult\/"},"modified":"2026-02-27T11:08:50","modified_gmt":"2026-02-27T09:08:50","slug":"royal-canin-golden-retriever-adult","status":"publish","type":"product","link":"https:\/\/zooprekes24.lt\/et\/produktas\/royal-canin-golden-retriever-adult\/","title":{"rendered":"Royal Canin Golden Retriever Adult kuivtoit koertele 12 kg"},"content":{"rendered":"<h3>Royal Canin Golden Retriever Adult &#8211; specialiai subalansuotas maistas suaugusiems <a href=\"https:\/\/youtu.be\/IYO95_F76io\" target=\"_blank\" rel=\"noopener\">Kuldsed retriiverid<\/a>. See pehmendab ja tugevdab karvkatte, aitab s\u00e4ilitada lemmiklooma ideaalkaalu ja v\u00f5itleb rakkude vananemise vastu.<\/h3>\n<ul>\n<li>Kurgi\u00f5lid ja biotiin pehmendavad ja tugevdavad kuldse retriiveri karvkatte. V\u00e4\u00e4vlit sisaldavad aminohapped osalevad keratiini s\u00fcnteesis ja tagavad karvkatte kiirema kasvu.<\/li>\n<li><a href=\"https:\/\/zooprekes24.lt\/et\/kategorija\/prekes-sunims\/koeratoodete-tootjad\/royal-canin-sunims\/\" target=\"_blank\" rel=\"noopener\">Royal Canin<\/a> Kuldse retriiveri toit aitab s\u00e4ilitada kuldse retriiveri ideaalkaalu (eksklusiivne koostis ja spetsiaalne pelletikuju).<\/li>\n<li>V\u00f5imas antioks\u00fcdantide kompleks v\u00f5itleb rakkude vananemise vastu.<\/li>\n<li>Aitab s\u00fcdamelihasel optimaalselt toimida.<\/li>\n<\/ul>\n<p><img loading=\"lazy\" decoding=\"async\" class=\"alignnone wp-image-18028\" src=\"https:\/\/zooprekes24.lt\/wp-content\/uploads\/bd13h-hub-golden-retriever-adult-black-and-white.jpg\" alt=\"\" width=\"370\" height=\"277\" srcset=\"https:\/\/zooprekes24.lt\/wp-content\/uploads\/bd13h-hub-golden-retriever-adult-black-and-white.jpg 1440w, https:\/\/zooprekes24.lt\/wp-content\/uploads\/bd13h-hub-golden-retriever-adult-black-and-white-300x225.jpg 300w, https:\/\/zooprekes24.lt\/wp-content\/uploads\/bd13h-hub-golden-retriever-adult-black-and-white-1024x768.jpg 1024w, https:\/\/zooprekes24.lt\/wp-content\/uploads\/bd13h-hub-golden-retriever-adult-black-and-white-600x450.jpg 600w\" sizes=\"auto, (max-width: 370px) 100vw, 370px\" \/><\/p>","protected":false},"excerpt":{"rendered":"<p>Royal Canin Golden Retriever Adult &#8211; specialiai subalansuotas maistas suaugusiems auksaspalviams retriveriams. Mink\u0161tina ir stiprina kail\u012f, padeda i\u0161laikyti ideal\u0173 augintinio svor\u012f bei kovoja su l\u0105steli\u0173 sen\u0117jimu. Sud\u0117tyje esantys agurkli\u0173 aliejai ir biotinas mink\u0161tina ir stiprina auksaspalvi\u0173 retriveri\u0173 kail\u012f. Sieros turin\u010dios amino r\u016bg\u0161tys dalyvauja keratino sintez\u0117je ir u\u017etikrina greitesni kailio augim\u0105. Royal Canin Golden Retriever \u0117dalas&#8230;<\/p>","protected":false},"featured_media":18029,"comment_status":"closed","ping_status":"closed","template":"","meta":{"_acf_changed":false,"slim_seo":{"title":"Royal Canin Golden Retriever Adult sausas maistas \u0161unims 12 kg - Zooprekes24","description":"Royal Canin Golden Retriever Adult - specialiai subalansuotas maistas suaugusiems auksaspalviams retriveriams . Mink\u0161tina ir stiprina kail\u012f, padeda i\u0161laikyti id"},"iawp_total_views":123},"product_brand":[],"product_cat":[9012,9002,8999,29,31],"product_tag":[177,3968,3958,3750,200],"class_list":{"0":"post-21848","1":"product","2":"type-product","3":"status-publish","4":"has-post-thumbnail","6":"product_cat-royal-canin","7":"product_cat-sausas-maistas","8":"product_cat-sunims","9":"product_cat-sunu-maistas","10":"product_cat-sunu-prekiu-gamintojai","11":"product_tag-edalas-sunims","12":"product_tag-royal-canin-auksaspalviams-retriveriams","13":"product_tag-royal-canin-auksaspalviui-retriveriui","14":"product_tag-royal-canin-retriveriams","15":"product_tag-super-premium-maistas-sunims","16":"pa_pasaro-sudetis-ryziai","17":"pa_pasaro-sudetis-vistiena","18":"pa_prekiu-zenklai-royal-canin","19":"pa_suns-amzius-suaugusiems","20":"pa_veisles-dydis-didelems-veislems","22":"first","23":"instock","24":"sale","25":"taxable","26":"shipping-taxable","27":"purchasable","28":"product-type-simple"},"acf":[],"_links":{"self":[{"href":"https:\/\/zooprekes24.lt\/et\/wp-json\/wp\/v2\/product\/21848","targetHints":{"allow":["GET"]}}],"collection":[{"href":"https:\/\/zooprekes24.lt\/et\/wp-json\/wp\/v2\/product"}],"about":[{"href":"https:\/\/zooprekes24.lt\/et\/wp-json\/wp\/v2\/types\/product"}],"replies":[{"embeddable":true,"href":"https:\/\/zooprekes24.lt\/et\/wp-json\/wp\/v2\/comments?post=21848"}],"wp:featuredmedia":[{"embeddable":true,"href":"https:\/\/zooprekes24.lt\/et\/wp-json\/wp\/v2\/media\/18029"}],"wp:attachment":[{"href":"https:\/\/zooprekes24.lt\/et\/wp-json\/wp\/v2\/media?parent=21848"}],"wp:term":[{"taxonomy":"product_brand","embeddable":true,"href":"https:\/\/zooprekes24.lt\/et\/wp-json\/wp\/v2\/product_brand?post=21848"},{"taxonomy":"product_cat","embeddable":true,"href":"https:\/\/zooprekes24.lt\/et\/wp-json\/wp\/v2\/product_cat?post=21848"},{"taxonomy":"product_tag","embeddable":true,"href":"https:\/\/zooprekes24.lt\/et\/wp-json\/wp\/v2\/product_tag?post=21848"}],"curies":[{"name":"wp","href":"https:\/\/api.w.org\/{rel}","templated":true}]}}