{"id":21847,"date":"2024-04-18T21:17:23","date_gmt":"2024-04-18T18:17:23","guid":{"rendered":"https:\/\/zooprekes24.lt\/produktas\/royal-canin-german-shepherd-5\/"},"modified":"2026-02-27T11:06:24","modified_gmt":"2026-02-27T09:06:24","slug":"royal-canin-german-shepherd-5","status":"publish","type":"product","link":"https:\/\/zooprekes24.lt\/et\/produktas\/royal-canin-german-shepherd-5\/","title":{"rendered":"Royal Canin German Shepherd 5+ kuivtoit koertele 12 kg"},"content":{"rendered":"<h3>Royal Canin German Shepherd 5+ spetsiaalselt tasakaalustatud koeratoit \u00fcle 5-aastastele koertele <a href=\"https:\/\/www.youtube.com\/watch?v=FYwO1fiYoa8&amp;t=1s\" target=\"_blank\" rel=\"noopener\">Saksa lambakoerad<\/a> selle t\u00f5u koertele. H\u00e4sti seeditav toit tugevdab organismi kaitsev\u00f5imet, hoiab koera liigesed ja immuunsuse optimaalses seisundis ning annab karvkattele erilise l\u00e4ike.<\/h3>\n<ul>\n<li>Eksklusiivne antioks\u00fcdantide kombinatsioon aitab toetada teie lemmiklooma tervislikku vananemist.<\/li>\n<li>Toit sisaldab kiudaineid, mis parandab soole k\u00e4\u00e4rimist ja s\u00e4ilitab hea soolestiku mikrofloora.<\/li>\n<li>Eriline <a href=\"https:\/\/zooprekes24.lt\/et\/kategorija\/prekes-sunims\/koeratoodete-tootjad\/royal-canin-sunims\/\" target=\"_blank\" rel=\"noopener\">Royal Canin<\/a> Saksa lambakoera t\u00e4iskasvanute koostis hooldab saksa lambakoera karvkatte ilu ja tugevdab loomuliku kaitseprotsessi.<\/li>\n<li>Koostises olevad mineraalid toetavad v\u00e4ga aktiivsete koerte liigeste optimaalset seisundit suure koormuse all.<\/li>\n<\/ul>\n<p><img loading=\"lazy\" decoding=\"async\" class=\"alignnone wp-image-18021\" src=\"https:\/\/zooprekes24.lt\/wp-content\/uploads\/german-shepherd.png\" alt=\"\" width=\"400\" height=\"300\" srcset=\"https:\/\/zooprekes24.lt\/wp-content\/uploads\/german-shepherd.png 640w, https:\/\/zooprekes24.lt\/wp-content\/uploads\/german-shepherd-300x225.png 300w, https:\/\/zooprekes24.lt\/wp-content\/uploads\/german-shepherd-600x450.png 600w\" sizes=\"auto, (max-width: 400px) 100vw, 400px\" \/><\/p>","protected":false},"excerpt":{"rendered":"<p>Royal Canin German Shepherd 5+ specialiai subalansuotas \u0161un\u0173 maistas vyresniems nei 5 met\u0173 am\u017eiaus vokie\u010di\u0173 avigani\u0173 veisl\u0117s \u0161unims. Gerai vir\u0161kinamas maistas stiprina organizmo apsaug\u0105, palaiko optimali\u0105 \u0161uns s\u0105nari\u0173 ir imuniteto b\u016bkl\u0119 bei suteikia ypatinga \u017evilges\u012f kailiui. Sud\u0117tyje esantis i\u0161skirtinis antioksidant\u0173 derinys padeda\u00a0palaikyti sveik\u0105 augintinio sen\u0117jim\u0105. Maisto sud\u0117tyje yra skaidul\u0173, kurios gerina \u017earnyno fermentacij\u0105 ir palaiko&#8230;<\/p>","protected":false},"featured_media":18026,"comment_status":"closed","ping_status":"closed","template":"","meta":{"_acf_changed":false,"slim_seo":{"title":"Royal Canin German Shepherd 5+ sausas maistas \u0161unims 12 kg - Zooprekes24","description":"Royal Canin German Shepherd 5+ specialiai subalansuotas \u0161un\u0173 maistas vyresniems nei 5 met\u0173 am\u017eiaus vokie\u010di\u0173 avigani\u0173 veisl\u0117s \u0161unims. Gerai vir\u0161kinamas maistas s"},"iawp_total_views":92},"product_brand":[],"product_cat":[9012,9002,8999,29,31],"product_tag":[177,3915,200],"class_list":{"0":"post-21847","1":"product","2":"type-product","3":"status-publish","4":"has-post-thumbnail","6":"product_cat-royal-canin","7":"product_cat-sausas-maistas","8":"product_cat-sunims","9":"product_cat-sunu-maistas","10":"product_cat-sunu-prekiu-gamintojai","11":"product_tag-edalas-sunims","12":"product_tag-maistas-spanieliams","13":"product_tag-super-premium-maistas-sunims","14":"pa_pasaro-sudetis-ryziai","15":"pa_pasaro-sudetis-vistiena","16":"pa_prekiu-zenklai-royal-canin","17":"pa_suns-amzius-senjorams","18":"pa_suns-amzius-suaugusiems","19":"pa_veisles-dydis-didelems-veislems","21":"first","22":"instock","23":"sale","24":"taxable","25":"shipping-taxable","26":"purchasable","27":"product-type-simple"},"acf":[],"_links":{"self":[{"href":"https:\/\/zooprekes24.lt\/et\/wp-json\/wp\/v2\/product\/21847","targetHints":{"allow":["GET"]}}],"collection":[{"href":"https:\/\/zooprekes24.lt\/et\/wp-json\/wp\/v2\/product"}],"about":[{"href":"https:\/\/zooprekes24.lt\/et\/wp-json\/wp\/v2\/types\/product"}],"replies":[{"embeddable":true,"href":"https:\/\/zooprekes24.lt\/et\/wp-json\/wp\/v2\/comments?post=21847"}],"wp:featuredmedia":[{"embeddable":true,"href":"https:\/\/zooprekes24.lt\/et\/wp-json\/wp\/v2\/media\/18026"}],"wp:attachment":[{"href":"https:\/\/zooprekes24.lt\/et\/wp-json\/wp\/v2\/media?parent=21847"}],"wp:term":[{"taxonomy":"product_brand","embeddable":true,"href":"https:\/\/zooprekes24.lt\/et\/wp-json\/wp\/v2\/product_brand?post=21847"},{"taxonomy":"product_cat","embeddable":true,"href":"https:\/\/zooprekes24.lt\/et\/wp-json\/wp\/v2\/product_cat?post=21847"},{"taxonomy":"product_tag","embeddable":true,"href":"https:\/\/zooprekes24.lt\/et\/wp-json\/wp\/v2\/product_tag?post=21847"}],"curies":[{"name":"wp","href":"https:\/\/api.w.org\/{rel}","templated":true}]}}