{"id":21846,"date":"2024-04-18T21:17:23","date_gmt":"2024-04-18T18:17:23","guid":{"rendered":"https:\/\/zooprekes24.lt\/produktas\/royal-canin-german-shepherd-adult\/"},"modified":"2026-02-27T11:04:20","modified_gmt":"2026-02-27T09:04:20","slug":"royal-canin-saksa-lambakoer-taiskasvanud","status":"publish","type":"product","link":"https:\/\/zooprekes24.lt\/et\/produktas\/royal-canin-german-shepherd-adult\/","title":{"rendered":"Royal Canin German Shepherd Adult kuivtoit koertele 11 kg"},"content":{"rendered":"<h3>Royal Canin German Shepherd Adult - spetsiaalselt tasakaalustatud koeratoit t\u00e4iskasvanutele <a href=\"https:\/\/www.youtube.com\/watch?v=FYwO1fiYoa8&amp;t=1s\" target=\"_blank\" rel=\"noopener\">Saksa lambakoerad<\/a> selle t\u00f5u koertele. H\u00e4sti seeditav toit tugevdab organismi kaitsev\u00f5imet, hoiab koera liigesed ja immuunsuse optimaalses seisundis ning annab karvkattele erilise l\u00e4ike.<\/h3>\n<ul>\n<li>Toit sisaldab kiudaineid, mis parandab soole k\u00e4\u00e4rimist ja s\u00e4ilitab hea soolestiku mikrofloora.<\/li>\n<li>Eriline <a href=\"https:\/\/zooprekes24.lt\/et\/kategorija\/prekes-sunims\/koeratoodete-tootjad\/royal-canin-sunims\/\" target=\"_blank\" rel=\"noopener\">Royal Canin<\/a> Saksa lambakoera t\u00e4iskasvanute toit on koostatud nii, et hooldada saksa lambakoera karvkatte ilu ja tugevdada selle loomulikke kaitseprotsesse.<\/li>\n<li>Koostises olevad mineraalid toetavad v\u00e4ga aktiivsete koerte liigeste optimaalset seisundit suure koormuse all.<\/li>\n<\/ul>\n<p><img loading=\"lazy\" decoding=\"async\" class=\"alignnone wp-image-18021\" src=\"https:\/\/zooprekes24.lt\/wp-content\/uploads\/german-shepherd.png\" alt=\"\" width=\"396\" height=\"297\" srcset=\"https:\/\/zooprekes24.lt\/wp-content\/uploads\/german-shepherd.png 640w, https:\/\/zooprekes24.lt\/wp-content\/uploads\/german-shepherd-300x225.png 300w, https:\/\/zooprekes24.lt\/wp-content\/uploads\/german-shepherd-600x450.png 600w\" sizes=\"auto, (max-width: 396px) 100vw, 396px\" \/><\/p>","protected":false},"excerpt":{"rendered":"<p>Royal Canin German Shepherd Adult &#8211; specialiai subalansuotas \u0161un\u0173 maistas suaugusiems vokie\u010di\u0173 avigani\u0173 veisl\u0117s \u0161unims. Gerai vir\u0161kinamas maistas stiprina organizmo apsaug\u0105, palaiko optimali\u0105 \u0161uns s\u0105nari\u0173 ir imuniteto b\u016bkl\u0119 bei suteikia ypatinga \u017evilges\u012f kailiui. Maisto sud\u0117tyje yra skaidul\u0173, kurios gerina \u017earnyno fermentacij\u0105 ir palaiko ger\u0105 \u017earnyno mikroflor\u0105. Ypatinga Royal Canin German Shepherd Adult maisto sud\u0117tis puosel\u0117ja&#8230;<\/p>","protected":false},"featured_media":18024,"comment_status":"closed","ping_status":"closed","template":"","meta":{"_acf_changed":false,"slim_seo":{"title":"Royal Canin German Shepherd Adult sausas maistas \u0161unims 11 kg - Zooprekes24","description":"Royal Canin German Shepherd Adult on spetsiaalselt tasakaalustatud koeratoit t\u00e4iskasvanud saksa lambakoertele. H\u00e4sti seeditav toit, mis tugevdab organismi"},"iawp_total_views":253},"product_brand":[],"product_cat":[9012,9002,8999,29,31],"product_tag":[177,3915,200],"class_list":{"0":"post-21846","1":"product","2":"type-product","3":"status-publish","4":"has-post-thumbnail","6":"product_cat-royal-canin","7":"product_cat-sausas-maistas","8":"product_cat-sunims","9":"product_cat-sunu-maistas","10":"product_cat-sunu-prekiu-gamintojai","11":"product_tag-edalas-sunims","12":"product_tag-maistas-spanieliams","13":"product_tag-super-premium-maistas-sunims","14":"pa_pasaro-sudetis-ryziai","15":"pa_pasaro-sudetis-vistiena","16":"pa_prekiu-zenklai-royal-canin","17":"pa_suns-amzius-suaugusiems","18":"pa_veisles-dydis-didelems-veislems","20":"first","21":"instock","22":"sale","23":"taxable","24":"shipping-taxable","25":"purchasable","26":"product-type-simple"},"acf":[],"_links":{"self":[{"href":"https:\/\/zooprekes24.lt\/et\/wp-json\/wp\/v2\/product\/21846","targetHints":{"allow":["GET"]}}],"collection":[{"href":"https:\/\/zooprekes24.lt\/et\/wp-json\/wp\/v2\/product"}],"about":[{"href":"https:\/\/zooprekes24.lt\/et\/wp-json\/wp\/v2\/types\/product"}],"replies":[{"embeddable":true,"href":"https:\/\/zooprekes24.lt\/et\/wp-json\/wp\/v2\/comments?post=21846"}],"wp:featuredmedia":[{"embeddable":true,"href":"https:\/\/zooprekes24.lt\/et\/wp-json\/wp\/v2\/media\/18024"}],"wp:attachment":[{"href":"https:\/\/zooprekes24.lt\/et\/wp-json\/wp\/v2\/media?parent=21846"}],"wp:term":[{"taxonomy":"product_brand","embeddable":true,"href":"https:\/\/zooprekes24.lt\/et\/wp-json\/wp\/v2\/product_brand?post=21846"},{"taxonomy":"product_cat","embeddable":true,"href":"https:\/\/zooprekes24.lt\/et\/wp-json\/wp\/v2\/product_cat?post=21846"},{"taxonomy":"product_tag","embeddable":true,"href":"https:\/\/zooprekes24.lt\/et\/wp-json\/wp\/v2\/product_tag?post=21846"}],"curies":[{"name":"wp","href":"https:\/\/api.w.org\/{rel}","templated":true}]}}