{"id":21842,"date":"2024-04-18T21:17:23","date_gmt":"2024-04-18T18:17:23","guid":{"rendered":"https:\/\/zooprekes24.lt\/produktas\/royal-canin-chihuahua-puppy\/"},"modified":"2026-02-25T15:15:42","modified_gmt":"2026-02-25T13:15:42","slug":"royal-canin-chihuahua-kutsikas","status":"publish","type":"product","link":"https:\/\/zooprekes24.lt\/et\/produktas\/royal-canin-chihuahua-puppy\/","title":{"rendered":"Royal Canin Chihuahua Puppy kuivtoit kutsikatele 500 g"},"content":{"rendered":"<h3>Royal Canin Chihuahua Puppy on spetsiaalselt tasakaalustatud toit chihuahua kutsikatele vanuses 2-8 kuud. Spetsiaalselt formuleeritud graanulid v\u00e4ikestele l\u00f5ualuudele ja maitsev maitse, mis meeldib ka k\u00f5ige n\u00f5udlikumale <a href=\"https:\/\/www.youtube.com\/watch?v=Q3WR56n48z4\" target=\"_blank\" rel=\"noopener\">Chihuahua<\/a> v\u00e4ikelastele.<\/h3>\n<ul>\n<li>\u00a0Eksklusiivne koostis koos valitud looduslike maitsetega ning sobiva suurusega ja kujuga hakitud toit parandab k\u00f5ige n\u00f5udlikumate chihuahua kutsikate s\u00f6\u00f6giisu.<\/li>\n<li><a href=\"https:\/\/zooprekes24.lt\/et\/kategorija\/prekes-sunims\/koeratoodete-tootjad\/royal-canin-sunims\/\" target=\"_blank\" rel=\"noopener\">Royal Canin<\/a> Chihuahua kutsikatoit v\u00e4hendab v\u00e4ljaheidete hulka ja l\u00f5hna.<\/li>\n<li>Spetsiaalse kujuga pellet Chihuahua kutsikate v\u00e4ga v\u00e4ikeste l\u00f5ugade jaoks.<\/li>\n<li>Tugevdab noorte kutsikate loomulikku kaitsev\u00f5imet.<\/li>\n<\/ul>\n<p><img loading=\"lazy\" decoding=\"async\" class=\"alignnone wp-image-18009\" src=\"https:\/\/zooprekes24.lt\/wp-content\/uploads\/bd6h-chihuahua-adult-in-black-and-white-1-1.png\" alt=\"\" width=\"300\" height=\"225\" srcset=\"https:\/\/zooprekes24.lt\/wp-content\/uploads\/bd6h-chihuahua-adult-in-black-and-white-1-1.png 1600w, https:\/\/zooprekes24.lt\/wp-content\/uploads\/bd6h-chihuahua-adult-in-black-and-white-1-1-300x225.png 300w, https:\/\/zooprekes24.lt\/wp-content\/uploads\/bd6h-chihuahua-adult-in-black-and-white-1-1-1024x768.png 1024w, https:\/\/zooprekes24.lt\/wp-content\/uploads\/bd6h-chihuahua-adult-in-black-and-white-1-1-600x450.png 600w, https:\/\/zooprekes24.lt\/wp-content\/uploads\/bd6h-chihuahua-adult-in-black-and-white-1-1-1440x1080.png 1440w\" sizes=\"auto, (max-width: 300px) 100vw, 300px\" \/><\/p>","protected":false},"excerpt":{"rendered":"<p>Royal Canin Chihuahua Puppy &#8211; specialiai subalansuotas maistas skirtas nuo 2 &#8211; 8 m\u0117nesi\u0173 am\u017eiaus \u010dihuahua \u0161uniukams. Ypatingos gamybos granul\u0117s pritaikytos ma\u017eiems \u017eandikauliams bei gardus skonis, kuris patiks net i\u0161rankiausiems \u010dihuahua ma\u017eyliams. \u00a0I\u0161skirtin\u0117 formul\u0117 su parinktais nat\u016braliais kvapais bei atitinkamo dyd\u017eio ir formos smulkintas maistas gerina i\u0161rankiausi\u0173 \u010dihuahua ma\u017eyli\u0173 apetit\u0105. Royal Canin Chihuahua \u0161uniuk\u0173 \u0117dalas&#8230;<\/p>","protected":false},"featured_media":18010,"comment_status":"closed","ping_status":"closed","template":"","meta":{"_acf_changed":false,"slim_seo":{"title":"Royal Canin Chihuahua Puppy sausas maistas \u0161uniukams 500 g - Zooprekes24","description":"Royal Canin Chihuahua Puppy on spetsiaalselt tasakaalustatud toit chihuahua kutsikatele vanuses 2-8 kuud. Spetsiaalselt formuleeritud pelletid v\u00e4ikestele"},"iawp_total_views":169},"product_brand":[],"product_cat":[9012,9002,8999,29,31],"product_tag":[177,3908,200],"class_list":{"0":"post-21842","1":"product","2":"type-product","3":"status-publish","4":"has-post-thumbnail","6":"product_cat-royal-canin","7":"product_cat-sausas-maistas","8":"product_cat-sunims","9":"product_cat-sunu-maistas","10":"product_cat-sunu-prekiu-gamintojai","11":"product_tag-edalas-sunims","12":"product_tag-royal-cihuahua","13":"product_tag-super-premium-maistas-sunims","14":"pa_pasaro-sudetis-ryziai","15":"pa_pasaro-sudetis-vistiena","16":"pa_prekiu-zenklai-royal-canin","17":"pa_suns-amzius-jauniems","18":"pa_veisles-dydis-mazoms-veislems","20":"first","21":"instock","22":"sale","23":"taxable","24":"shipping-taxable","25":"purchasable","26":"product-type-simple"},"acf":[],"_links":{"self":[{"href":"https:\/\/zooprekes24.lt\/et\/wp-json\/wp\/v2\/product\/21842","targetHints":{"allow":["GET"]}}],"collection":[{"href":"https:\/\/zooprekes24.lt\/et\/wp-json\/wp\/v2\/product"}],"about":[{"href":"https:\/\/zooprekes24.lt\/et\/wp-json\/wp\/v2\/types\/product"}],"replies":[{"embeddable":true,"href":"https:\/\/zooprekes24.lt\/et\/wp-json\/wp\/v2\/comments?post=21842"}],"wp:featuredmedia":[{"embeddable":true,"href":"https:\/\/zooprekes24.lt\/et\/wp-json\/wp\/v2\/media\/18010"}],"wp:attachment":[{"href":"https:\/\/zooprekes24.lt\/et\/wp-json\/wp\/v2\/media?parent=21842"}],"wp:term":[{"taxonomy":"product_brand","embeddable":true,"href":"https:\/\/zooprekes24.lt\/et\/wp-json\/wp\/v2\/product_brand?post=21842"},{"taxonomy":"product_cat","embeddable":true,"href":"https:\/\/zooprekes24.lt\/et\/wp-json\/wp\/v2\/product_cat?post=21842"},{"taxonomy":"product_tag","embeddable":true,"href":"https:\/\/zooprekes24.lt\/et\/wp-json\/wp\/v2\/product_tag?post=21842"}],"curies":[{"name":"wp","href":"https:\/\/api.w.org\/{rel}","templated":true}]}}