{"id":21841,"date":"2024-04-18T21:17:23","date_gmt":"2024-04-18T18:17:23","guid":{"rendered":"https:\/\/zooprekes24.lt\/produktas\/royal-canin-boxer-adult\/"},"modified":"2026-02-25T15:11:49","modified_gmt":"2026-02-25T13:11:49","slug":"royal-canin-boxer-adult","status":"publish","type":"product","link":"https:\/\/zooprekes24.lt\/et\/produktas\/royal-canin-boxer-adult\/","title":{"rendered":"Royal Canin Boxer Adult kuivtoit koertele 12 kg"},"content":{"rendered":"<h3>Royal Canin Boxer Adult &#8211; specialiai subalansuotas \u0161un\u0173 maistas <a href=\"https:\/\/www.youtube.com\/watch?v=YgaGXAdF5J8\" target=\"_blank\" rel=\"noopener\">t\u00e4iskasvanud bokserkoertele<\/a>. Aitab s\u00e4ilitada optimaalset lihasmassi, tugevdada teie lemmiklooma liigeseid ja s\u00fcdametegevust.<\/h3>\n<ul>\n<li>Tugevad lihased. Optimaalne valgusisaldus (26%), k\u00f5rge L-karnitiini, kondroitiinsulfaadi, gl\u00fckosamiini ja Omega 3 rasvhapete (eikosapentaeenhape (EPA) ja dokosaheksaeenhape (DHA)) sisaldus aitavad s\u00e4ilitada optimaalset lihasmassi ja tugevdada lemmiklooma liigeseid.<\/li>\n<li><a href=\"https:\/\/zooprekes24.lt\/et\/kategorija\/prekes-sunims\/koeratoodete-tootjad\/royal-canin-sunims\/\" target=\"_blank\" rel=\"noopener\">Royal Canin<\/a> Boxer Adult toit tugevdab s\u00fcdant ja aitab s\u00e4ilitada tervislikku s\u00fcdame l\u00f6\u00f6gisagedust.<\/li>\n<li>T\u00f5hustatud rakukaitse. L\u00fckopeeni, viinamarja ja rohelise tee pol\u00fcfenoolide, E- ja C-vitamiinide eksklusiivne kombinatsioon aitab kaitsta rakkude funktsiooni.<\/li>\n<li>Kohandatud poksijate l\u00f5ugade jaoks. Graanulide eriline kuju h\u00f5lbustab toidu haaramist ja julgustab bokserit n\u00e4rima.<\/li>\n<\/ul>\n<p><img loading=\"lazy\" decoding=\"async\" class=\"alignnone wp-image-18006\" src=\"https:\/\/zooprekes24.lt\/wp-content\/uploads\/bokseris.png\" alt=\"poksija laud\" width=\"400\" height=\"299\" srcset=\"https:\/\/zooprekes24.lt\/wp-content\/uploads\/bokseris.png 720w, https:\/\/zooprekes24.lt\/wp-content\/uploads\/bokseris-300x225.png 300w, https:\/\/zooprekes24.lt\/wp-content\/uploads\/bokseris-600x449.png 600w\" sizes=\"auto, (max-width: 400px) 100vw, 400px\" \/><\/p>","protected":false},"excerpt":{"rendered":"<p>Royal Canin Boxer Adult &#8211; specialiai subalansuotas \u0161un\u0173 maistas suaugusiems bokseri\u0173 veisl\u0117s \u0161unims. Padeda i\u0161laikyti optimali\u0105 raumen\u0173 mas\u0119, stiprina augintinio s\u0105narius bei \u0161irdies veikl\u0105. Stipr\u016bs raumenys. Optimalus baltym\u0173 kiekis (26%), didelis L-karnitino, chondroitino sulfato, gliukozamino ir Omega 3 riebal\u0173 r\u016bg\u0161\u010di\u0173 (eikozapentaeno (EPA) ir dokozaheksaeno (DHA) r\u016bg\u0161\u010di\u0173) kiekis padeda i\u0161laikyti optimali\u0105 raumen\u0173 mas\u0119 ir stiprina augintinio&#8230;<\/p>","protected":false},"featured_media":18007,"comment_status":"closed","ping_status":"closed","template":"","meta":{"_acf_changed":false,"slim_seo":{"title":"Royal Canin Boxer Adult sausas maistas \u0161unims 12 kg - Zooprekes24","description":"Royal Canin Boxer Adult - specialiai subalansuotas \u0161un\u0173 maistas suaugusiems bokseri\u0173 veisl\u0117s \u0161unims . Padeda i\u0161laikyti optimali\u0105 raumen\u0173 mas\u0119, stiprina augintin"},"iawp_total_views":76},"product_brand":[],"product_cat":[9012,9002,8999,29,31],"product_tag":[177,3893,3899,200],"class_list":{"0":"post-21841","1":"product","2":"type-product","3":"status-publish","4":"has-post-thumbnail","6":"product_cat-royal-canin","7":"product_cat-sausas-maistas","8":"product_cat-sunims","9":"product_cat-sunu-maistas","10":"product_cat-sunu-prekiu-gamintojai","11":"product_tag-edalas-sunims","12":"product_tag-royal-bokseriui","13":"product_tag-royal-canin-maistas-bokseriams","14":"product_tag-super-premium-maistas-sunims","15":"pa_pasaro-sudetis-ryziai","16":"pa_pasaro-sudetis-vistiena","17":"pa_prekiu-zenklai-royal-canin","18":"pa_suns-amzius-suaugusiems","19":"pa_veisles-dydis-didelems-veislems","21":"first","22":"instock","23":"sale","24":"taxable","25":"shipping-taxable","26":"purchasable","27":"product-type-simple"},"acf":[],"_links":{"self":[{"href":"https:\/\/zooprekes24.lt\/et\/wp-json\/wp\/v2\/product\/21841","targetHints":{"allow":["GET"]}}],"collection":[{"href":"https:\/\/zooprekes24.lt\/et\/wp-json\/wp\/v2\/product"}],"about":[{"href":"https:\/\/zooprekes24.lt\/et\/wp-json\/wp\/v2\/types\/product"}],"replies":[{"embeddable":true,"href":"https:\/\/zooprekes24.lt\/et\/wp-json\/wp\/v2\/comments?post=21841"}],"wp:featuredmedia":[{"embeddable":true,"href":"https:\/\/zooprekes24.lt\/et\/wp-json\/wp\/v2\/media\/18007"}],"wp:attachment":[{"href":"https:\/\/zooprekes24.lt\/et\/wp-json\/wp\/v2\/media?parent=21841"}],"wp:term":[{"taxonomy":"product_brand","embeddable":true,"href":"https:\/\/zooprekes24.lt\/et\/wp-json\/wp\/v2\/product_brand?post=21841"},{"taxonomy":"product_cat","embeddable":true,"href":"https:\/\/zooprekes24.lt\/et\/wp-json\/wp\/v2\/product_cat?post=21841"},{"taxonomy":"product_tag","embeddable":true,"href":"https:\/\/zooprekes24.lt\/et\/wp-json\/wp\/v2\/product_tag?post=21841"}],"curies":[{"name":"wp","href":"https:\/\/api.w.org\/{rel}","templated":true}]}}