{"id":21840,"date":"2024-04-18T21:17:23","date_gmt":"2024-04-18T18:17:23","guid":{"rendered":"https:\/\/zooprekes24.lt\/produktas\/royal-canin-bulldog-adult-12kg\/"},"modified":"2026-02-25T15:10:10","modified_gmt":"2026-02-25T13:10:10","slug":"royal-canin-bulldog-adult-12kg","status":"publish","type":"product","link":"https:\/\/zooprekes24.lt\/et\/produktas\/royal-canin-bulldog-adult-12kg\/","title":{"rendered":"Royal Canin Bulldog Adult kuivtoit koertele 12 kg"},"content":{"rendered":"<h3>Royal Canin Bulldog Adult on spetsiaalselt tasakaalustatud t\u00e4iskasvanud inglise buldogidele alates 1-aastasest vanusest. <a href=\"https:\/\/www.royalcanin.com\/lt\/dogs\/health-and-wellbeing\" target=\"_blank\" rel=\"noopener\">Parandab seedetrakti funktsiooni<\/a>, soodustab lemmiklooma karvkatte kvaliteeti ja tagab luude ja liigeste optimaalse seisundi.<\/h3>\n<ul>\n<li>L\u00f5hna v\u00e4hendamine. LIPi h\u00e4sti seeditav valk, piisavad kiudained ja kvaliteetsed s\u00fcsivesikute allikad v\u00e4hendavad fekaalil\u00f5hna ja gaaside kogunemist ning parandavad lemmiklooma seedimist.<\/li>\n<li>Tundlik nahk. Tugevdab nahabarj\u00e4\u00e4ri kaitseomadusi (patenteeritud kompleks) ja s\u00e4ilitab buldogi karvkatte loomuliku ilu.<\/li>\n<li><a href=\"https:\/\/zooprekes24.lt\/et\/kategorija\/prekes-sunims\/koeratoodete-tootjad\/royal-canin-sunims\/\" target=\"_blank\" rel=\"noopener\">Royal Canin<\/a> Bulldog Adult toit on rikastatud eikosapentaeenhappe (EPA) ja dokosaheksaeenhappega (DHA). Spetsiaalne koostis aitab s\u00e4ilitada teie koera terved luud ja liigesed.<\/li>\n<li>Unikaalsed graanulid, mida buldogil on lihtsam haarata ja mis t\u00e4nu oma ainulaadsele kujule julgustavad teie koera s\u00f6\u00f6misel rohkem n\u00e4rima.<\/li>\n<\/ul>\n<p><img loading=\"lazy\" decoding=\"async\" class=\"alignnone wp-image-18003\" src=\"https:\/\/zooprekes24.lt\/wp-content\/uploads\/buldogas.png\" alt=\"\" width=\"380\" height=\"253\" srcset=\"https:\/\/zooprekes24.lt\/wp-content\/uploads\/buldogas.png 720w, https:\/\/zooprekes24.lt\/wp-content\/uploads\/buldogas-300x200.png 300w, https:\/\/zooprekes24.lt\/wp-content\/uploads\/buldogas-600x400.png 600w\" sizes=\"auto, (max-width: 380px) 100vw, 380px\" \/><\/p>","protected":false},"excerpt":{"rendered":"<p>Royal Canin Bulldog Adult specialiai subalansuotas suaugusiems Angl\u0173 buldogams nuo 1 met\u0173 am\u017eiaus. Gerina vir\u0161kinimo veikl\u0105, puosel\u0117ja augintinio kailio kokyb\u0119 bei u\u017etikrina optimali\u0105 sveik\u0173 kaul\u0173 ir s\u0105nari\u0173 b\u016bkle. Kvapo suma\u017einimas. Labai gerai vir\u0161kinami LIP baltymai, atitinkamas skaidul\u0173 kiekis ir labai kokybi\u0161ki angliavandeni\u0173 \u0161altiniai suma\u017eina fekalij\u0173 kvap\u0105 ir duj\u0173 kaupim\u0105si bei gerina augintinio vir\u0161kinimo veikl\u0105. Jautri&#8230;<\/p>","protected":false},"featured_media":18004,"comment_status":"closed","ping_status":"closed","template":"","meta":{"_acf_changed":false,"slim_seo":{"title":"Royal Canin Bulldog Adult sausas maistas \u0161unims 12 kg - Zooprekes24","description":"Royal Canin Bulldog Adult specialiai subalansuotas suaugusiems Angl\u0173 buldogams nuo 1 met\u0173 am\u017eiaus. Gerina vir\u0161kinimo veikl\u0105 , puosel\u0117ja augintinio kailio kokyb\u0119"},"iawp_total_views":114},"product_brand":[],"product_cat":[9012,9002,8999,29,31],"product_tag":[3882,177,3885,3887,200],"class_list":{"0":"post-21840","1":"product","2":"type-product","3":"status-publish","4":"has-post-thumbnail","6":"product_cat-royal-canin","7":"product_cat-sausas-maistas","8":"product_cat-sunims","9":"product_cat-sunu-maistas","10":"product_cat-sunu-prekiu-gamintojai","11":"product_tag-edalas-buldogams","12":"product_tag-edalas-sunims","13":"product_tag-maistas-buldogams","14":"product_tag-royal-canin-buldogams","15":"product_tag-super-premium-maistas-sunims","16":"pa_pasaro-sudetis-ryziai","17":"pa_pasaro-sudetis-vistiena","18":"pa_prekiu-zenklai-royal-canin","19":"pa_suns-amzius-suaugusiems","20":"pa_veisles-dydis-mazoms-veislems","21":"pa_veisles-dydis-vidutinems-veislems","23":"first","24":"instock","25":"sale","26":"taxable","27":"shipping-taxable","28":"purchasable","29":"product-type-simple"},"acf":[],"_links":{"self":[{"href":"https:\/\/zooprekes24.lt\/et\/wp-json\/wp\/v2\/product\/21840","targetHints":{"allow":["GET"]}}],"collection":[{"href":"https:\/\/zooprekes24.lt\/et\/wp-json\/wp\/v2\/product"}],"about":[{"href":"https:\/\/zooprekes24.lt\/et\/wp-json\/wp\/v2\/types\/product"}],"replies":[{"embeddable":true,"href":"https:\/\/zooprekes24.lt\/et\/wp-json\/wp\/v2\/comments?post=21840"}],"wp:featuredmedia":[{"embeddable":true,"href":"https:\/\/zooprekes24.lt\/et\/wp-json\/wp\/v2\/media\/18004"}],"wp:attachment":[{"href":"https:\/\/zooprekes24.lt\/et\/wp-json\/wp\/v2\/media?parent=21840"}],"wp:term":[{"taxonomy":"product_brand","embeddable":true,"href":"https:\/\/zooprekes24.lt\/et\/wp-json\/wp\/v2\/product_brand?post=21840"},{"taxonomy":"product_cat","embeddable":true,"href":"https:\/\/zooprekes24.lt\/et\/wp-json\/wp\/v2\/product_cat?post=21840"},{"taxonomy":"product_tag","embeddable":true,"href":"https:\/\/zooprekes24.lt\/et\/wp-json\/wp\/v2\/product_tag?post=21840"}],"curies":[{"name":"wp","href":"https:\/\/api.w.org\/{rel}","templated":true}]}}