{"id":21829,"date":"2024-04-18T21:17:12","date_gmt":"2024-04-18T18:17:12","guid":{"rendered":"https:\/\/zooprekes24.lt\/produktas\/brit-jerky-rabbit-meaty-coins\/"},"modified":"2024-07-04T15:09:44","modified_gmt":"2024-07-04T12:09:44","slug":"briti-jerky-kuuliku-liha-munte","status":"publish","type":"product","link":"https:\/\/zooprekes24.lt\/et\/produktas\/brit-jerky-rabbit-meaty-coins\/","title":{"rendered":"Brit Jerky Rabbit &amp; Chicken Meaty Coins maiuspalad koertele 80 g"},"content":{"rendered":"<h3>Brit Jerky Rabbit &amp; Chicken Meaty Coins - \u00f5rnad k\u00fc\u00fcliku- ja kanah\u00f5rgutised k\u00f5igile t\u00e4iskasvanud koertele. Lihah\u00f5rgutised on parim viis koera kuulekuse treenimiseks ja tema loomulike instinktide stimuleerimiseks.<\/h3>\n<ul>\n<li><a href=\"https:\/\/www.youtube.com\/watch?v=1r2gs5bxQJg\" target=\"_blank\" rel=\"noopener\">Nisu-, gluteeni-, GMO- ja suhkruvaba<\/a>.<\/li>\n<li>Rikastatud eriti maitsvate mustikatega.<\/li>\n<li>Ainult looduslikud antioks\u00fcdandid - rosmariini ekstrakt.<\/li>\n<li>85% k\u00fc\u00fclik ja kana on suurep\u00e4rane valguallikas.<\/li>\n<li><a href=\"https:\/\/zooprekes24.lt\/et\/kategorija\/prekes-sunims\/koera-degusteerijad\/minksti-kramtalai-sunims\/\" target=\"_blank\" rel=\"noopener\">Ideaalne koolituseks<\/a>preemia v\u00f5i maitsva s\u00f6\u00f6gi eest.<\/li>\n<\/ul>","protected":false},"excerpt":{"rendered":"<p>Brit Jerky Rabbit &amp; Chicken Meaty Coins &#8211; \u0161veln\u016bs triu\u0161ienos ir vi\u0161tienos skan\u0117stai, skirti visiems suaugusiems \u0161unims. M\u0117sos skan\u0117stai &#8211; tai geriausia priemon\u0117 \u0161uns paklusnumui lavinti ir jo nat\u016braliems instinktams skatinti. Be kvie\u010di\u0173, glitimo, GMO ir cukraus. Praturtinta ypatingai gard\u017eiomis m\u0117lyn\u0117mis. Tik nat\u016bral\u016bs antioksidantai &#8211; rozmarin\u0173 ekstraktas. 85% triu\u0161ienos ir\u00a0 vi\u0161tienos \u2013 puikus baltym\u0173 \u0161altinis&#8230;.<\/p>","protected":false},"featured_media":28021,"comment_status":"closed","ping_status":"closed","template":"","meta":{"_acf_changed":false,"slim_seo":{"title":"Brit Jerky Rabbit & Chicken Meaty Coins skan\u0117stai \u0161unims 80 g - Zooprekes24","description":"Brit Jerky Rabbit &amp; Chicken Meaty Coins - \u00f5rnad k\u00fc\u00fcliku- ja kanah\u00f5rgutised k\u00f5igile t\u00e4iskasvanud koertele. Lihah\u00f5rgutised on ideaalne kaaslane"},"iawp_total_views":106},"product_brand":[],"product_cat":[9029,9030,9010,8999,31,30],"product_tag":[871,3786,376,385,386],"class_list":{"0":"post-21829","1":"product","2":"type-product","3":"status-publish","4":"has-post-thumbnail","6":"product_cat-brit-care","7":"product_cat-minksti-kramtalai","8":"product_cat-naturalus-skanestai","9":"product_cat-sunims","10":"product_cat-sunu-prekiu-gamintojai","11":"product_cat-sunu-skanestai","12":"product_tag-brit-skanestai-suniui","13":"product_tag-dziovinta-vistiena-suniui","14":"product_tag-kaulai-suniui","15":"product_tag-skanestas-suns-dresiravimui","16":"product_tag-skanukai-sunims","17":"pa_pasaro-sudetis-triusiena","18":"pa_pasaro-sudetis-uogos","19":"pa_pasaro-sudetis-vistiena","20":"pa_prekiu-zenklai-brit-care","21":"pa_suns-amzius-senjorams","22":"pa_suns-amzius-suaugusiems","23":"pa_veisles-dydis-didelems-veislems","24":"pa_veisles-dydis-mazoms-veislems","25":"pa_veisles-dydis-vidutinems-veislems","26":"pa_veisles-dydis-visu-dydziu-veislems","28":"first","29":"instock","30":"featured","31":"taxable","32":"shipping-taxable","33":"purchasable","34":"product-type-simple"},"acf":[],"_links":{"self":[{"href":"https:\/\/zooprekes24.lt\/et\/wp-json\/wp\/v2\/product\/21829","targetHints":{"allow":["GET"]}}],"collection":[{"href":"https:\/\/zooprekes24.lt\/et\/wp-json\/wp\/v2\/product"}],"about":[{"href":"https:\/\/zooprekes24.lt\/et\/wp-json\/wp\/v2\/types\/product"}],"replies":[{"embeddable":true,"href":"https:\/\/zooprekes24.lt\/et\/wp-json\/wp\/v2\/comments?post=21829"}],"wp:featuredmedia":[{"embeddable":true,"href":"https:\/\/zooprekes24.lt\/et\/wp-json\/wp\/v2\/media\/28021"}],"wp:attachment":[{"href":"https:\/\/zooprekes24.lt\/et\/wp-json\/wp\/v2\/media?parent=21829"}],"wp:term":[{"taxonomy":"product_brand","embeddable":true,"href":"https:\/\/zooprekes24.lt\/et\/wp-json\/wp\/v2\/product_brand?post=21829"},{"taxonomy":"product_cat","embeddable":true,"href":"https:\/\/zooprekes24.lt\/et\/wp-json\/wp\/v2\/product_cat?post=21829"},{"taxonomy":"product_tag","embeddable":true,"href":"https:\/\/zooprekes24.lt\/et\/wp-json\/wp\/v2\/product_tag?post=21829"}],"curies":[{"name":"wp","href":"https:\/\/api.w.org\/{rel}","templated":true}]}}