{"id":21825,"date":"2024-04-18T21:17:12","date_gmt":"2024-04-18T18:17:12","guid":{"rendered":"https:\/\/zooprekes24.lt\/produktas\/royal-canin-labrador-retriever-adult-5\/"},"modified":"2026-02-27T11:39:50","modified_gmt":"2026-02-27T09:39:50","slug":"royal-canin-labrador-retriiver-taiskasvanud-5","status":"publish","type":"product","link":"https:\/\/zooprekes24.lt\/et\/produktas\/royal-canin-labrador-retriever-adult-5\/","title":{"rendered":"Royal Canin Labrador Retriiver Adult 5+ kuivtoit koertele 12 kg"},"content":{"rendered":"<h3>Royal Canin Labrador Retriiver Adult 5+ kasutatud <a href=\"https:\/\/www.royalcanin.com\/lt\/about-us\/quality-and-food-safety\" target=\"_blank\" rel=\"noopener noreferrer\">eksklusiivne tootmisvalem<\/a>mis kasutab k\u00f5rgeima kvaliteediga valguallikaid ja tasakaalustatud kiudaineid, et aidata s\u00e4ilitada teie lemmiklooma ideaalne kehakaal, tugevad luud ja liigesed, ilus ja terve karvkate ning tugev silman\u00e4gemine.<\/h3>\n<ul>\n<li>Graanulide suurus, kuju ja tekstuur on kohandatud k\u00fcpsele labradori retriiverile. Pelleteid saab sooja veega pehmendada, et h\u00f5lbustada s\u00f6\u00f6mist.<\/li>\n<li>Kui labradori retriiver vananeb, v\u00e4heneb tema aktiivsus. See spetsiaalne koostis aitab s\u00e4ilitada t\u00e4iskasvanud labradoriretriiveri ideaalkaalu kohandatud rasva- ja kaloraa\u017eiga. Samuti aitab koostis s\u00e4ilitada optimaalset lihasmassi kohandatud valgusisalduse ja L-karnitiiniga.<\/li>\n<li>Royal Canin Labrador Retriiver Adult 5+ <a href=\"https:\/\/www.youtube.com\/watch?v=FYwO1fiYoa8&amp;t=1s\" target=\"_blank\" rel=\"noopener\">s\u00f6\u00f6da<\/a> <a href=\"https:\/\/zooprekes24.lt\/et\/kategorija\/prekes-sunims\/koeratoodete-tootjad\/royal-canin-sunims\/\" target=\"_blank\" rel=\"noopener\">rikkalikult toitaineid<\/a>sealhulgas kollageen, EPR ja DHA, mis aitavad s\u00e4ilitada k\u00f5hre, liigeste ja luude optimaalset seisundit vananemisprotsessi ajal.<\/li>\n<\/ul>\n<p><img loading=\"lazy\" decoding=\"async\" class=\"alignnone wp-image-17952\" src=\"https:\/\/zooprekes24.lt\/wp-content\/uploads\/bd1o-labrador-retriever-adult-in-black-and-white.jpg\" alt=\"\" width=\"360\" height=\"288\" srcset=\"https:\/\/zooprekes24.lt\/wp-content\/uploads\/bd1o-labrador-retriever-adult-in-black-and-white.jpg 960w, https:\/\/zooprekes24.lt\/wp-content\/uploads\/bd1o-labrador-retriever-adult-in-black-and-white-300x240.jpg 300w, https:\/\/zooprekes24.lt\/wp-content\/uploads\/bd1o-labrador-retriever-adult-in-black-and-white-600x480.jpg 600w\" sizes=\"auto, (max-width: 360px) 100vw, 360px\" \/><\/p>","protected":false},"excerpt":{"rendered":"<p>Royal Canin Labrador Retriever Adult 5+ naudojama i\u0161skirtin\u0117 gamybos formul\u0117, kurioje naudojami auk\u0161\u010diausios kokyb\u0117s baltym\u0173 ir subalansuot\u0173 maistini\u0173 skaidul\u0173 \u0161altiniai, kurie padeda i\u0161laikyti ideal\u0173 augintinio k\u016bno svor\u012f, stiprius kaulus ir s\u0105narius, gra\u017e\u0173 ir sveik\u0105 kail\u012f bei stipr\u0173 reg\u0117jim\u0105. Granuli\u0173 dydis, forma ir tekst\u016bra pritaikyta subrendusiam Labradoro retriveriui. Granules galima sumink\u0161tinti \u0161iltu vandeniu, kuris palengvina valgym\u0105&#8230;.<\/p>","protected":false},"featured_media":17953,"comment_status":"closed","ping_status":"closed","template":"","meta":{"_acf_changed":false,"slim_seo":{"title":"Royal Canin Labrador Retriever Adult 5+ sausas maistas \u0161unims 12 kg - Zooprekes24","description":"Royal Canin Labrador Retriever Adult 5+ naudojama i\u0161skirtin\u0117 gamybos formul\u0117 , kurioje naudojami auk\u0161\u010diausios kokyb\u0117s baltym\u0173 ir subalansuot\u0173 maistini\u0173 skaidul\u0173"},"iawp_total_views":112},"product_brand":[],"product_cat":[9012,9002,8999,29,31],"product_tag":[177,200],"class_list":{"0":"post-21825","1":"product","2":"type-product","3":"status-publish","4":"has-post-thumbnail","6":"product_cat-royal-canin","7":"product_cat-sausas-maistas","8":"product_cat-sunims","9":"product_cat-sunu-maistas","10":"product_cat-sunu-prekiu-gamintojai","11":"product_tag-edalas-sunims","12":"product_tag-super-premium-maistas-sunims","13":"pa_pasaro-sudetis-ryziai","14":"pa_pasaro-sudetis-vistiena","15":"pa_prekiu-zenklai-royal-canin","16":"pa_suns-amzius-suaugusiems","17":"pa_veisles-dydis-didelems-veislems","19":"first","20":"instock","21":"sale","22":"featured","23":"taxable","24":"shipping-taxable","25":"purchasable","26":"product-type-simple"},"acf":[],"_links":{"self":[{"href":"https:\/\/zooprekes24.lt\/et\/wp-json\/wp\/v2\/product\/21825","targetHints":{"allow":["GET"]}}],"collection":[{"href":"https:\/\/zooprekes24.lt\/et\/wp-json\/wp\/v2\/product"}],"about":[{"href":"https:\/\/zooprekes24.lt\/et\/wp-json\/wp\/v2\/types\/product"}],"replies":[{"embeddable":true,"href":"https:\/\/zooprekes24.lt\/et\/wp-json\/wp\/v2\/comments?post=21825"}],"wp:featuredmedia":[{"embeddable":true,"href":"https:\/\/zooprekes24.lt\/et\/wp-json\/wp\/v2\/media\/17953"}],"wp:attachment":[{"href":"https:\/\/zooprekes24.lt\/et\/wp-json\/wp\/v2\/media?parent=21825"}],"wp:term":[{"taxonomy":"product_brand","embeddable":true,"href":"https:\/\/zooprekes24.lt\/et\/wp-json\/wp\/v2\/product_brand?post=21825"},{"taxonomy":"product_cat","embeddable":true,"href":"https:\/\/zooprekes24.lt\/et\/wp-json\/wp\/v2\/product_cat?post=21825"},{"taxonomy":"product_tag","embeddable":true,"href":"https:\/\/zooprekes24.lt\/et\/wp-json\/wp\/v2\/product_tag?post=21825"}],"curies":[{"name":"wp","href":"https:\/\/api.w.org\/{rel}","templated":true}]}}