{"id":21824,"date":"2024-04-18T21:17:12","date_gmt":"2024-04-18T18:17:12","guid":{"rendered":"https:\/\/zooprekes24.lt\/produktas\/orijen-fit-trim-cat-sausas-maistas-katems\/"},"modified":"2026-03-31T16:02:53","modified_gmt":"2026-03-31T14:02:53","slug":"orijen-fit-trim-kasside-kuivtoit","status":"publish","type":"product","link":"https:\/\/zooprekes24.lt\/et\/produktas\/orijen-fit-trim-cat-sausas-maistas-katems\/","title":{"rendered":"Orijen Fit &amp; Trim sausas maistas kat\u0117ms"},"content":{"rendered":"<h3>Orijen Fit &amp; Trim kasside kuivtoit sisaldab vabapidamisel olevat kana- ja kalkuniliha preeriafarmidest, P\u00f5hja-Vancouveri saare k\u00fclmades vetes p\u00fc\u00fctud Atlandi merilesta ja heeringat ning preeriafarmide pesades munitud mune. K\u00f5ik tarnitakse v\u00e4rskelt, et hoida <a href=\"https:\/\/orijen.ca\/en-CA\/orijen-about-fresh_regional_ingredients.html\" target=\"_blank\" rel=\"noopener\">WholePrey\u2122<\/a> m\u00f5iste (kogusaak).<\/h3>\n<p>Kassid on eranditult lihas\u00f6\u00f6jad ja neil puudub bioloogiline vajadus s\u00fcsivesikute j\u00e4rele, kuid tavaline kassitoit sisaldab suures koguses k\u00f5rge gl\u00fckeemilise indeksiga s\u00fcsivesikuid (kartulid, tapiokk), mida peetakse sageli rasvumise ja diabeedi p\u00f5hjuseks. Orijen Fit &amp; Trim on v\u00e4lja t\u00f6\u00f6tatud spetsiaalselt \u00fclekaalulistele v\u00f5i rasvumisele kalduvatele kassidele. See sisaldab k\u00f5rge proteiinisisaldusega koostisosi madala rasva- ja s\u00fcsivesikute sisaldusega, et aidata taastada v\u00f5i s\u00e4ilitada teie lemmiklooma optimaalset kehakaalu. Orgaanilised merek\u00f6\u00f6giviljad ja taimeekstraktid, sealhulgas kadakamarjad, lavendlililled, p\u00e4ikesekuivatatud lutsern ja piparm\u00fcndilehed parandavad kassi ainevahetust ja toniseerivad seedetrakti. Orijen Fit &amp; Trim kasside kuivtoit sisaldab <a href=\"https:\/\/zooprekes24.lt\/et\/kategorija\/prekes-katems\/parditoodete-tootjad\/orijen-katems\/\" target=\"_blank\" rel=\"noopener\">palju v\u00e4rsket liha<\/a>, siseorganid ja luud, nii et teie lemmikloom saab looduslikult vajalikke toitaineid ja looduslikke mineraalaineid. Valmistatud auhinnatud k\u00f6\u00f6gis parimatest ja v\u00e4rsketest koostisosadest, <a href=\"https:\/\/orijen.ca\/en-CA\/orijen-about-biologically_appropriate.html\" target=\"_blank\" rel=\"noopener\">Bioloogiliselt sobiv\u2122<\/a> (Bioloogiliselt sobiv) koostis tagab terve ja \u00f5nneliku kassi.<\/p>","protected":false},"excerpt":{"rendered":"<p>Orijen Fit &amp; Trim sauso maisto kat\u0117ms\u00a0sud\u0117tyje laisvai u\u017eauginta vi\u0161tienos ir kalakutienos m\u0117sa i\u0161 prerij\u0173 \u016bki\u0173, \u0161altuose \u0160iaur\u0117s Vankuverio salos vandenyse su\u017evejota Atlanto plek\u0161n\u0117 ir silk\u0117 bei prerijos \u016bki\u0173 lizduose pad\u0117ti kiau\u0161iniai. Viskas pristatoma \u0161vie\u017eia laikantis WholePrey\u2122 (viso grobio) koncepcijos. Kat\u0117s yra i\u0161skirtinai m\u0117s\u0117d\u0117s ir neturi biologinio poreikio gauti angliavandeni\u0173, ta\u010diau \u012fprastiniuose ka\u010di\u0173 pa\u0161aruose yra&#8230;<\/p>","protected":false},"featured_media":17944,"comment_status":"closed","ping_status":"closed","template":"","meta":{"_acf_changed":false,"slim_seo":{"title":"Orijen Fit &amp; Trim sausas maistas kat\u0117ms - Zooprekes24","description":"Orijen Fit &amp; Trim kasside kuivtoit sisaldab vabapidamisel olevat kana- ja kalkuniliha P\u00f5hja-Vancouveri saare k\u00fclmades vetes asuvatest preeriafarmidest."},"iawp_total_views":193},"product_brand":[],"product_cat":[9027,72,83,25,9028,9016],"product_tag":[1671,1817,1675,1682,2329,1696],"class_list":{"0":"post-21824","1":"product","2":"type-product","3":"status-publish","4":"has-post-thumbnail","6":"product_cat-begrudis-maistas-kaciu-maistas","7":"product_cat-kaciu-maistas","8":"product_cat-kaciu-prekiu-gamintojai","9":"product_cat-katems","10":"product_cat-orijen-kaciu-prekiu-gamintojai","11":"product_cat-sausas-maistas-kaciu-maistas","12":"product_tag-begrudis-kaciu-maistas","13":"product_tag-edalas-katems","14":"product_tag-kaciu-edalas","15":"product_tag-kaciu-maistas-super-premium-klases","16":"product_tag-sausas-maistas-storai-katei","17":"product_tag-super-premium-maistas-katems","18":"pa_pasaro-sudetis-darzoves","19":"pa_pasaro-sudetis-kalakutiena","20":"pa_pasaro-sudetis-kiausiniai","21":"pa_pasaro-sudetis-uogos","22":"pa_pasaro-sudetis-vaisiai","23":"pa_pasaro-sudetis-vistiena","24":"pa_pasaro-sudetis-zuvis","25":"pa_prekiu-zenklai-orijen","27":"first","28":"instock","29":"featured","30":"taxable","31":"shipping-taxable","32":"purchasable","33":"product-type-variable"},"acf":[],"_links":{"self":[{"href":"https:\/\/zooprekes24.lt\/et\/wp-json\/wp\/v2\/product\/21824","targetHints":{"allow":["GET"]}}],"collection":[{"href":"https:\/\/zooprekes24.lt\/et\/wp-json\/wp\/v2\/product"}],"about":[{"href":"https:\/\/zooprekes24.lt\/et\/wp-json\/wp\/v2\/types\/product"}],"replies":[{"embeddable":true,"href":"https:\/\/zooprekes24.lt\/et\/wp-json\/wp\/v2\/comments?post=21824"}],"wp:featuredmedia":[{"embeddable":true,"href":"https:\/\/zooprekes24.lt\/et\/wp-json\/wp\/v2\/media\/17944"}],"wp:attachment":[{"href":"https:\/\/zooprekes24.lt\/et\/wp-json\/wp\/v2\/media?parent=21824"}],"wp:term":[{"taxonomy":"product_brand","embeddable":true,"href":"https:\/\/zooprekes24.lt\/et\/wp-json\/wp\/v2\/product_brand?post=21824"},{"taxonomy":"product_cat","embeddable":true,"href":"https:\/\/zooprekes24.lt\/et\/wp-json\/wp\/v2\/product_cat?post=21824"},{"taxonomy":"product_tag","embeddable":true,"href":"https:\/\/zooprekes24.lt\/et\/wp-json\/wp\/v2\/product_tag?post=21824"}],"curies":[{"name":"wp","href":"https:\/\/api.w.org\/{rel}","templated":true}]}}