{"id":21821,"date":"2024-04-18T21:17:12","date_gmt":"2024-04-18T18:17:12","guid":{"rendered":"https:\/\/zooprekes24.lt\/produktas\/biocos-apsauginis-balzamas-pedutems\/"},"modified":"2026-01-30T09:49:23","modified_gmt":"2026-01-30T07:49:23","slug":"biocos-apsauginis-balzamas-pedutems-30ml","status":"publish","type":"product","link":"https:\/\/zooprekes24.lt\/et\/produktas\/biocos-apsauginis-balzamas-pedutems-30ml\/","title":{"rendered":"Biocos apsauginis balzamas p\u0117dut\u0117ms, 30 ml"},"content":{"rendered":"<h3>Biocos apsauginis balzamas p\u0117dut\u0117ms &#8211; geriausias, geriausiems! Apgaubkite savo mylimiausio augintinio p\u0117dutes nematoma, ta\u010diau veiksminga apsauga: aliejai lengvai susigers \u012f od\u0105, padengdami p\u0117dut\u0119 apsaugine pl\u0117vele.<\/h3>\n<ul>\n<li>V\u00f5ib kasutada nii talvel kui ka suvel.<\/li>\n<li>Biocos kaitsev jalapalsam sobib koertele ja kassidele.<\/li>\n<li>Looduslikud \u00f5lid toidavad ja pehmendavad nahka, samas kui mesilasvaha loob kaitsva kile.<\/li>\n<li>Itin veiksmingai saugo augintinio p\u0117dutes nuo kenksming\u0173 i\u0161or\u0117s veiksni\u0173: \u0161al\u010dio, drusk\u0173, taip pat ir nuo kar\u0161\u010dio ir sauso oro.<\/li>\n<\/ul>\n<p><strong>V\u00e4ga oluline!<\/strong> Prie\u0161 einant \u012f lauk\u0105 netepkite \u0161uns p\u0117du\u010di\u0173 kremais, kurie n\u0117ra tam skirti. Pavyzd\u017eiui, patepus p\u0117dutes paprastu dr\u0117kinamuoju kremu, grei\u010diausiai sulauksite atvirk\u0161\u010dio rezultato \u2013 kremas, kuriame yra vandens greitai u\u017e\u0161als ir tai gali pa\u017eeisti p\u0117d\u0173 od\u0105. Jei visgi nesp\u0117jote tinkamai pasir\u016bpinti p\u0117dut\u0117mis, ir jos jau yra pa\u017eeistos, si\u016blome naudoti tik priemones, kurios yra specialiai sukurtos r\u016bpestingai pa\u017eeist\u0173 p\u0117du\u010di\u0173 prie\u017ei\u016brai.<\/p>","protected":false},"excerpt":{"rendered":"<p>Biocos apsauginis balzamas p\u0117dut\u0117ms &#8211; geriausias, geriausiems! Apgaubkite savo mylimiausio augintinio p\u0117dutes nematoma, ta\u010diau veiksminga apsauga: aliejai lengvai susigers \u012f od\u0105, padengdami p\u0117dut\u0119 apsaugine pl\u0117vele. Galima naudoti \u017eiem\u0105 ir vasar\u0105. Biocos apsauginis balzamas p\u0117dut\u0117ms tinkamas \u0161unims ir kat\u0117ms. Nat\u016bral\u016bs aliejai maitina ir mink\u0161tina od\u0105, o bi\u010di\u0173 va\u0161kas sukuria apsaugin\u0119 pl\u0117vel\u0119. Itin veiksmingai saugo augintinio p\u0117dutes&#8230;<\/p>","protected":false},"featured_media":44996,"comment_status":"closed","ping_status":"closed","template":"","meta":{"_acf_changed":false,"slim_seo":{"title":"Biocos apsauginis balzamas p\u0117dut\u0117ms, 30 ml - Zooprekes24","description":"Biocos apsauginis balzamas p\u0117dut\u0117ms - geriausias, geriausiems! Apgaubkite savo mylimiausio augintinio p\u0117dutes nematoma, ta\u010diau veiksminga apsauga: aliejai lengv"},"iawp_total_views":470},"product_brand":[],"product_cat":[25,104,32,9026,9025,8999],"product_tag":[3663,3668],"class_list":{"0":"post-21821","1":"product","2":"type-product","3":"status-publish","4":"has-post-thumbnail","6":"product_cat-katems","7":"product_cat-kitos-kaciu-prekes","8":"product_cat-kitos-sunu-prekes","9":"product_cat-prieziuros-priemones-sunims","10":"product_cat-prieziuros-priemones-katems","11":"product_cat-sunims","12":"product_tag-balzamas-suns-pedutems","13":"product_tag-peduciu-kremas","14":"pa_prekiu-zenklai-biocos","15":"pa_suns-amzius-jauniems","16":"pa_suns-amzius-senjorams","17":"pa_suns-amzius-suaugusiems","18":"pa_suns-amzius-visiems-amziams","19":"pa_veisles-dydis-didelems-veislems","20":"pa_veisles-dydis-mazoms-veislems","21":"pa_veisles-dydis-vidutinems-veislems","22":"pa_veisles-dydis-visu-dydziu-veislems","24":"first","25":"instock","26":"featured","27":"taxable","28":"shipping-taxable","29":"purchasable","30":"product-type-simple"},"acf":[],"_links":{"self":[{"href":"https:\/\/zooprekes24.lt\/et\/wp-json\/wp\/v2\/product\/21821","targetHints":{"allow":["GET"]}}],"collection":[{"href":"https:\/\/zooprekes24.lt\/et\/wp-json\/wp\/v2\/product"}],"about":[{"href":"https:\/\/zooprekes24.lt\/et\/wp-json\/wp\/v2\/types\/product"}],"replies":[{"embeddable":true,"href":"https:\/\/zooprekes24.lt\/et\/wp-json\/wp\/v2\/comments?post=21821"}],"wp:featuredmedia":[{"embeddable":true,"href":"https:\/\/zooprekes24.lt\/et\/wp-json\/wp\/v2\/media\/44996"}],"wp:attachment":[{"href":"https:\/\/zooprekes24.lt\/et\/wp-json\/wp\/v2\/media?parent=21821"}],"wp:term":[{"taxonomy":"product_brand","embeddable":true,"href":"https:\/\/zooprekes24.lt\/et\/wp-json\/wp\/v2\/product_brand?post=21821"},{"taxonomy":"product_cat","embeddable":true,"href":"https:\/\/zooprekes24.lt\/et\/wp-json\/wp\/v2\/product_cat?post=21821"},{"taxonomy":"product_tag","embeddable":true,"href":"https:\/\/zooprekes24.lt\/et\/wp-json\/wp\/v2\/product_tag?post=21821"}],"curies":[{"name":"wp","href":"https:\/\/api.w.org\/{rel}","templated":true}]}}