{"id":21820,"date":"2024-04-18T21:17:12","date_gmt":"2024-04-18T18:17:12","guid":{"rendered":"https:\/\/zooprekes24.lt\/produktas\/canvit-silybum-marianum-sunims-ir-katems\/"},"modified":"2024-07-22T16:14:32","modified_gmt":"2024-07-22T13:14:32","slug":"canvit-silybum-marianum-koertele-ja-kassidele-2","status":"publish","type":"product","link":"https:\/\/zooprekes24.lt\/et\/produktas\/canvit-silybum-marianum-sunims-ir-katems\/","title":{"rendered":"Canvit Silybum Marianum toidulisand koertele ja kassidele 160 g"},"content":{"rendered":"<h3>Canvit Silybum Marianum - ekstrakt rukkilille (Silybum marianum) seemnetest sisaldab <a href=\"https:\/\/zooprekes24.lt\/et\/?s=naturalus&amp;post_type=product&amp;product_cat=0\" target=\"_blank\" rel=\"noopener\">looduslik<\/a> sil\u00fcmariini allikas, mis sisaldab mitmeid flavonolignaanide kombinatsioone.<\/h3>\n<ul>\n<li>Parandab koerte ja kasside maksafunktsiooni.<\/li>\n<li>Toetab maksarakkude moodustumist ja regenereerimist.<\/li>\n<li>Kaitseb uusi rakke ja aitab v\u00e4hendada p\u00f5letikku.<\/li>\n<li><a href=\"https:\/\/www.canvit.cz\/en\/\" target=\"_blank\" rel=\"noopener noreferrer\">Canvit<\/a> Sil\u00fcmariin on v\u00e4ga t\u00f5hus antioks\u00fcdant, mis kaitseb maksarakke.<\/li>\n<li>Canvit Silybum Marianum toidulisand on suurep\u00e4rane valik lemmikloomadele, keda toidetakse BARF-dieediga.<\/li>\n<\/ul>","protected":false},"excerpt":{"rendered":"<p>Canvit Silybum Marianum &#8211; ekstraktas i\u0161 margaini\u0173 (Silybum marianum) s\u0117kl\u0173 yra nat\u016bralus silimarino \u0161altinis, kuris apima daug flavonolignano derini\u0173. Gerina \u0161un\u0173 ir ka\u010di\u0173 kepen\u0173 funkcij\u0105. Palaiko kepen\u0173 l\u0105steli\u0173 formavim\u0105si ir regeneracij\u0105. Apsaugo naujas l\u0105steles ir padeda suma\u017einti u\u017edegim\u0105. Canvit sud\u0117tyje esantis silimarinas yra labai veiksmingas antioksidantas, kuris apsaugo kepen\u0173 l\u0105steles. Canvit Silybum Marianum maisto papildas&#8230;<\/p>","protected":false},"featured_media":17862,"comment_status":"closed","ping_status":"closed","template":"","meta":{"_acf_changed":false,"slim_seo":{"title":"Canvit Silybum Marianum maisto papildas \u0161unims ir kat\u0117ms 160 g - Zooprekes24","description":"Canvit Silybum Marianum - naistepuna (Silybum marianum) seemnetest saadud ekstrakt on looduslik sil\u00fcmariini allikas, mis sisaldab mitmeid flavonolignaani kombinatsioone. See parandab juuste"},"iawp_total_views":104},"product_brand":[],"product_cat":[9023,9021,83,25,104,32,8999,31,9017,9022],"product_tag":[2441],"class_list":{"0":"post-21820","1":"product","2":"type-product","3":"status-publish","4":"has-post-thumbnail","6":"product_cat-canvit-katems","7":"product_cat-canvit-sunims","8":"product_cat-kaciu-prekiu-gamintojai","9":"product_cat-katems","10":"product_cat-kitos-kaciu-prekes","11":"product_cat-kitos-sunu-prekes","12":"product_cat-sunims","13":"product_cat-sunu-prekiu-gamintojai","14":"product_cat-vitaminai-ir-papildai-katems","15":"product_cat-vitaminai-ir-papildai-sunims","16":"product_tag-vitaminai","17":"pa_prekiu-zenklai-canvit","18":"pa_suns-amzius-jauniems","19":"pa_suns-amzius-senjorams","20":"pa_suns-amzius-suaugusiems","21":"pa_suns-amzius-visiems-amziams","22":"pa_veisles-dydis-didelems-veislems","23":"pa_veisles-dydis-mazoms-veislems","24":"pa_veisles-dydis-vidutinems-veislems","25":"pa_veisles-dydis-visu-dydziu-veislems","27":"first","28":"instock","29":"featured","30":"taxable","31":"shipping-taxable","32":"purchasable","33":"product-type-simple"},"acf":[],"_links":{"self":[{"href":"https:\/\/zooprekes24.lt\/et\/wp-json\/wp\/v2\/product\/21820","targetHints":{"allow":["GET"]}}],"collection":[{"href":"https:\/\/zooprekes24.lt\/et\/wp-json\/wp\/v2\/product"}],"about":[{"href":"https:\/\/zooprekes24.lt\/et\/wp-json\/wp\/v2\/types\/product"}],"replies":[{"embeddable":true,"href":"https:\/\/zooprekes24.lt\/et\/wp-json\/wp\/v2\/comments?post=21820"}],"wp:featuredmedia":[{"embeddable":true,"href":"https:\/\/zooprekes24.lt\/et\/wp-json\/wp\/v2\/media\/17862"}],"wp:attachment":[{"href":"https:\/\/zooprekes24.lt\/et\/wp-json\/wp\/v2\/media?parent=21820"}],"wp:term":[{"taxonomy":"product_brand","embeddable":true,"href":"https:\/\/zooprekes24.lt\/et\/wp-json\/wp\/v2\/product_brand?post=21820"},{"taxonomy":"product_cat","embeddable":true,"href":"https:\/\/zooprekes24.lt\/et\/wp-json\/wp\/v2\/product_cat?post=21820"},{"taxonomy":"product_tag","embeddable":true,"href":"https:\/\/zooprekes24.lt\/et\/wp-json\/wp\/v2\/product_tag?post=21820"}],"curies":[{"name":"wp","href":"https:\/\/api.w.org\/{rel}","templated":true}]}}