{"id":21819,"date":"2024-04-18T21:17:12","date_gmt":"2024-04-18T18:17:12","guid":{"rendered":"https:\/\/zooprekes24.lt\/produktas\/canvit-kelp-sunims-ir-katems\/"},"modified":"2026-03-31T18:01:18","modified_gmt":"2026-03-31T16:01:18","slug":"canvit-kelp-koertele-ja-kassidele","status":"publish","type":"product","link":"https:\/\/zooprekes24.lt\/et\/produktas\/canvit-kelp-sunims-ir-katems\/","title":{"rendered":"Canvit Kelp toidulisand koertele ja kassidele 60 g"},"content":{"rendered":"<h3>Canvit Kelp - looduslik s\u00f6\u00f6dalisand <a href=\"https:\/\/zooprekes24.lt\/et\/?s=sunims&amp;post_type=product&amp;product_cat=0\" target=\"_blank\" rel=\"noopener noreferrer\">koertele ja kassidele<\/a>, mis on selliste oluliste mineraalainete nagu jood, kaltsium, fosfor, magneesium, kaalium, raud, B- ja C-vitamiinid ning aminohapped allikas.<\/h3>\n<ul>\n<li>Aitab v\u00e4hendada hambakivi, hambakivi ja kontrollida halba hinge\u00f5hku.<\/li>\n<li>Seda soovitatakse kasutada \u00fcldise heaolu, v\u00e4limuse ja karvkatte kvaliteedi parandamiseks.<\/li>\n<li>Canvit Kelp toidulisand on suurep\u00e4rane valik lemmikloomadele, keda toidetakse BARF-dieediga.<\/li>\n<li>Kelp on sobiv toidulisand k\u00f5igile koertele ja kassidele, sest see on looduslik, rafineerimata ja h\u00e4sti seeditav toode.<\/li>\n<li><a href=\"https:\/\/www.canvit.cz\/en\/\" target=\"_blank\" rel=\"noopener noreferrer\">Canvit<\/a> Kelp on unikaalsete antioks\u00fcdantide omadustega ja toetab kilpn\u00e4\u00e4rme funktsiooni, karvkatte pigmentatsiooni, tervislikke hambaid ja igemeid.<\/li>\n<\/ul>","protected":false},"excerpt":{"rendered":"<p>Canvit Kelp &#8211; nat\u016bralus pa\u0161aro papildas \u0161unims ir kat\u0117ms, svarbiausi\u0173 mineral\u0173 \u0161altinis, toki\u0173 kaip jodo, kalcio, fosforo, magnio, kalio, gele\u017eies, vitamin\u0173 B, C ir amino r\u016bg\u0161\u010di\u0173. Padeda suma\u017einti dant\u0173 apna\u0161as, dant\u0173 akmenis bei kontroliuoti blog\u0105 burnos kvap\u0105. Rekomenduojama naudoti siekiant pagerinti bendr\u0105 savijaut\u0105, i\u0161vaizd\u0105 ir kailio kokyb\u0119. Canvit Kelp maisto papildas yra puikus pasirinkimas augintiniams,&#8230;<\/p>","protected":false},"featured_media":17860,"comment_status":"closed","ping_status":"closed","template":"","meta":{"_acf_changed":false,"slim_seo":{"title":"Canvit Kelp maisto papildas \u0161unims ir kat\u0117ms 60 g - Zooprekes24","description":"Canvit Kelp on looduslik toidulisand koertele ja kassidele, mis on selliste oluliste mineraalide allikas nagu jood, kaltsium, fosfor, magneesium, kaalium, raud ja B-vitamiinid,"},"iawp_total_views":125},"product_brand":[],"product_cat":[9021,9023,83,25,104,32,8999,31,9017,9022],"product_tag":[3063,2441],"class_list":{"0":"post-21819","1":"product","2":"type-product","3":"status-publish","4":"has-post-thumbnail","6":"product_cat-canvit-sunims","7":"product_cat-canvit-katems","8":"product_cat-kaciu-prekiu-gamintojai","9":"product_cat-katems","10":"product_cat-kitos-kaciu-prekes","11":"product_cat-kitos-sunu-prekes","12":"product_cat-sunims","13":"product_cat-sunu-prekiu-gamintojai","14":"product_cat-vitaminai-ir-papildai-katems","15":"product_cat-vitaminai-ir-papildai-sunims","16":"product_tag-barf-papildai-sunims","17":"product_tag-vitaminai","18":"pa_prekiu-zenklai-canvit","19":"pa_suns-amzius-jauniems","20":"pa_suns-amzius-senjorams","21":"pa_suns-amzius-suaugusiems","22":"pa_suns-amzius-visiems-amziams","23":"pa_veisles-dydis-didelems-veislems","24":"pa_veisles-dydis-mazoms-veislems","25":"pa_veisles-dydis-vidutinems-veislems","26":"pa_veisles-dydis-visu-dydziu-veislems","28":"first","29":"instock","30":"featured","31":"taxable","32":"shipping-taxable","33":"purchasable","34":"product-type-simple"},"acf":[],"_links":{"self":[{"href":"https:\/\/zooprekes24.lt\/et\/wp-json\/wp\/v2\/product\/21819","targetHints":{"allow":["GET"]}}],"collection":[{"href":"https:\/\/zooprekes24.lt\/et\/wp-json\/wp\/v2\/product"}],"about":[{"href":"https:\/\/zooprekes24.lt\/et\/wp-json\/wp\/v2\/types\/product"}],"replies":[{"embeddable":true,"href":"https:\/\/zooprekes24.lt\/et\/wp-json\/wp\/v2\/comments?post=21819"}],"wp:featuredmedia":[{"embeddable":true,"href":"https:\/\/zooprekes24.lt\/et\/wp-json\/wp\/v2\/media\/17860"}],"wp:attachment":[{"href":"https:\/\/zooprekes24.lt\/et\/wp-json\/wp\/v2\/media?parent=21819"}],"wp:term":[{"taxonomy":"product_brand","embeddable":true,"href":"https:\/\/zooprekes24.lt\/et\/wp-json\/wp\/v2\/product_brand?post=21819"},{"taxonomy":"product_cat","embeddable":true,"href":"https:\/\/zooprekes24.lt\/et\/wp-json\/wp\/v2\/product_cat?post=21819"},{"taxonomy":"product_tag","embeddable":true,"href":"https:\/\/zooprekes24.lt\/et\/wp-json\/wp\/v2\/product_tag?post=21819"}],"curies":[{"name":"wp","href":"https:\/\/api.w.org\/{rel}","templated":true}]}}