{"id":21815,"date":"2024-04-18T21:17:12","date_gmt":"2024-04-18T18:17:12","guid":{"rendered":"https:\/\/zooprekes24.lt\/produktas\/canvit-biotin-maxi-sunims\/"},"modified":"2026-03-31T17:39:06","modified_gmt":"2026-03-31T15:39:06","slug":"canvit-biotin-maxi-sunims","status":"publish","type":"product","link":"https:\/\/zooprekes24.lt\/et\/produktas\/canvit-biotin-maxi-sunims\/","title":{"rendered":"Canvit Biotin Maxi toidulisand koertele 230 g"},"content":{"rendered":"<h3>Canvit Biotin Maxi - suurep\u00e4rane <a href=\"https:\/\/zooprekes24.lt\/et\/?s=vitaminai&amp;post_type=product&amp;product_cat=0\" target=\"_blank\" rel=\"noopener noreferrer\">vitamiinid<\/a> l\u00e4ikiva karvkatte saavutamiseks ning naha ja karvkatte seisundi taastamiseks.<\/h3>\n<ul>\n<li>Aitab s\u00e4ilitada terve ja l\u00e4ikiva karvkatte.<\/li>\n<li>M\u00f5jutab positiivselt lemmiklooma k\u00fc\u00fcnte keratiini.<\/li>\n<li>Tablettide kujul (230 g - 76 tabletti).<\/li>\n<li>Sisaldab aktiivset biotiini, tsinki ja B-vitamiine.<\/li>\n<li><a href=\"https:\/\/www.canvit.cz\/en\/\" target=\"_blank\" rel=\"noopener noreferrer\">Canvit<\/a> Metioniini kompleks soodustab terve naha arengut.<\/li>\n<\/ul>","protected":false},"excerpt":{"rendered":"<p>Canvit Biotin Maxi &#8211; puik\u016bs vitaminai blizgan\u010diam augintinio kailiui bei odos ir kailio b\u016bkl\u0117s atstatymui. Padeda i\u0161laikyti sveika ir blizgant\u012f kail\u012f. Teigiamai veikia augintinio nag\u0173 keratin\u0105. Papild\u0173 forma &#8211; tablet\u0117s (230 g &#8211; 76 tablet\u0117s). Sud\u0117tyje yra aktyviojo biotino, cinko, B grup\u0117s vitamin\u0173. Canvit metionino kompleksas skatina sveikos odos vystym\u0105si.<\/p>","protected":false},"featured_media":17841,"comment_status":"closed","ping_status":"closed","template":"","meta":{"_acf_changed":false,"slim_seo":{"title":"Canvit Biotin Maxi maisto papildas \u0161unims 230 g - Zooprekes24","description":"Canvit Biotin Maxi - puik\u016bs vitaminai blizgan\u010diam augintinio kailiui bei odos ir kailio b\u016bkl\u0117s atstatymui. Padeda i\u0161laikyti sveika ir blizgant\u012f kail\u012f. Teigiamai"},"iawp_total_views":100},"product_brand":[],"product_cat":[9021,32,8999,31,9022],"product_tag":[3336,2441],"class_list":{"0":"post-21815","1":"product","2":"type-product","3":"status-publish","4":"has-post-thumbnail","6":"product_cat-canvit-sunims","7":"product_cat-kitos-sunu-prekes","8":"product_cat-sunims","9":"product_cat-sunu-prekiu-gamintojai","10":"product_cat-vitaminai-ir-papildai-sunims","11":"product_tag-canvit-vitaminai-suns-kailiui","12":"product_tag-vitaminai","13":"pa_prekiu-zenklai-canvit","14":"pa_suns-amzius-jauniems","15":"pa_suns-amzius-senjorams","16":"pa_suns-amzius-suaugusiems","17":"pa_suns-amzius-visiems-amziams","18":"pa_veisles-dydis-didelems-veislems","20":"first","21":"outofstock","22":"featured","23":"taxable","24":"shipping-taxable","25":"purchasable","26":"product-type-simple"},"acf":[],"_links":{"self":[{"href":"https:\/\/zooprekes24.lt\/et\/wp-json\/wp\/v2\/product\/21815","targetHints":{"allow":["GET"]}}],"collection":[{"href":"https:\/\/zooprekes24.lt\/et\/wp-json\/wp\/v2\/product"}],"about":[{"href":"https:\/\/zooprekes24.lt\/et\/wp-json\/wp\/v2\/types\/product"}],"replies":[{"embeddable":true,"href":"https:\/\/zooprekes24.lt\/et\/wp-json\/wp\/v2\/comments?post=21815"}],"wp:featuredmedia":[{"embeddable":true,"href":"https:\/\/zooprekes24.lt\/et\/wp-json\/wp\/v2\/media\/17841"}],"wp:attachment":[{"href":"https:\/\/zooprekes24.lt\/et\/wp-json\/wp\/v2\/media?parent=21815"}],"wp:term":[{"taxonomy":"product_brand","embeddable":true,"href":"https:\/\/zooprekes24.lt\/et\/wp-json\/wp\/v2\/product_brand?post=21815"},{"taxonomy":"product_cat","embeddable":true,"href":"https:\/\/zooprekes24.lt\/et\/wp-json\/wp\/v2\/product_cat?post=21815"},{"taxonomy":"product_tag","embeddable":true,"href":"https:\/\/zooprekes24.lt\/et\/wp-json\/wp\/v2\/product_tag?post=21815"}],"curies":[{"name":"wp","href":"https:\/\/api.w.org\/{rel}","templated":true}]}}