{"id":21814,"date":"2024-04-18T21:17:12","date_gmt":"2024-04-18T18:17:12","guid":{"rendered":"https:\/\/zooprekes24.lt\/produktas\/royal-canin-babycat-milk\/"},"modified":"2025-07-01T15:01:10","modified_gmt":"2025-07-01T13:01:10","slug":"royal-canin-babycat-piim","status":"publish","type":"product","link":"https:\/\/zooprekes24.lt\/et\/produktas\/royal-canin-babycat-milk\/","title":{"rendered":"Royal Canin Babycat Milk piimaasendaja kassipoegadele 300 g"},"content":{"rendered":"<h3>Royal Canin Babycat Milk -\u00a0<a href=\"https:\/\/youtu.be\/eqSuN1uYpy0\" target=\"_blank\" rel=\"noopener\">spetsiaalselt tasakaalustatud<\/a> piim kassipoegadele, mis on m\u00f5eldud kassipoegade stabiilseks ja harmooniliseks kasvuks. See on energia- ja valgurikas ning on peaaegu eristamatu imetava kassi piimast. S<span lang=\"en-us\">ristatud kassipojad<\/span><span lang=\"lt-lt\">\u00a0s\u00f6\u00f6tmine s\u00fcnnist kuni v\u00f5\u00f5rutamiseni.<\/span><\/h3>\n<ul>\n<li><a href=\"https:\/\/zooprekes24.lt\/et\/?s=ka%C4%8Diukams&amp;post_type=product&amp;product_cat=0\" target=\"_blank\" rel=\"noopener noreferrer\">Kassipoegade jaoks<\/a> kuni 4 n\u00e4dala vanuseni.<\/li>\n<li>Royal Canin Babycat Milk sisaldab hoolikalt valitud, h\u00e4sti seeditavaid valke ja laktoosi, mis on peaaegu eristamatu rinnapiimast. See sobib eriti h\u00e4sti kassipoegade seedetraktile, kuna ei sisalda t\u00e4rklist (kassipojad ei erita t\u00e4rklise seedimiseks piisavalt am\u00fclaasi). Ja frukto-oligosahhariidid (FOS) aitavad s\u00e4ilitada kassipoegade tervislikku ja tasakaalustatud soolefloorat.<\/li>\n<li>Lihtne valmistada. Eksklusiivne koostis lahustab piima v\u00e4ga kiiresti ja annab t\u00e4ieliku, settevaba, homogeense piimasegu.<\/li>\n<li>P\u00e4rast s\u00fcndi j\u00e4tkub kassipoegade n\u00e4rvis\u00fcsteemi areng. Rinnapiimas sisalduvad dokosaheksaeenhapped (DHA) aitavad kaasa kassipoegade kognitiivsete funktsioonide arengule, mis on sama p\u00f5hjus, miks see on <a href=\"https:\/\/www.royalcanin.com\/lt\/about-us\/quality-and-food-safety\" target=\"_blank\" rel=\"noopener noreferrer\">rikastatud (DHA) happega.<\/a><\/li>\n<li><a href=\"https:\/\/www.youtube.com\/watch?reload=9&amp;reload=9&amp;v=FYwO1fiYoa8\" target=\"_blank\" rel=\"noopener noreferrer\">ainu\u00fcksi taimse ja mineraalse p\u00e4ritoluga koostisainetega<\/a>et tagada teie lemmiklooma hea seedimine.<\/li>\n<li>Pakend sisaldab piimapudelit, 3 nisa ja lusikat t\u00e4pseks doseerimiseks.<\/li>\n<\/ul>\n<p><img loading=\"lazy\" decoding=\"async\" class=\"\" src=\"https:\/\/cdn.royalcanin-weshare-online.io\/UvrCK2oBIYfdNSoCExcd\/v10\/sacred-birman-mother-kitten-birth-growth-brand-emblematic?w=1440&amp;auto=compress&amp;fm=jpg\" width=\"350\" height=\"273\" \/><\/p>","protected":false},"excerpt":{"rendered":"<p>Royal Canin Babycat Milk &#8211;\u00a0specialiai subalansuotas pienas ka\u010diukams, kuris skirtas stabiliam ir harmoningam ma\u017eyli\u0173 augimui. Pieno sud\u0117tyje daug energijos ir baltym\u0173 kurie beveik nesiskiria nuo maitinan\u010dios kat\u0117s pieno. Skirta ka\u010diuk\u0173\u00a0maitinimui nuo gimimo iki nujunkymo. Skirta\u00a0ka\u010diukams iki 4 savai\u010di\u0173 am\u017eiaus. Royal Canin Babycat Milk pieno sud\u0117t\u012f sudaro kruop\u0161\u010diai atrinkti labai lengvai vir\u0161kinami baltymai ir laktoz\u0117, kuri&#8230;<\/p>","protected":false},"featured_media":17840,"comment_status":"closed","ping_status":"closed","template":"","meta":{"_acf_changed":false,"slim_seo":{"title":"Royal Canin Babycat Milk pieno pakaitalas ka\u010diukams 300 g - Zooprekes24","description":"Royal Canin Babycat Milk on spetsiaalselt tasakaalustatud piim kassipoegadele, mis on m\u00f5eldud stabiilseks ja harmooniliseks kasvuks. Piim on energiarikas ja"},"iawp_total_views":383},"product_brand":[],"product_cat":[72,83,25,9019,9020],"product_tag":[1671,1675,1682,2185,1696],"class_list":{"0":"post-21814","1":"product","2":"type-product","3":"status-publish","4":"has-post-thumbnail","6":"product_cat-kaciu-maistas","7":"product_cat-kaciu-prekiu-gamintojai","8":"product_cat-katems","9":"product_cat-royal-canin-kaciu-prekiu-gamintojai","10":"product_cat-slapias-maistas-kaciu-maistas","11":"product_tag-begrudis-kaciu-maistas","12":"product_tag-kaciu-edalas","13":"product_tag-kaciu-maistas-super-premium-klases","14":"product_tag-nujunkomiems-kaciukams","15":"product_tag-super-premium-maistas-katems","16":"pa_prekiu-zenklai-royal-canin","18":"first","19":"instock","20":"featured","21":"taxable","22":"shipping-taxable","23":"purchasable","24":"product-type-simple"},"acf":[],"_links":{"self":[{"href":"https:\/\/zooprekes24.lt\/et\/wp-json\/wp\/v2\/product\/21814","targetHints":{"allow":["GET"]}}],"collection":[{"href":"https:\/\/zooprekes24.lt\/et\/wp-json\/wp\/v2\/product"}],"about":[{"href":"https:\/\/zooprekes24.lt\/et\/wp-json\/wp\/v2\/types\/product"}],"replies":[{"embeddable":true,"href":"https:\/\/zooprekes24.lt\/et\/wp-json\/wp\/v2\/comments?post=21814"}],"wp:featuredmedia":[{"embeddable":true,"href":"https:\/\/zooprekes24.lt\/et\/wp-json\/wp\/v2\/media\/17840"}],"wp:attachment":[{"href":"https:\/\/zooprekes24.lt\/et\/wp-json\/wp\/v2\/media?parent=21814"}],"wp:term":[{"taxonomy":"product_brand","embeddable":true,"href":"https:\/\/zooprekes24.lt\/et\/wp-json\/wp\/v2\/product_brand?post=21814"},{"taxonomy":"product_cat","embeddable":true,"href":"https:\/\/zooprekes24.lt\/et\/wp-json\/wp\/v2\/product_cat?post=21814"},{"taxonomy":"product_tag","embeddable":true,"href":"https:\/\/zooprekes24.lt\/et\/wp-json\/wp\/v2\/product_tag?post=21814"}],"curies":[{"name":"wp","href":"https:\/\/api.w.org\/{rel}","templated":true}]}}