{"id":21812,"date":"2024-04-18T21:17:12","date_gmt":"2024-04-18T18:17:12","guid":{"rendered":"https:\/\/zooprekes24.lt\/produktas\/sanal-fish-bites\/"},"modified":"2024-09-09T12:55:26","modified_gmt":"2024-09-09T09:55:26","slug":"sanal-kala-hammustab","status":"publish","type":"product","link":"https:\/\/zooprekes24.lt\/et\/produktas\/sanal-fish-bites\/","title":{"rendered":"Sanal Fish Bites Cup kassitoidulisand 75 g"},"content":{"rendered":"<h3>Hellitage oma lemmiklooma nende maitsvate Sanal Fish Bites Cup-patjadega. V\u00e4ljastpoolt kr\u00f5bedad ja seestpoolt t\u00e4idetud maitsva kalat\u00e4idisega - t\u00f5eline maiuspala isegi <a href=\"https:\/\/zooprekes24.lt\/et\/kategorija\/prekes-katems\/kulatoit\/skanestai-katems\/\" target=\"_blank\" rel=\"noopener noreferrer\">k\u00f5ige valivamale kassile.<\/a><\/h3>\n<ul>\n<li>Vitamiinidega A, D<span style=\"font-size: xx-small;\">3<\/span>, E ja s\u00fcdant tugevdav tauriin.<\/li>\n<li>Graanulid on kr\u00f5bedad, kergesti n\u00e4ritav ja maitsevad suurep\u00e4raselt.<\/li>\n<li>See toidulisand aitab toidab teie lemmiklooma karvkatte, hoides selle tervena ja l\u00e4ikivana.<\/li>\n<li>Omega-3-rasvhapetega, mis tugevdavad s\u00fcdame-veresoonkonna s\u00fcsteemi.<\/li>\n<li><a href=\"https:\/\/www.youtube.com\/watch?v=jqPw_qlY_Kg\" target=\"_blank\" rel=\"noopener noreferrer\">Pakendatud mugavasse kaanega plastkarpi, mis hoiab toote kauem v\u00e4rskena.<\/a><\/li>\n<\/ul>","protected":false},"excerpt":{"rendered":"<p>Palepinkite savo augintin\u012f \u0161iomis gard\u017eiomis Sanal Fish Bites Cup pagalv\u0117l\u0117mis. Tra\u0161kios i\u0161or\u0117je, o viduje u\u017epildytos gard\u017eiu \u017euvies \u012fdaru \u2013 tikras skanumynas net ir i\u0161rankiausiai katei. Su vitaminais A, D3, E ir \u0161ird\u012f stiprinan\u010diu taurinu. Granul\u0117s tra\u0161kios, lengvai sukramtomos ir puikaus skonio. Papildas padeda puosel\u0117ti gyv\u016bno kail\u012f, palaikyti j\u012f sveik\u0105 ir \u017evilgant\u012f. Su Omega-3 riebal\u0173 r\u016bg\u0161timis&#8230;<\/p>","protected":false},"featured_media":17806,"comment_status":"closed","ping_status":"closed","template":"","meta":{"_acf_changed":false,"slim_seo":{"title":"Sanal Fish Bites Cup pa\u0161aro papildas kat\u0117ms 75 g - Zooprekes24","description":"Hellitage oma lemmiklooma nende maitsvate Sanal Fish Bites Cup-patjadega. V\u00e4ljastpoolt kr\u00f5bedad ja seestpoolt t\u00e4idetud maitsva kalat\u00e4idisega - t\u00f5eline maiuspala. n"},"iawp_total_views":78},"product_brand":[],"product_cat":[72,25,104,9018,9017],"product_tag":[1675],"class_list":{"0":"post-21812","1":"product","2":"type-product","3":"status-publish","4":"has-post-thumbnail","6":"product_cat-kaciu-maistas","7":"product_cat-katems","8":"product_cat-kitos-kaciu-prekes","9":"product_cat-skanestai","10":"product_cat-vitaminai-ir-papildai-katems","11":"product_tag-kaciu-edalas","12":"pa_pasaro-sudetis-lasisa","13":"pa_pasaro-sudetis-zuvis","14":"pa_prekiu-zenklai-sanal","16":"first","17":"instock","18":"featured","19":"taxable","20":"shipping-taxable","21":"purchasable","22":"product-type-simple"},"acf":[],"_links":{"self":[{"href":"https:\/\/zooprekes24.lt\/et\/wp-json\/wp\/v2\/product\/21812","targetHints":{"allow":["GET"]}}],"collection":[{"href":"https:\/\/zooprekes24.lt\/et\/wp-json\/wp\/v2\/product"}],"about":[{"href":"https:\/\/zooprekes24.lt\/et\/wp-json\/wp\/v2\/types\/product"}],"replies":[{"embeddable":true,"href":"https:\/\/zooprekes24.lt\/et\/wp-json\/wp\/v2\/comments?post=21812"}],"wp:featuredmedia":[{"embeddable":true,"href":"https:\/\/zooprekes24.lt\/et\/wp-json\/wp\/v2\/media\/17806"}],"wp:attachment":[{"href":"https:\/\/zooprekes24.lt\/et\/wp-json\/wp\/v2\/media?parent=21812"}],"wp:term":[{"taxonomy":"product_brand","embeddable":true,"href":"https:\/\/zooprekes24.lt\/et\/wp-json\/wp\/v2\/product_brand?post=21812"},{"taxonomy":"product_cat","embeddable":true,"href":"https:\/\/zooprekes24.lt\/et\/wp-json\/wp\/v2\/product_cat?post=21812"},{"taxonomy":"product_tag","embeddable":true,"href":"https:\/\/zooprekes24.lt\/et\/wp-json\/wp\/v2\/product_tag?post=21812"}],"curies":[{"name":"wp","href":"https:\/\/api.w.org\/{rel}","templated":true}]}}