{"id":21810,"date":"2024-04-18T21:17:12","date_gmt":"2024-04-18T18:17:12","guid":{"rendered":"https:\/\/zooprekes24.lt\/produktas\/sanal-dentas-cup\/"},"modified":"2024-09-09T12:54:01","modified_gmt":"2024-09-09T09:54:01","slug":"sanal-dentas-cup","status":"publish","type":"product","link":"https:\/\/zooprekes24.lt\/et\/produktas\/sanal-dentas-cup\/","title":{"rendered":"Sanal Denta's Cup kassitoidulisand 75 g"},"content":{"rendered":"<h3>Hellitage oma lemmiklooma nende maitsvate Sanal Denta's Cup padjadega. V\u00e4ljastpoolt kr\u00f5bedad ja seestpoolt t\u00e4idetud maitsva t\u00e4idisega - t\u00f5eline maiuspala isegi <a href=\"https:\/\/zooprekes24.lt\/et\/kategorija\/prekes-katems\/kulatoit\/skanestai-katems\/\" target=\"_blank\" rel=\"noopener noreferrer\">k\u00f5ige valivamale kassile.<\/a><\/h3>\n<ul>\n<li>Vitamiinidega A, D<span style=\"font-size: xx-small;\">3<\/span>, E ja s\u00fcdant tugevdav tauriin.<\/li>\n<li>Graanulid on kr\u00f5bedad, kergesti n\u00e4ritav ja maitsevad suurep\u00e4raselt.<\/li>\n<li>See toidulisand aitab toidab teie lemmiklooma karvkatte, hoides selle tervena ja l\u00e4ikivana.<\/li>\n<li><a href=\"https:\/\/www.youtube.com\/watch?v=jqPw_qlY_Kg\" target=\"_blank\" rel=\"noopener noreferrer\">Pakendatud mugavasse kaanega plastkarpi, mis hoiab toote kauem v\u00e4rskena.<\/a><\/li>\n<li>See toidulisand ei ole mitte ainult v\u00e4ga maitsev, vaid aitab ka s\u00e4ilitada teie lemmiklooma suuh\u00fcgieeni, v\u00e4hendades hambakivi teket ja halba hinge\u00f5hku.<\/li>\n<\/ul>","protected":false},"excerpt":{"rendered":"<p>Palepinkite savo augintin\u012f \u0161iomis gard\u017eiomis Sanal Denta&#8217;s Cup pagalv\u0117l\u0117mis. Tra\u0161kios i\u0161or\u0117je, o viduje u\u017epildytos gard\u017eiu \u012fdaru \u2013 tikras skanumynas net ir i\u0161rankiausiai katei. Su vitaminais A, D3, E ir \u0161ird\u012f stiprinan\u010diu taurinu. Granul\u0117s tra\u0161kios, lengvai sukramtomos ir puikaus skonio. Papildas padeda puosel\u0117ti gyv\u016bno kail\u012f, palaikyti j\u012f sveik\u0105 ir \u017evilgant\u012f. Supakuota patogioje naudoti plastikin\u0117je d\u0117\u017eut\u0117je su&#8230;<\/p>","protected":false},"featured_media":17804,"comment_status":"closed","ping_status":"closed","template":"","meta":{"_acf_changed":false,"slim_seo":{"title":"Sanal Denta's Cup pa\u0161aro papildas kat\u0117ms 75 g - Zooprekes24","description":"Hellitage oma lemmiklooma nende maitsvate Sanal Denta's Cup padjadega. V\u00e4ljastpoolt kr\u00f5bedad ja seestpoolt t\u00e4idetud maitsva t\u00e4idisega - t\u00f5eline maiuspala isegi k\u00f5ige n\u00f5udlikumale inimesele."},"iawp_total_views":177},"product_brand":[],"product_cat":[72,25,104,9018,9017],"product_tag":[1675],"class_list":{"0":"post-21810","1":"product","2":"type-product","3":"status-publish","4":"has-post-thumbnail","6":"product_cat-kaciu-maistas","7":"product_cat-katems","8":"product_cat-kitos-kaciu-prekes","9":"product_cat-skanestai","10":"product_cat-vitaminai-ir-papildai-katems","11":"product_tag-kaciu-edalas","12":"pa_pasaro-sudetis-jautiena","13":"pa_pasaro-sudetis-kiauliena","14":"pa_pasaro-sudetis-kiausiniai","15":"pa_prekiu-zenklai-sanal","17":"first","18":"instock","19":"featured","20":"taxable","21":"shipping-taxable","22":"purchasable","23":"product-type-simple"},"acf":[],"_links":{"self":[{"href":"https:\/\/zooprekes24.lt\/et\/wp-json\/wp\/v2\/product\/21810","targetHints":{"allow":["GET"]}}],"collection":[{"href":"https:\/\/zooprekes24.lt\/et\/wp-json\/wp\/v2\/product"}],"about":[{"href":"https:\/\/zooprekes24.lt\/et\/wp-json\/wp\/v2\/types\/product"}],"replies":[{"embeddable":true,"href":"https:\/\/zooprekes24.lt\/et\/wp-json\/wp\/v2\/comments?post=21810"}],"wp:featuredmedia":[{"embeddable":true,"href":"https:\/\/zooprekes24.lt\/et\/wp-json\/wp\/v2\/media\/17804"}],"wp:attachment":[{"href":"https:\/\/zooprekes24.lt\/et\/wp-json\/wp\/v2\/media?parent=21810"}],"wp:term":[{"taxonomy":"product_brand","embeddable":true,"href":"https:\/\/zooprekes24.lt\/et\/wp-json\/wp\/v2\/product_brand?post=21810"},{"taxonomy":"product_cat","embeddable":true,"href":"https:\/\/zooprekes24.lt\/et\/wp-json\/wp\/v2\/product_cat?post=21810"},{"taxonomy":"product_tag","embeddable":true,"href":"https:\/\/zooprekes24.lt\/et\/wp-json\/wp\/v2\/product_tag?post=21810"}],"curies":[{"name":"wp","href":"https:\/\/api.w.org\/{rel}","templated":true}]}}