{"id":21809,"date":"2024-04-18T21:17:01","date_gmt":"2024-04-18T18:17:01","guid":{"rendered":"https:\/\/zooprekes24.lt\/produktas\/sanal-anti-hairball\/"},"modified":"2024-09-26T12:51:41","modified_gmt":"2024-09-26T09:51:41","slug":"sanal-anti-karvapall","status":"publish","type":"product","link":"https:\/\/zooprekes24.lt\/et\/produktas\/sanal-anti-hairball\/","title":{"rendered":"Sanal Anti-Hairball Cup karvkattevastane toidulisand kassidele 75 g"},"content":{"rendered":"<h3>Hellitage oma lemmiklooma nende maitsvate Sanal Anti-Hairball Cup padjadega. V\u00e4ljastpoolt kr\u00f5bedad ja seestpoolt maitsva linnasepastat\u00e4idisega t\u00e4idetud, on need t\u00f5eline maiuspala isegi <a href=\"https:\/\/zooprekes24.lt\/et\/kategorija\/prekes-katems\/kulatoit\/skanestai-katems\/\" target=\"_blank\" rel=\"noopener noreferrer\">k\u00f5ige valivamale kassile.<\/a><\/h3>\n<ul>\n<li>Vitamiinidega A, D<span style=\"font-size: xx-small;\">3<\/span>, E ja s\u00fcdant tugevdav tauriin.<\/li>\n<li>Aitab ennetada kasside soolestikus adhesioonide tekkimist.<\/li>\n<li>Graanulid on kr\u00f5bedad, kergesti n\u00e4ritav ja maitsevad suurep\u00e4raselt.<\/li>\n<li>Lisat\u00fckid on t\u00e4idetud linnasepastaga, mis parandab seedimist ja reguleerib ainevahetust.<\/li>\n<li><a href=\"https:\/\/www.youtube.com\/watch?v=jqPw_qlY_Kg\" target=\"_blank\" rel=\"noopener noreferrer\">Pakendatud mugavasse kaanega plastkarpi, mis hoiab toote kauem v\u00e4rskena.<\/a><\/li>\n<\/ul>","protected":false},"excerpt":{"rendered":"<p>Palepinkite savo augintin\u012f \u0161iomis gard\u017eiomis Sanal Anti-Hairball Cup pagalv\u0117l\u0117mis. Tra\u0161kios i\u0161or\u0117je, o viduje u\u017epildytos gard\u017eiu salyklo pastos \u012fdaru \u2013 tikras skanumynas net ir i\u0161rankiausiai katei. Su vitaminais A, D3, E ir \u0161ird\u012f stiprinan\u010diu taurinu. Padeda u\u017ekirsti keli\u0105 s\u0105v\u0117l\u0173 formavimuisi kat\u0117s \u017earnyne. Granul\u0117s tra\u0161kios, lengvai sukramtomos ir puikaus skonio. Papildo gabal\u0117liai u\u017epildyti salyklo pasta, kuri gerina&#8230;<\/p>","protected":false},"featured_media":17803,"comment_status":"closed","ping_status":"closed","template":"","meta":{"_acf_changed":false,"slim_seo":{"title":"Sanal Anti-Hairball Cup pa\u0161aro papildas nuo s\u0105v\u0117l\u0173 kat\u0117ms 75 g - Zooprekes24","description":"Hellitage oma lemmiklooma nende maitsvate Sanal Anti-Hairball Cup padjadega. V\u00e4ljastpoolt kr\u00f5bedad ja seestpoolt t\u00e4idetud maitsva linnasepastat\u00e4idisega - t\u00f5eline maiuspala."},"iawp_total_views":793},"product_brand":[],"product_cat":[72,25,104,9018,9017],"product_tag":[1675],"class_list":{"0":"post-21809","1":"product","2":"type-product","3":"status-publish","4":"has-post-thumbnail","6":"product_cat-kaciu-maistas","7":"product_cat-katems","8":"product_cat-kitos-kaciu-prekes","9":"product_cat-skanestai","10":"product_cat-vitaminai-ir-papildai-katems","11":"product_tag-kaciu-edalas","12":"pa_pasaro-sudetis-jautiena","13":"pa_pasaro-sudetis-kiauliena","14":"pa_prekiu-zenklai-sanal","16":"first","17":"instock","18":"featured","19":"taxable","20":"shipping-taxable","21":"purchasable","22":"product-type-simple"},"acf":[],"_links":{"self":[{"href":"https:\/\/zooprekes24.lt\/et\/wp-json\/wp\/v2\/product\/21809","targetHints":{"allow":["GET"]}}],"collection":[{"href":"https:\/\/zooprekes24.lt\/et\/wp-json\/wp\/v2\/product"}],"about":[{"href":"https:\/\/zooprekes24.lt\/et\/wp-json\/wp\/v2\/types\/product"}],"replies":[{"embeddable":true,"href":"https:\/\/zooprekes24.lt\/et\/wp-json\/wp\/v2\/comments?post=21809"}],"wp:featuredmedia":[{"embeddable":true,"href":"https:\/\/zooprekes24.lt\/et\/wp-json\/wp\/v2\/media\/17803"}],"wp:attachment":[{"href":"https:\/\/zooprekes24.lt\/et\/wp-json\/wp\/v2\/media?parent=21809"}],"wp:term":[{"taxonomy":"product_brand","embeddable":true,"href":"https:\/\/zooprekes24.lt\/et\/wp-json\/wp\/v2\/product_brand?post=21809"},{"taxonomy":"product_cat","embeddable":true,"href":"https:\/\/zooprekes24.lt\/et\/wp-json\/wp\/v2\/product_cat?post=21809"},{"taxonomy":"product_tag","embeddable":true,"href":"https:\/\/zooprekes24.lt\/et\/wp-json\/wp\/v2\/product_tag?post=21809"}],"curies":[{"name":"wp","href":"https:\/\/api.w.org\/{rel}","templated":true}]}}