{"id":21808,"date":"2024-04-18T21:17:01","date_gmt":"2024-04-18T18:17:01","guid":{"rendered":"https:\/\/zooprekes24.lt\/produktas\/sanal-cranberry-chicken\/"},"modified":"2024-09-09T12:48:46","modified_gmt":"2024-09-09T09:48:46","slug":"sanal-johvikaga-kana","status":"publish","type":"product","link":"https:\/\/zooprekes24.lt\/et\/produktas\/sanal-cranberry-chicken\/","title":{"rendered":"Sanal Cranberry &amp; Chicken Cup kassitoidulisand 75 g"},"content":{"rendered":"<h3>Hellitage oma lemmiklooma nende maitsvate Sanal Cranberry &amp; Chicken Cup padjaid. V\u00e4ljastpoolt kr\u00f5bedad ja seestpoolt t\u00e4idetud maitsva kana- ja j\u00f5hvikaf\u00fcllusega - t\u00f5eline maiuspala isegi k\u00f5ige <a href=\"https:\/\/zooprekes24.lt\/et\/kategorija\/prekes-katems\/kulatoit\/skanestai-katems\/\" target=\"_blank\" rel=\"noopener noreferrer\">k\u00f5ige valivamale kassile.<\/a><\/h3>\n<ul>\n<li>M\u00f5eldud spetsiaalselt steriliseeritud kassidele.<\/li>\n<li>Vitamiinidega A, D<span style=\"font-size: xx-small;\">3<\/span>, E ja s\u00fcdant tugevdav tauriin.<\/li>\n<li>Graanulid on kr\u00f5bedad, kergesti n\u00e4ritav ja maitsevad suurep\u00e4raselt.<\/li>\n<li>Seda on t\u00e4iendatud j\u00f5hvikatega, mis v\u00f5ivad aidata s\u00e4ilitada terveid kuseteid.<\/li>\n<li><a href=\"https:\/\/www.youtube.com\/watch?v=jqPw_qlY_Kg\" target=\"_blank\" rel=\"noopener noreferrer\">Pakendatud mugavasse kaanega plastkarpi, mis hoiab toote kauem v\u00e4rskena.<\/a><\/li>\n<\/ul>","protected":false},"excerpt":{"rendered":"<p>Palepinkite savo augintin\u012f \u0161iomis gard\u017eiomis Sanal Cranberry &amp; Chicken Cup pagalv\u0117l\u0117mis. Tra\u0161kios i\u0161or\u0117je, o viduje u\u017epildytos gard\u017eiu vi\u0161tienos ir spanguoli\u0173 \u012fdaru \u2013 tikras skanumynas net ir i\u0161rankiausiai katei. Sukurta specialiai sterilizuotoms kat\u0117ms. Su vitaminais A, D3, E ir \u0161ird\u012f stiprinan\u010diu taurinu. Granul\u0117s tra\u0161kios, lengvai sukramtomos ir puikaus skonio. Sud\u0117tis papildyta spanguol\u0117mis, kurios gali pad\u0117ti palaikyti&#8230;<\/p>","protected":false},"featured_media":17802,"comment_status":"closed","ping_status":"closed","template":"","meta":{"_acf_changed":false,"slim_seo":{"title":"Sanal Cranberry & Chicken Cup pa\u0161aro papildas kat\u0117ms 75 g - Zooprekes24","description":"Hellitage oma lemmiklooma nende maitsvate Sanal Cranberry &amp; Chicken Cup padjaid. V\u00e4ljastpoolt kr\u00f5bedad ja seestpoolt t\u00e4idetud maitsva kana ja j\u00f5hvikaga."},"iawp_total_views":126},"product_brand":[],"product_cat":[72,25,104,9018,9017],"product_tag":[1675],"class_list":{"0":"post-21808","1":"product","2":"type-product","3":"status-publish","4":"has-post-thumbnail","6":"product_cat-kaciu-maistas","7":"product_cat-katems","8":"product_cat-kitos-kaciu-prekes","9":"product_cat-skanestai","10":"product_cat-vitaminai-ir-papildai-katems","11":"product_tag-kaciu-edalas","12":"pa_pasaro-sudetis-uogos","13":"pa_pasaro-sudetis-vistiena","14":"pa_prekiu-zenklai-sanal","16":"first","17":"instock","18":"featured","19":"taxable","20":"shipping-taxable","21":"purchasable","22":"product-type-simple"},"acf":[],"_links":{"self":[{"href":"https:\/\/zooprekes24.lt\/et\/wp-json\/wp\/v2\/product\/21808","targetHints":{"allow":["GET"]}}],"collection":[{"href":"https:\/\/zooprekes24.lt\/et\/wp-json\/wp\/v2\/product"}],"about":[{"href":"https:\/\/zooprekes24.lt\/et\/wp-json\/wp\/v2\/types\/product"}],"replies":[{"embeddable":true,"href":"https:\/\/zooprekes24.lt\/et\/wp-json\/wp\/v2\/comments?post=21808"}],"wp:featuredmedia":[{"embeddable":true,"href":"https:\/\/zooprekes24.lt\/et\/wp-json\/wp\/v2\/media\/17802"}],"wp:attachment":[{"href":"https:\/\/zooprekes24.lt\/et\/wp-json\/wp\/v2\/media?parent=21808"}],"wp:term":[{"taxonomy":"product_brand","embeddable":true,"href":"https:\/\/zooprekes24.lt\/et\/wp-json\/wp\/v2\/product_brand?post=21808"},{"taxonomy":"product_cat","embeddable":true,"href":"https:\/\/zooprekes24.lt\/et\/wp-json\/wp\/v2\/product_cat?post=21808"},{"taxonomy":"product_tag","embeddable":true,"href":"https:\/\/zooprekes24.lt\/et\/wp-json\/wp\/v2\/product_tag?post=21808"}],"curies":[{"name":"wp","href":"https:\/\/api.w.org\/{rel}","templated":true}]}}