{"id":21806,"date":"2024-04-18T21:17:01","date_gmt":"2024-04-18T18:17:01","guid":{"rendered":"https:\/\/zooprekes24.lt\/produktas\/acana-first-feast\/"},"modified":"2024-11-15T13:57:37","modified_gmt":"2024-11-15T10:57:37","slug":"acana-esimene-pidu-2","status":"publish","type":"product","link":"https:\/\/zooprekes24.lt\/et\/produktas\/acana-first-feast\/","title":{"rendered":"Acana First Feast kuivtoit kassipoegadele"},"content":{"rendered":"<h3>Acana First Feast - spetsiaalne kuivtoit t\u00e4isv\u00e4\u00e4rtuslikuks toitumiseks <a href=\"https:\/\/zooprekes24.lt\/et\/?s=kitten&amp;post_type=product&amp;product_cat=0\" target=\"_blank\" rel=\"noopener noreferrer\">kassipoeg<\/a> elu alustamiseks. See sisaldab rohkelt puurivaba kana ja P\u00f5hja-Vancouveri saarelt p\u00fc\u00fctud Vaikse ookeani heeringat. K\u00f5ik tarnitakse v\u00e4rskelt <a href=\"https:\/\/www.acanapetfoods.co.uk\/about-acana\/biologically-appropriate\/wholeprey-meat-ratios\/\" target=\"_blank\" rel=\"noopener noreferrer\">WholePrey\u2122<\/a> m\u00f5iste (kogusaak).<\/h3>\n<p>Iga s\u00f6\u00f6dapala on rikkalik\u00a0<a href=\"https:\/\/zooprekes24.lt\/et\/?s=omega+3+sunims&amp;post_type=product&amp;product_cat=0\" target=\"_blank\" rel=\"noopener noreferrer\">Omega 3<\/a> (DHA, EPA), mis on saadud looduslikust Brunswicki heeringast, mis on kasulik teie kassipoegade immuunsuse ja suurep\u00e4rase naha ja karvkatte seisundi parandamiseks. Orgaanilised meretaimed ja marjad, sealhulgas kuivatatud merevetikad, v\u00e4rsked j\u00f5hvikad ja mustikad, parandavad teie kassipoegade ainevahetust ja toniseerivad seedetrakti. Acana First Feast sisaldab rohkelt kana- ja kalaelundeid ning k\u00f5hre, pakkudes teie kassipoegadele k\u00f5ike, mida nad vajavad suurep\u00e4raseks ja t\u00e4ielikuks kasvuks. Valmistatud auhinnatud k\u00f6\u00f6kides parimatest ja v\u00e4rskeimatest koostisosadest, <a href=\"https:\/\/www.acanapetfoods.co.uk\/about-acana\/biologically-appropriate\/\" target=\"_blank\" rel=\"noopener noreferrer\">Bioloogiliselt sobiv\u2122<\/a> (Bioloogiliselt sobiv) koostis tagab, et teie kassipoeg kasvab tervena ja \u00f5nnelikuna \u00fcles.<\/p>","protected":false},"excerpt":{"rendered":"<p>Acana First Feast &#8211; ypatingas sausas maistas, pilnavertei ka\u010diuko gyvenimo prad\u017eiai. Sud\u0117tyje gausu ne narvuose u\u017eaugintos vi\u0161tienos ir \u0160iaur\u0117s Vankuverio saloje i\u0161 Ramiojo vandenyno su\u017evejotos silk\u0117s. Viskas pristatoma \u0161vie\u017eia laikantis WholePrey\u2122 (viso grobio) koncepcijos. Kiekviename pa\u0161aro k\u0105snelyje gausu\u00a0Omega 3 (DHA, EPA) i\u0161gaunamo i\u0161 laukini\u0173 Brunswick silki\u0173, kuris naudingas ka\u010diuko imuniteto stiprinimui ir puikiam odos ir&#8230;<\/p>","protected":false},"featured_media":32264,"comment_status":"closed","ping_status":"closed","template":"","meta":{"_acf_changed":false,"slim_seo":{"title":"Acana First Feast sausas maistas ka\u010diukams - Zooprekes24","description":"Acana First Feast on spetsiaalne kuivtoit teie kassipoegade elu t\u00e4ielikuks alustamiseks. Sisaldab rohkelt puurivaba kana ja P\u00f5hja-Vancouveri saare kana."},"iawp_total_views":195},"product_brand":[],"product_cat":[9015,72,83,25,9016],"product_tag":[1671,1817,1675,1682,1696],"class_list":{"0":"post-21806","1":"product","2":"type-product","3":"status-publish","4":"has-post-thumbnail","6":"product_cat-acana-kaciu-prekiu-gamintojai","7":"product_cat-kaciu-maistas","8":"product_cat-kaciu-prekiu-gamintojai","9":"product_cat-katems","10":"product_cat-sausas-maistas-kaciu-maistas","11":"product_tag-begrudis-kaciu-maistas","12":"product_tag-edalas-katems","13":"product_tag-kaciu-edalas","14":"product_tag-kaciu-maistas-super-premium-klases","15":"product_tag-super-premium-maistas-katems","16":"pa_pasaro-sudetis-darzoves","17":"pa_pasaro-sudetis-kalakutiena","18":"pa_pasaro-sudetis-kiausiniai","19":"pa_pasaro-sudetis-sirdys","20":"pa_pasaro-sudetis-uogos","21":"pa_pasaro-sudetis-vaisiai","22":"pa_pasaro-sudetis-vistiena","23":"pa_pasaro-sudetis-zuvis","24":"pa_prekiu-zenklai-acana","26":"first","27":"instock","28":"featured","29":"taxable","30":"shipping-taxable","31":"purchasable","32":"product-type-variable"},"acf":[],"_links":{"self":[{"href":"https:\/\/zooprekes24.lt\/et\/wp-json\/wp\/v2\/product\/21806","targetHints":{"allow":["GET"]}}],"collection":[{"href":"https:\/\/zooprekes24.lt\/et\/wp-json\/wp\/v2\/product"}],"about":[{"href":"https:\/\/zooprekes24.lt\/et\/wp-json\/wp\/v2\/types\/product"}],"replies":[{"embeddable":true,"href":"https:\/\/zooprekes24.lt\/et\/wp-json\/wp\/v2\/comments?post=21806"}],"wp:featuredmedia":[{"embeddable":true,"href":"https:\/\/zooprekes24.lt\/et\/wp-json\/wp\/v2\/media\/32264"}],"wp:attachment":[{"href":"https:\/\/zooprekes24.lt\/et\/wp-json\/wp\/v2\/media?parent=21806"}],"wp:term":[{"taxonomy":"product_brand","embeddable":true,"href":"https:\/\/zooprekes24.lt\/et\/wp-json\/wp\/v2\/product_brand?post=21806"},{"taxonomy":"product_cat","embeddable":true,"href":"https:\/\/zooprekes24.lt\/et\/wp-json\/wp\/v2\/product_cat?post=21806"},{"taxonomy":"product_tag","embeddable":true,"href":"https:\/\/zooprekes24.lt\/et\/wp-json\/wp\/v2\/product_tag?post=21806"}],"curies":[{"name":"wp","href":"https:\/\/api.w.org\/{rel}","templated":true}]}}