{"id":21799,"date":"2024-04-18T21:17:01","date_gmt":"2024-04-18T18:17:01","guid":{"rendered":"https:\/\/zooprekes24.lt\/produktas\/profine-senior-turkey-potatoes-15kg\/"},"modified":"2024-09-25T15:29:04","modified_gmt":"2024-09-25T12:29:04","slug":"profine-senior-kalkun-12kg","status":"publish","type":"product","link":"https:\/\/zooprekes24.lt\/et\/produktas\/profine-senior-turkey-12kg\/","title":{"rendered":"Profine Senior Turkey kuivtoit vanematele koertele 12 kg"},"content":{"rendered":"<h3>Profine Senior Turkey - Super Premium toit teie koera parema elukvaliteedi tagamiseks! Kodu <a href=\"https:\/\/www.profinepet.com\/\" target=\"_blank\" rel=\"noopener noreferrer\">Profine<\/a> Eesm\u00e4rk on pakkuda koerale loomulikku ja mittekahjustavat toitu kogu tema elu jooksul.<\/h3>\n<p><a href=\"https:\/\/www.youtube.com\/watch?v=fqP7naPWjLY\" target=\"_blank\" rel=\"noopener noreferrer\">Profine seeria retseptide jaoks<\/a> kasutatakse ohutuid looduslikke koostisosi, et tagada teie s\u00f5bra tasakaalustatud toitumine. Ainulaadne kana, <a href=\"https:\/\/zooprekes24.lt\/et\/?s=turkey&amp;post_type=product&amp;product_cat=0\" target=\"_blank\" rel=\"noopener noreferrer\">T\u00fcrgi<\/a>Lambaliha, l\u00f5he ja k\u00f6\u00f6giviljade kombinatsioon tagab tervisliku seedimise, rohkelt energiat ja suurep\u00e4rase seisundi, samas kui mereandide kompleks (krevetid ja l\u00f5he\u00f5li) tagab tasakaalustatud omega-3 ja omega-6 rasvhapete suhte, mis tagab terve naha ja ilusa karvkatte. Profine Senior Turkey's sisalduvad apteegitilli, basiiliku ja salvei ekstraktid koos merevetikate ja prebiootikumidega stimuleerivad seedimist ja toetavad tervislikku soolestiku mikrofloorat, tugevdades seel\u00e4bi teie lemmiku immuunsust.<\/p>","protected":false},"excerpt":{"rendered":"<p>Profine Senior Turkey &#8211; Super Premium klas\u0117s maistas geresnei J\u016bs\u0173 \u0161uns gyvenimo kokybei! Pagrindinis Profine tikslas &#8211; teikti nat\u016brali\u0105 ir organizmo ne\u017ealojan\u010di\u0105 mityb\u0105 visais \u0161uns gyvenimo laikotarpiais. Profine serijos receptams yra naudojami nekenksmingi nat\u016bral\u016bs ingredientai, kurie garantuoja subalansuot\u0105 J\u016bs\u0173 bi\u010diulio mityb\u0105. Unikal\u016bs vi\u0161tienos, kalakutienos, \u0117rienos, la\u0161i\u0161os ir dar\u017eovi\u0173 deriniai u\u017etikrins sveik\u0105 vir\u0161kinim\u0105, daug energijos ir&#8230;<\/p>","protected":false},"featured_media":30583,"comment_status":"closed","ping_status":"closed","template":"","meta":{"_acf_changed":false,"slim_seo":{"title":"Profine Senior Turkey sausas maistas vyresnio am\u017eiaus \u0161unims 12 kg - Zooprekes24","description":"Profine Senior Turkey - Super Premium toit teie koera parema elukvaliteedi tagamiseks! Profine'i peamine eesm\u00e4rk on pakkuda looduslikku ja mittekahjustavat"},"iawp_total_views":95},"product_brand":[],"product_cat":[9014,9002,8999,29,31],"product_tag":[177,200],"class_list":{"0":"post-21799","1":"product","2":"type-product","3":"status-publish","4":"has-post-thumbnail","6":"product_cat-profine-sunims","7":"product_cat-sausas-maistas","8":"product_cat-sunims","9":"product_cat-sunu-maistas","10":"product_cat-sunu-prekiu-gamintojai","11":"product_tag-edalas-sunims","12":"product_tag-super-premium-maistas-sunims","13":"pa_pasaro-sudetis-bulves","14":"pa_pasaro-sudetis-darzoves","15":"pa_pasaro-sudetis-kalakutiena","16":"pa_pasaro-sudetis-vaisiai","17":"pa_prekiu-zenklai-profine","18":"pa_suns-amzius-senjorams","19":"pa_veisles-dydis-didelems-veislems","20":"pa_veisles-dydis-mazoms-veislems","21":"pa_veisles-dydis-vidutinems-veislems","22":"pa_veisles-dydis-visu-dydziu-veislems","24":"first","25":"instock","26":"featured","27":"taxable","28":"shipping-taxable","29":"purchasable","30":"product-type-simple"},"acf":[],"_links":{"self":[{"href":"https:\/\/zooprekes24.lt\/et\/wp-json\/wp\/v2\/product\/21799","targetHints":{"allow":["GET"]}}],"collection":[{"href":"https:\/\/zooprekes24.lt\/et\/wp-json\/wp\/v2\/product"}],"about":[{"href":"https:\/\/zooprekes24.lt\/et\/wp-json\/wp\/v2\/types\/product"}],"replies":[{"embeddable":true,"href":"https:\/\/zooprekes24.lt\/et\/wp-json\/wp\/v2\/comments?post=21799"}],"wp:featuredmedia":[{"embeddable":true,"href":"https:\/\/zooprekes24.lt\/et\/wp-json\/wp\/v2\/media\/30583"}],"wp:attachment":[{"href":"https:\/\/zooprekes24.lt\/et\/wp-json\/wp\/v2\/media?parent=21799"}],"wp:term":[{"taxonomy":"product_brand","embeddable":true,"href":"https:\/\/zooprekes24.lt\/et\/wp-json\/wp\/v2\/product_brand?post=21799"},{"taxonomy":"product_cat","embeddable":true,"href":"https:\/\/zooprekes24.lt\/et\/wp-json\/wp\/v2\/product_cat?post=21799"},{"taxonomy":"product_tag","embeddable":true,"href":"https:\/\/zooprekes24.lt\/et\/wp-json\/wp\/v2\/product_tag?post=21799"}],"curies":[{"name":"wp","href":"https:\/\/api.w.org\/{rel}","templated":true}]}}