{"id":21798,"date":"2024-04-18T21:17:01","date_gmt":"2024-04-18T18:17:01","guid":{"rendered":"https:\/\/zooprekes24.lt\/produktas\/profine-light-lamb-potatoes-15kg\/"},"modified":"2024-09-09T16:50:35","modified_gmt":"2024-09-09T13:50:35","slug":"profine-light-lambakartul-12kg","status":"publish","type":"product","link":"https:\/\/zooprekes24.lt\/et\/produktas\/profine-light-lamb-potatoes-12kg\/","title":{"rendered":"Profine Light Lamb &amp; kartuli kuivtoit koertele 12 kg"},"content":{"rendered":"<h3>Profine Light Lamb &amp; Potatoes - Super Premium toit teie koera parema elukvaliteedi tagamiseks! Kodu <a href=\"https:\/\/www.profinepet.com\/\" target=\"_blank\" rel=\"noopener noreferrer\">Profine<\/a> Eesm\u00e4rk on pakkuda koerale loomulikku ja mittekahjustavat toitu kogu tema elu jooksul.<\/h3>\n<p><a href=\"https:\/\/www.youtube.com\/watch?v=fqP7naPWjLY\" target=\"_blank\" rel=\"noopener noreferrer\">Profine seeria retseptide jaoks<\/a> kasutatakse ohutuid looduslikke koostisosi, et tagada teie s\u00f5bra tasakaalustatud toitumine. Ainulaadne kana, <a href=\"https:\/\/zooprekes24.lt\/et\/?s=lamb&amp;post_type=product&amp;product_cat=0\" target=\"_blank\" rel=\"noopener noreferrer\">Lambaliha<\/a>L\u00f5he ja k\u00f6\u00f6giviljade kombinatsioonid tagavad tervisliku seedimise, rohkelt energiat ja suurep\u00e4rase seisundi, samas kui mereandide kompleksi (krevetid ja l\u00f5he\u00f5li) lisamine tagab omega-3 ja omega-6 rasvhapete tasakaalustatud suhte, mis tagab terve naha ja ilusa karvkatte. Profine Light Lamb &amp; Potatoes sisaldab apteegitilli, basiiliku ja salvei ekstrakte koos merevetikate ja prebiootikumidega, et edendada seedimist ja toetada tervislikku soolestiku mikrofloorat, tugevdades seega teie lemmiklooma immuunsust.<\/p>","protected":false},"excerpt":{"rendered":"<p>Profine Light Lamb &amp; Potatoes &#8211; Super Premium klas\u0117s maistas geresnei J\u016bs\u0173 \u0161uns gyvenimo kokybei! Pagrindinis Profine tikslas &#8211; teikti nat\u016brali\u0105 ir organizmo ne\u017ealojan\u010di\u0105 mityb\u0105 visais \u0161uns gyvenimo laikotarpiais. Profine serijos receptams yra naudojami nekenksmingi nat\u016bral\u016bs ingredientai, kurie garantuoja subalansuot\u0105 J\u016bs\u0173 bi\u010diulio mityb\u0105. Unikal\u016bs vi\u0161tienos, \u0117rienos, la\u0161i\u0161os ir dar\u017eovi\u0173 deriniai u\u017etikrins sveik\u0105 vir\u0161kinim\u0105, daug energijos&#8230;<\/p>","protected":false},"featured_media":30091,"comment_status":"closed","ping_status":"closed","template":"","meta":{"_acf_changed":false,"slim_seo":{"title":"Profine Light Lamb & Potatoes sausas maistas \u0161unims 12 kg - Zooprekes24","description":"Profine Light Lamb &amp; Potatoes - Super Premium toit teie koera parema elukvaliteedi tagamiseks! Profine'i peamine eesm\u00e4rk on pakkuda teie koerale naturaalset ja orgaanilist toitu."},"iawp_total_views":127},"product_brand":[],"product_cat":[9014,9002,8999,29,31],"product_tag":[177,200],"class_list":{"0":"post-21798","1":"product","2":"type-product","3":"status-publish","4":"has-post-thumbnail","6":"product_cat-profine-sunims","7":"product_cat-sausas-maistas","8":"product_cat-sunims","9":"product_cat-sunu-maistas","10":"product_cat-sunu-prekiu-gamintojai","11":"product_tag-edalas-sunims","12":"product_tag-super-premium-maistas-sunims","13":"pa_pasaro-sudetis-bulves","14":"pa_pasaro-sudetis-darzoves","15":"pa_pasaro-sudetis-eriena","16":"pa_pasaro-sudetis-vaisiai","17":"pa_prekiu-zenklai-profine","18":"pa_suns-amzius-senjorams","19":"pa_suns-amzius-suaugusiems","20":"pa_veisles-dydis-didelems-veislems","21":"pa_veisles-dydis-mazoms-veislems","22":"pa_veisles-dydis-vidutinems-veislems","23":"pa_veisles-dydis-visu-dydziu-veislems","25":"first","26":"instock","27":"featured","28":"taxable","29":"shipping-taxable","30":"purchasable","31":"product-type-simple"},"acf":[],"_links":{"self":[{"href":"https:\/\/zooprekes24.lt\/et\/wp-json\/wp\/v2\/product\/21798","targetHints":{"allow":["GET"]}}],"collection":[{"href":"https:\/\/zooprekes24.lt\/et\/wp-json\/wp\/v2\/product"}],"about":[{"href":"https:\/\/zooprekes24.lt\/et\/wp-json\/wp\/v2\/types\/product"}],"replies":[{"embeddable":true,"href":"https:\/\/zooprekes24.lt\/et\/wp-json\/wp\/v2\/comments?post=21798"}],"wp:featuredmedia":[{"embeddable":true,"href":"https:\/\/zooprekes24.lt\/et\/wp-json\/wp\/v2\/media\/30091"}],"wp:attachment":[{"href":"https:\/\/zooprekes24.lt\/et\/wp-json\/wp\/v2\/media?parent=21798"}],"wp:term":[{"taxonomy":"product_brand","embeddable":true,"href":"https:\/\/zooprekes24.lt\/et\/wp-json\/wp\/v2\/product_brand?post=21798"},{"taxonomy":"product_cat","embeddable":true,"href":"https:\/\/zooprekes24.lt\/et\/wp-json\/wp\/v2\/product_cat?post=21798"},{"taxonomy":"product_tag","embeddable":true,"href":"https:\/\/zooprekes24.lt\/et\/wp-json\/wp\/v2\/product_tag?post=21798"}],"curies":[{"name":"wp","href":"https:\/\/api.w.org\/{rel}","templated":true}]}}