{"id":21796,"date":"2024-04-18T21:17:01","date_gmt":"2024-04-18T18:17:01","guid":{"rendered":"https:\/\/zooprekes24.lt\/produktas\/country-dog-high-energy-15kg\/"},"modified":"2026-04-03T13:59:46","modified_gmt":"2026-04-03T11:59:46","slug":"country-dog-high-energy-15kg","status":"publish","type":"product","link":"https:\/\/zooprekes24.lt\/et\/produktas\/country-dog-high-energy-15kg\/","title":{"rendered":"Country Dog High Energy kuivtoit koertele 15 kg"},"content":{"rendered":"<h3>Country Dog High Energy &#8211; sausas maistas vis\u0173 veisli\u0173 suaugusiems, aktyviems \u0161unims.<\/h3>\n<ul>\n<li>Soja ja keemiliste s\u00e4ilitusainete vaba.<\/li>\n<li>Prebiootiline inuliin toetab soolestiku tervist.<\/li>\n<li><a href=\"https:\/\/www.vle.lt\/Straipsnis\/glikozaminoglikanai-44628\" target=\"_blank\" rel=\"noopener noreferrer\">Gl\u00fckosaminogl\u00fckaanid<\/a> toetab terveid liigeseid.<\/li>\n<li>Tauriin tagab terve s\u00fcdame funktsioneerimise, n\u00e4gemise ja maksimaalse viljakuse.<\/li>\n<li>Selles sisalduvad antioks\u00fcdandid kaitsevad organismi vabade radikaalide m\u00f5ju eest.<\/li>\n<li>Toitaineterikas, tasakaalustatud s\u00f6\u00f6t, mis <a href=\"https:\/\/zooprekes24.lt\/et\/?s=aktyviems&amp;post_type=product&amp;product_cat=0\" target=\"_blank\" rel=\"noopener noreferrer\">annab teie koerale energiat<\/a>, kiirendab ainevahetust ja aitab tal p\u00fcsida terve ja eluj\u00f5uline.<\/li>\n<\/ul>","protected":false},"excerpt":{"rendered":"<p>Country Dog High Energy &#8211; sausas maistas vis\u0173 veisli\u0173 suaugusiems, aktyviems \u0161unims. Be sojos ir chemini\u0173 konservant\u0173. Prebiotikas inulinas palaiko \u017earnyno sveikat\u0105. Glikozaminoglikanai palaiko sveikus s\u0105narius. Taurinas u\u017etikrina sveik\u0105 \u0161irdies darb\u0105, reg\u0105 ir maksimal\u0173 vaisingum\u0105. Sud\u0117tyje esantys antioksidantai apsaugo organizm\u0105 nuo laisv\u0173j\u0173 radikal\u0173 poveikio. Maistingas, subalansuotas pa\u0161aras, kuris apr\u016bpina J\u016bs\u0173 \u0161un\u012f energija, skatina med\u017eiag\u0173 apykait\u0105&#8230;<\/p>","protected":false},"featured_media":17743,"comment_status":"closed","ping_status":"closed","template":"","meta":{"_acf_changed":false,"slim_seo":{"title":"Country Dog High Energy sausas maistas \u0161unims 15 kg - Zooprekes24","description":"Country Dog High Energy - sausas maistas vis\u0173 veisli\u0173 suaugusiems, aktyviems \u0161unims. Be sojos ir chemini\u0173 konservant\u0173. Prebiotikas inulinas palaiko \u017earnyno svei"},"iawp_total_views":55},"product_brand":[],"product_cat":[9013,9002,8999,29,31],"product_tag":[177],"class_list":{"0":"post-21796","1":"product","2":"type-product","3":"status-publish","4":"has-post-thumbnail","6":"product_cat-country-dog","7":"product_cat-sausas-maistas","8":"product_cat-sunims","9":"product_cat-sunu-maistas","10":"product_cat-sunu-prekiu-gamintojai","11":"product_tag-edalas-sunims","12":"pa_pasaro-sudetis-vaisiai","13":"pa_pasaro-sudetis-vistiena","14":"pa_prekiu-zenklai-country-dog","15":"pa_suns-amzius-suaugusiems","16":"pa_veisles-dydis-didelems-veislems","17":"pa_veisles-dydis-mazoms-veislems","18":"pa_veisles-dydis-vidutinems-veislems","19":"pa_veisles-dydis-visu-dydziu-veislems","21":"first","22":"instock","23":"featured","24":"taxable","25":"shipping-taxable","26":"purchasable","27":"product-type-simple"},"acf":[],"_links":{"self":[{"href":"https:\/\/zooprekes24.lt\/et\/wp-json\/wp\/v2\/product\/21796","targetHints":{"allow":["GET"]}}],"collection":[{"href":"https:\/\/zooprekes24.lt\/et\/wp-json\/wp\/v2\/product"}],"about":[{"href":"https:\/\/zooprekes24.lt\/et\/wp-json\/wp\/v2\/types\/product"}],"replies":[{"embeddable":true,"href":"https:\/\/zooprekes24.lt\/et\/wp-json\/wp\/v2\/comments?post=21796"}],"wp:featuredmedia":[{"embeddable":true,"href":"https:\/\/zooprekes24.lt\/et\/wp-json\/wp\/v2\/media\/17743"}],"wp:attachment":[{"href":"https:\/\/zooprekes24.lt\/et\/wp-json\/wp\/v2\/media?parent=21796"}],"wp:term":[{"taxonomy":"product_brand","embeddable":true,"href":"https:\/\/zooprekes24.lt\/et\/wp-json\/wp\/v2\/product_brand?post=21796"},{"taxonomy":"product_cat","embeddable":true,"href":"https:\/\/zooprekes24.lt\/et\/wp-json\/wp\/v2\/product_cat?post=21796"},{"taxonomy":"product_tag","embeddable":true,"href":"https:\/\/zooprekes24.lt\/et\/wp-json\/wp\/v2\/product_tag?post=21796"}],"curies":[{"name":"wp","href":"https:\/\/api.w.org\/{rel}","templated":true}]}}