{"id":21795,"date":"2024-04-18T21:17:01","date_gmt":"2024-04-18T18:17:01","guid":{"rendered":"https:\/\/zooprekes24.lt\/produktas\/royal-canin-giant-adult-15kg\/"},"modified":"2026-02-27T12:28:39","modified_gmt":"2026-02-27T10:28:39","slug":"royal-canin-giant-adult-15kg","status":"publish","type":"product","link":"https:\/\/zooprekes24.lt\/et\/produktas\/royal-canin-giant-adult-15kg\/","title":{"rendered":"Royal Canin Giant Adult kuivtoit koertele 15 kg"},"content":{"rendered":"<h3>Royal Canin Giant Adult\u00a0 &#8211; <a href=\"https:\/\/www.royalcanin.com\/lt\/tailored-nutrition\" target=\"_blank\" rel=\"noopener\">spetsiaalselt tasakaalustatud<\/a> Kuivtoit t\u00e4iskasvanud v\u00e4ga suurte t\u00f5ugude koertele (alates 45 kg) alates 2-aastasest vanusest. Ainulaadne koostis aitab s\u00e4ilitada hiiglaslike t\u00f5ugude terved luud ja liigesed, mida v\u00f5ib m\u00f5jutada lemmiklooma suur kehakaal.<\/h3>\n<ul>\n<li>Spetsiaalsed graanulid. Patenteeritud purustatud toit, mis soodustab n\u00e4rimist ja muudab toidu imendumise kaks korda aeglasemaks. Selle tulemusena neelavad eriti suured t\u00f5ud v\u00e4hem \u00f5hku ja kannatavad v\u00e4hem seedeprobleemide all. Parandab hambaravi ja suuh\u00fcgieeni.<\/li>\n<li><a href=\"https:\/\/www.youtube.com\/watch?v=HsYrr1-UlBI\" target=\"_blank\" rel=\"noopener noreferrer\">Royal Canin<\/a> <a href=\"https:\/\/zooprekes24.lt\/et\/toode\/brit-care-giant-salmon-potato\/\" target=\"_blank\" rel=\"noopener noreferrer\">Hiiglaslik t\u00e4iskasvanud<\/a> aitab aeglustada vananemisprotsessi. V\u00e4hendatud fosfori sisaldus kaitseb neerusid, samal ajal kui E-vitamiini (500 mg\/kg), C-vitamiini (200 mg\/kg) ja seleeni suurendatud kontsentratsioonid kaitsevad rakke. Patenteeritud antioks\u00fcdantide kompleks (E- ja C-vitamiin, tauriin ja luteiin) edendab tervist vananedes.<\/li>\n<li>Tugevdab s\u00fcdamelihast.L-karnitiini (50 mg\/kg) ja tauriini (1000 mg\/kg) eksklusiivne kombinatsioon stimuleerib s\u00fcdame kokkut\u00f5mbumist.<\/li>\n<li>Aitab s\u00e4ilitada terveid liigeseid. Kondroitiin niisutab k\u00f5hre. Gl\u00fckoosamiin stimuleerib k\u00f5hre moodustumist.<\/li>\n<\/ul>\n<p><img loading=\"lazy\" decoding=\"async\" class=\"alignnone wp-image-17740\" src=\"https:\/\/zooprekes24.lt\/wp-content\/uploads\/bd18h-hub-bernese-mountain-dog-adult-black-and-white.jpg\" alt=\"Royal Canin Giant s\u00f6\u00f6tmislaud\" width=\"371\" height=\"278\" srcset=\"https:\/\/zooprekes24.lt\/wp-content\/uploads\/bd18h-hub-bernese-mountain-dog-adult-black-and-white.jpg 720w, https:\/\/zooprekes24.lt\/wp-content\/uploads\/bd18h-hub-bernese-mountain-dog-adult-black-and-white-300x225.jpg 300w, https:\/\/zooprekes24.lt\/wp-content\/uploads\/bd18h-hub-bernese-mountain-dog-adult-black-and-white-600x450.jpg 600w\" sizes=\"auto, (max-width: 371px) 100vw, 371px\" \/><\/p>","protected":false},"excerpt":{"rendered":"<p>Royal Canin Giant Adult\u00a0 &#8211; specialiai subalansuotas suaugusi\u0173, labai didelio dyd\u017eio veisli\u0173\u00a0 (nuo 45 kg) \u0161un\u0173 sausas maistas nuo 2 met\u0173 am\u017eiaus. Unikali maisto formul\u0117 padeda palaikyti sveikus mil\u017eini\u0161k\u0173 veisli\u0173 \u0161un\u0173 kaulus ir s\u0105narius, kuriuos gali paveikti didelis augintinio k\u016bno svoris. Specialios granul\u0117s. Patentuotas smulkintas maistas, kuris skatina kramtyti, o suvartojamas maistas pasisavinamas dvigubai l\u0117\u010diau&#8230;.<\/p>","protected":false},"featured_media":17741,"comment_status":"closed","ping_status":"closed","template":"","meta":{"_acf_changed":false,"slim_seo":{"title":"Royal Canin Giant Adult sausas maistas \u0161unims 15 kg - Zooprekes24","description":"Royal Canin Giant Adult\u00a0 - specialiai subalansuotas suaugusi\u0173, labai didelio dyd\u017eio veisli\u0173\u00a0 (nuo 45 kg) \u0161un\u0173 sausas maistas nuo 2 met\u0173 am\u017eiaus. Unikali maisto"},"iawp_total_views":144},"product_brand":[],"product_cat":[9012,9002,8999,29,31],"product_tag":[177,200],"class_list":{"0":"post-21795","1":"product","2":"type-product","3":"status-publish","4":"has-post-thumbnail","6":"product_cat-royal-canin","7":"product_cat-sausas-maistas","8":"product_cat-sunims","9":"product_cat-sunu-maistas","10":"product_cat-sunu-prekiu-gamintojai","11":"product_tag-edalas-sunims","12":"product_tag-super-premium-maistas-sunims","13":"pa_pasaro-sudetis-ryziai","14":"pa_pasaro-sudetis-vistiena","15":"pa_prekiu-zenklai-royal-canin","16":"pa_suns-amzius-suaugusiems","17":"pa_veisles-dydis-didelems-veislems","19":"first","20":"instock","21":"sale","22":"featured","23":"taxable","24":"shipping-taxable","25":"purchasable","26":"product-type-simple"},"acf":[],"_links":{"self":[{"href":"https:\/\/zooprekes24.lt\/et\/wp-json\/wp\/v2\/product\/21795","targetHints":{"allow":["GET"]}}],"collection":[{"href":"https:\/\/zooprekes24.lt\/et\/wp-json\/wp\/v2\/product"}],"about":[{"href":"https:\/\/zooprekes24.lt\/et\/wp-json\/wp\/v2\/types\/product"}],"replies":[{"embeddable":true,"href":"https:\/\/zooprekes24.lt\/et\/wp-json\/wp\/v2\/comments?post=21795"}],"wp:featuredmedia":[{"embeddable":true,"href":"https:\/\/zooprekes24.lt\/et\/wp-json\/wp\/v2\/media\/17741"}],"wp:attachment":[{"href":"https:\/\/zooprekes24.lt\/et\/wp-json\/wp\/v2\/media?parent=21795"}],"wp:term":[{"taxonomy":"product_brand","embeddable":true,"href":"https:\/\/zooprekes24.lt\/et\/wp-json\/wp\/v2\/product_brand?post=21795"},{"taxonomy":"product_cat","embeddable":true,"href":"https:\/\/zooprekes24.lt\/et\/wp-json\/wp\/v2\/product_cat?post=21795"},{"taxonomy":"product_tag","embeddable":true,"href":"https:\/\/zooprekes24.lt\/et\/wp-json\/wp\/v2\/product_tag?post=21795"}],"curies":[{"name":"wp","href":"https:\/\/api.w.org\/{rel}","templated":true}]}}