{"id":21793,"date":"2024-04-18T21:17:01","date_gmt":"2024-04-18T18:17:01","guid":{"rendered":"https:\/\/zooprekes24.lt\/produktas\/orijen-fit-trim-sunims\/"},"modified":"2026-03-31T15:57:56","modified_gmt":"2026-03-31T13:57:56","slug":"orijen-fit-trim-sunims","status":"publish","type":"product","link":"https:\/\/zooprekes24.lt\/et\/produktas\/orijen-fit-trim-sunims\/","title":{"rendered":"Orijen Fit &amp; Trim sausas maistas \u0161unims 11.4 kg"},"content":{"rendered":"<h3>Orijen Fit &amp; Trim sisaldab v\u00e4rsket, puurita kasvatatud kana ja kalkunit, pesamune ja looduslikku kala. K\u00f5ik tarnitakse v\u00e4rskelt <a href=\"https:\/\/www.orijenpetfoods.co.uk\/why-orijen\/biologically-appropriate\/\" target=\"_blank\" rel=\"noopener noreferrer\">WholePrey\u2122<\/a> m\u00f5iste (kogusaak).<\/h3>\n<div class=\"food-feature\">\n<ul>\n<li>42% toitvat valku, 17% s\u00fcsivesikuid ja lahustuvaid kiudaineid, et toita <a href=\"https:\/\/zooprekes24.lt\/et\/toode\/acana-light-fit-sunims-11-4-kg\/\" target=\"_blank\" rel=\"noopener noreferrer\">\u00fclekaalulised koerad<\/a> vastavalt nende evolutsioonilisele ja <a href=\"https:\/\/www.youtube.com\/watch?v=9amHn9cr9zo&amp;t=58s\" target=\"_blank\" rel=\"noopener noreferrer\">bioloogilised vajadused.<\/a><\/li>\n<li>Erinevalt tavalisest koeratoidust on 2\/3 Orijen Fit &amp; Trim'i lihast v\u00e4rske (<a href=\"https:\/\/intl.orijen.ca\/lt\/orijen\/never-outsourced\/\" target=\"_blank\" rel=\"noopener noreferrer\">jahutatud, ilma s\u00e4ilitusaineteta<\/a>) v\u00f5i toores (kiirk\u00fclmutatud, ilma s\u00e4ilitusaineteta), sealhulgas s\u00f6\u00f6da esimesed 10 koostisosa.<\/li>\n<li>1\/3 kodulindude ja kalade kogusest kuivatatakse hoolikalt 90 \u00b0C juures, et luua kontsentreeritud toitaineliselt v\u00e4\u00e4rtusliku valgu allikas.<\/li>\n<li>Valmistatud v\u00e4rskest lihast, elunditest ja k\u00f5hrest koos v\u00e4rske kala ja munadega, annab see loomulikku, praktiliselt k\u00f5iki toitaineid, mida teie koer vajab.<\/li>\n<li>K\u00fclmkuivatatud maks parandab maitset. See muudab toidu eriti maitsvaks isegi k\u00f5ige n\u00f5udlikumatele koertele.<\/li>\n<li>Valmistatud auhinnatud k\u00f6\u00f6gis parimatest ja v\u00e4rsketest koostisosadest, <a href=\"https:\/\/www.orijenpetfoods.co.uk\/why-orijen\/biologically-appropriate\/\" target=\"_blank\" rel=\"noopener noreferrer\">Bioloogiliselt sobiv\u2122<\/a> (Bioloogiliselt sobiv) koostis tagab, et teie koer on terve ja \u00f5nnelik.<\/li>\n<\/ul>\n<\/div>","protected":false},"excerpt":{"rendered":"<p>Orijen Fit &amp; Trim maisto sud\u0117tyje &#8211; \u0161vie\u017eia ne narvuose u\u017eauginta vi\u0161tiena ir kalakutiena, lizduose pad\u0117ti kiau\u0161iniai ir laukin\u0117s \u017euvys. Viskas pristatoma \u0161vie\u017eia laikantis WholePrey\u2122 (viso grobio) koncepcijos. 42% maisting\u0173 baltym\u0173, 17% angliavandeni\u0173 ir tirpios skaidulos puosel\u0117ja antsvorio turin\u010dius \u0161unis pagal j\u0173 evoliucinius ir biologinius poreikius. Kitaip nei \u012fprastiniuose \u0161un\u0173 pa\u0161aruose, 2\/3 Orijen Fit &amp;&#8230;<\/p>","protected":false},"featured_media":17595,"comment_status":"closed","ping_status":"closed","template":"","meta":{"_acf_changed":false,"slim_seo":{"title":"Orijen Fit &amp; Trim sausas maistas \u0161unims 11.4 kg - Zooprekes24","description":"Orijen Fit &amp; Trim sisaldab v\u00e4rsket, puurita kasvatatud kana ja kalkunit, pesamune ja looduslikku kala. K\u00f5ik tarnitakse siia"},"iawp_total_views":57},"product_brand":[],"product_cat":[9001,9011,9002,8999,29,31],"product_tag":[175,176,177,260,200],"class_list":{"0":"post-21793","1":"product","2":"type-product","3":"status-publish","4":"has-post-thumbnail","6":"product_cat-begrudis-maistas","7":"product_cat-orijen","8":"product_cat-sausas-maistas","9":"product_cat-sunims","10":"product_cat-sunu-maistas","11":"product_cat-sunu-prekiu-gamintojai","12":"product_tag-begrudis-maistas-sunims","13":"product_tag-begrudis-sunu-maistas","14":"product_tag-edalas-sunims","15":"product_tag-maistas-alergiskiems-sunims","16":"product_tag-super-premium-maistas-sunims","17":"pa_pasaro-sudetis-darzoves","18":"pa_pasaro-sudetis-kalakutiena","19":"pa_pasaro-sudetis-kiausiniai","20":"pa_pasaro-sudetis-sirdys","21":"pa_pasaro-sudetis-uogos","22":"pa_pasaro-sudetis-vaisiai","23":"pa_pasaro-sudetis-vistiena","24":"pa_pasaro-sudetis-zuvis","25":"pa_prekiu-zenklai-orijen","26":"pa_suns-amzius-senjorams","27":"pa_suns-amzius-suaugusiems","28":"pa_veisles-dydis-didelems-veislems","29":"pa_veisles-dydis-mazoms-veislems","30":"pa_veisles-dydis-vidutinems-veislems","31":"pa_veisles-dydis-visu-dydziu-veislems","33":"first","34":"instock","35":"featured","36":"taxable","37":"shipping-taxable","38":"purchasable","39":"product-type-simple"},"acf":[],"_links":{"self":[{"href":"https:\/\/zooprekes24.lt\/et\/wp-json\/wp\/v2\/product\/21793","targetHints":{"allow":["GET"]}}],"collection":[{"href":"https:\/\/zooprekes24.lt\/et\/wp-json\/wp\/v2\/product"}],"about":[{"href":"https:\/\/zooprekes24.lt\/et\/wp-json\/wp\/v2\/types\/product"}],"replies":[{"embeddable":true,"href":"https:\/\/zooprekes24.lt\/et\/wp-json\/wp\/v2\/comments?post=21793"}],"wp:featuredmedia":[{"embeddable":true,"href":"https:\/\/zooprekes24.lt\/et\/wp-json\/wp\/v2\/media\/17595"}],"wp:attachment":[{"href":"https:\/\/zooprekes24.lt\/et\/wp-json\/wp\/v2\/media?parent=21793"}],"wp:term":[{"taxonomy":"product_brand","embeddable":true,"href":"https:\/\/zooprekes24.lt\/et\/wp-json\/wp\/v2\/product_brand?post=21793"},{"taxonomy":"product_cat","embeddable":true,"href":"https:\/\/zooprekes24.lt\/et\/wp-json\/wp\/v2\/product_cat?post=21793"},{"taxonomy":"product_tag","embeddable":true,"href":"https:\/\/zooprekes24.lt\/et\/wp-json\/wp\/v2\/product_tag?post=21793"}],"curies":[{"name":"wp","href":"https:\/\/api.w.org\/{rel}","templated":true}]}}