{"id":21792,"date":"2024-04-18T21:17:01","date_gmt":"2024-04-18T18:17:01","guid":{"rendered":"https:\/\/zooprekes24.lt\/produktas\/orijen-puppy-large-suniukams\/"},"modified":"2026-03-31T15:56:53","modified_gmt":"2026-03-31T13:56:53","slug":"orijen-puppy-large-koertele","status":"publish","type":"product","link":"https:\/\/zooprekes24.lt\/et\/produktas\/orijen-puppy-large-suniukams\/","title":{"rendered":"Orijen Puppy Large kuivtoit kutsikatele 11,4 kg"},"content":{"rendered":"<h3>Orijen Puppy Large sisaldab v\u00e4rsket, puuris kasvatamata kana ja kalkunit, pesamune ja looduslikku kala. K\u00f5ik tarnitakse v\u00e4rskelt <a href=\"https:\/\/www.acanapetfoods.co.uk\/about-acana\/biologically-appropriate\/wholeprey-meat-ratios\/\" target=\"_blank\" rel=\"noopener noreferrer\">WholePrey\u2122<\/a> m\u00f5iste (kogusaak).<\/h3>\n<div class=\"food-feature\">\n<div class=\"food-feature\">\n<ul>\n<li>Sisaldab 38% toitvat valku ja piiratud koguses 20% madala gl\u00fckeemilise indeksiga s\u00fcsivesikuid.<\/li>\n<li>Erinevalt tavalisest kutsikatoidust on 2\/3 Orijen Puppy Large'i lihast v\u00e4rske (<a href=\"https:\/\/www.youtube.com\/watch?v=9amHn9cr9zo&amp;t=58s\" target=\"_blank\" rel=\"noopener noreferrer\">jahutatud, ilma s\u00e4ilitusaineteta<\/a>) v\u00f5i toores (kiirk\u00fclmutatud, ilma s\u00e4ilitusaineteta), sealhulgas s\u00f6\u00f6da esimesed 10 koostisosa.<\/li>\n<li>1\/3 liha kuivatatakse 90 \u00b0C juures v\u00e4rskest kanast, kalkunist ja kalast, et luua kontsentreeritud toitaineliselt v\u00e4\u00e4rtusliku valgu allikas, mis ei oleks v\u00f5imalik ainult v\u00e4rske liha puhul. <a href=\"https:\/\/zooprekes24.lt\/et\/?s=puppy&amp;post_type=product&amp;product_cat=0\" target=\"_blank\" rel=\"noopener noreferrer\">Teie kasvavale kutsikale<\/a>.<\/li>\n<li><a href=\"https:\/\/intl.orijen.ca\/lt\/orijen\/never-outsourced\/\" target=\"_blank\" rel=\"noopener noreferrer\">Valmistatud v\u00e4rskest lihast,<\/a> elundid ja k\u00f5hred koos v\u00e4rske kala ja munadega, pakkudes looduslikke toitaineid, mis on teie kutsikale praktiliselt h\u00e4davajalikud.<\/li>\n<li>K\u00fclmkuivatatud kana- ja kalkunimaksad rikastavad maitseid. See muudab toidu eriti maitsvaks isegi k\u00f5ige n\u00f5udlikumatele kutsikatele.<\/li>\n<li>Valmistatud auhinnatud k\u00f6\u00f6gis parimatest ja v\u00e4rsketest koostisosadest, <a href=\"https:\/\/www.acanapetfoods.co.uk\/about-acana\/biologically-appropriate\/\" target=\"_blank\" rel=\"noopener noreferrer\">Bioloogiliselt sobiv\u2122<\/a> (Bioloogiliselt sobiv) valem tagab, et teie kutsikas on terve ja \u00f5nnelik.<\/li>\n<\/ul>\n<\/div>\n<\/div>","protected":false},"excerpt":{"rendered":"<p>Orijen Puppy Large maisto sud\u0117tyje &#8211; \u0161vie\u017eia ne narvuose u\u017eauginta vi\u0161tiena ir kalakutiena, lizduose pad\u0117ti kiau\u0161iniai ir laukin\u0117s \u017euvys. Viskas pristatoma \u0161vie\u017eia laikantis WholePrey\u2122 (viso grobio) koncepcijos. Sud\u0117tyje &#8211; 38% maistingi baltymai ir ribotas kiekis 20% &#8211; \u017eemo glikemijos indekso angliavandeni\u0173. Kitaip nei \u012fprastiniuose \u0161uniuk\u0173 pa\u0161aruose, 2\/3 Orijen Puppy Large pa\u0161are esanti m\u0117sa yra \u0161vie\u017eia&#8230;<\/p>","protected":false},"featured_media":17592,"comment_status":"closed","ping_status":"closed","template":"","meta":{"_acf_changed":false,"slim_seo":{"title":"Orijen Puppy Large sausas maistas \u0161uniukams 11.4 kg - Zooprekes24","description":"Orijen Puppy Large maisto sud\u0117tyje - \u0161vie\u017eia ne narvuose u\u017eauginta vi\u0161tiena ir kalakutiena, lizduose pad\u0117ti kiau\u0161iniai ir laukin\u0117s \u017euvys. Viskas pristatoma \u0161vie"},"iawp_total_views":71},"product_brand":[],"product_cat":[9001,9011,9002,8999,29,31],"product_tag":[175,176,177,260,200],"class_list":{"0":"post-21792","1":"product","2":"type-product","3":"status-publish","4":"has-post-thumbnail","6":"product_cat-begrudis-maistas","7":"product_cat-orijen","8":"product_cat-sausas-maistas","9":"product_cat-sunims","10":"product_cat-sunu-maistas","11":"product_cat-sunu-prekiu-gamintojai","12":"product_tag-begrudis-maistas-sunims","13":"product_tag-begrudis-sunu-maistas","14":"product_tag-edalas-sunims","15":"product_tag-maistas-alergiskiems-sunims","16":"product_tag-super-premium-maistas-sunims","17":"pa_pasaro-sudetis-darzoves","18":"pa_pasaro-sudetis-kalakutiena","19":"pa_pasaro-sudetis-kiausiniai","20":"pa_pasaro-sudetis-sirdys","21":"pa_pasaro-sudetis-uogos","22":"pa_pasaro-sudetis-vaisiai","23":"pa_pasaro-sudetis-vistiena","24":"pa_pasaro-sudetis-zuvis","25":"pa_prekiu-zenklai-orijen","26":"pa_suns-amzius-jauniems","27":"pa_veisles-dydis-didelems-veislems","29":"first","30":"instock","31":"featured","32":"taxable","33":"shipping-taxable","34":"purchasable","35":"product-type-simple"},"acf":[],"_links":{"self":[{"href":"https:\/\/zooprekes24.lt\/et\/wp-json\/wp\/v2\/product\/21792","targetHints":{"allow":["GET"]}}],"collection":[{"href":"https:\/\/zooprekes24.lt\/et\/wp-json\/wp\/v2\/product"}],"about":[{"href":"https:\/\/zooprekes24.lt\/et\/wp-json\/wp\/v2\/types\/product"}],"replies":[{"embeddable":true,"href":"https:\/\/zooprekes24.lt\/et\/wp-json\/wp\/v2\/comments?post=21792"}],"wp:featuredmedia":[{"embeddable":true,"href":"https:\/\/zooprekes24.lt\/et\/wp-json\/wp\/v2\/media\/17592"}],"wp:attachment":[{"href":"https:\/\/zooprekes24.lt\/et\/wp-json\/wp\/v2\/media?parent=21792"}],"wp:term":[{"taxonomy":"product_brand","embeddable":true,"href":"https:\/\/zooprekes24.lt\/et\/wp-json\/wp\/v2\/product_brand?post=21792"},{"taxonomy":"product_cat","embeddable":true,"href":"https:\/\/zooprekes24.lt\/et\/wp-json\/wp\/v2\/product_cat?post=21792"},{"taxonomy":"product_tag","embeddable":true,"href":"https:\/\/zooprekes24.lt\/et\/wp-json\/wp\/v2\/product_tag?post=21792"}],"curies":[{"name":"wp","href":"https:\/\/api.w.org\/{rel}","templated":true}]}}