{"id":21788,"date":"2024-04-18T21:16:50","date_gmt":"2024-04-18T18:16:50","guid":{"rendered":"https:\/\/zooprekes24.lt\/produktas\/animonda-grancarno-jaut-lasis-spinat\/"},"modified":"2024-06-19T14:09:17","modified_gmt":"2024-06-19T11:09:17","slug":"animonda-grancarno-ox-lohe-spinat","status":"publish","type":"product","link":"https:\/\/zooprekes24.lt\/et\/produktas\/animonda-grancarno-jaut-lasis-spinat\/","title":{"rendered":"Animonda Grancarno veiselihakonserv, l\u00f5he ja spinat 800 g"},"content":{"rendered":"<h3><a href=\"https:\/\/www.animonda.de\/en\/brands\/grancarno\" target=\"_blank\" rel=\"noopener noreferrer\">Animonda Grancarno<\/a> Veiseliha, l\u00f5he ja spinati konserveerimine on suurep\u00e4rane ja lihtne viis oma lemmiklooma ravimiseks. See ei sisalda soja v\u00f5i teravilja lisandeid, kunstlikke v\u00e4rvaineid ega l\u00f5hna- ja maitsetugevdajaid.<\/h3>\n<ul>\n<li>Toidu valmistamiseks kasutatakse ainult naturaalset liha ja kala.<\/li>\n<li><a href=\"https:\/\/zooprekes24.lt\/et\/?s=konservai&amp;post_type=product&amp;product_cat=0\" target=\"_blank\" rel=\"noopener noreferrer\">Konservid<\/a> sobib tundliku mao v\u00f5i toiduallergiaga koertele.<\/li>\n<li>Toitainete ja valkude optimaalne imendumine t\u00e4nu hoolikalt valmistatud v\u00e4rsketele koostisosadele.<\/li>\n<li>Suletud, h\u00f5lpsasti kasutatav pakend s\u00e4ilitab suurep\u00e4raselt loomuliku maitse ja aroomi ning kaitseb mikroobide ja bakterite eest, mis v\u00f5ivad teie lemmiklooma kahjustada.<\/li>\n<\/ul>","protected":false},"excerpt":{"rendered":"<p>Animonda Grancarno konservai su jautiena, la\u0161i\u0161a ir \u0161pinatais puikus ir lengvas b\u016bdas palepinti J\u016bs\u0173 augintin\u012f. Sud\u0117tyje n\u0117ra soj\u0173 ar gr\u016bd\u0173 priemai\u0161\u0173, dirbtini\u0173 da\u017eom\u0173j\u0173 med\u017eiag\u0173 bei skonio stiprikli\u0173. \u0116dalui gaminti naudojama tik nat\u016brali m\u0117sa ir \u017euvis. Konservai tinkami \u0161unims turintiems jautr\u0173 skrand\u012f ar maisto alergijas. Optimalus maistini\u0173 med\u017eiag\u0173 ir baltym\u0173 \u012fsisavinimas d\u0117ka kruop\u0161\u010diai paruo\u0161t\u0173 \u0161vie\u017ei\u0173 ingredient\u0173&#8230;.<\/p>","protected":false},"featured_media":17583,"comment_status":"closed","ping_status":"closed","template":"","meta":{"_acf_changed":false,"slim_seo":{"title":"Animonda Grancarno konservai su jautiena, la\u0161i\u0161a ir \u0161pinatais 800 g - Zooprekes24","description":"Animonda Grancarno veiseliha-, l\u00f5he- ja spinatikonserv on suurep\u00e4rane ja lihtne viis oma lemmiklooma ravimiseks. Ei sisalda soja ega teravilja lisandeid, ei sisalda kunstlikke"},"iawp_total_views":18},"product_brand":[],"product_cat":[9007,9004,8999,29,31],"product_tag":[177,200],"class_list":{"0":"post-21788","1":"product","2":"type-product","3":"status-publish","4":"has-post-thumbnail","6":"product_cat-animonda-sunims","7":"product_cat-slapias-maistas","8":"product_cat-sunims","9":"product_cat-sunu-maistas","10":"product_cat-sunu-prekiu-gamintojai","11":"product_tag-edalas-sunims","12":"product_tag-super-premium-maistas-sunims","13":"pa_pasaro-sudetis-darzoves","14":"pa_pasaro-sudetis-jautiena","15":"pa_pasaro-sudetis-lasisa","16":"pa_pasaro-sudetis-zuvis","17":"pa_prekiu-zenklai-animonda","18":"pa_suns-amzius-suaugusiems","19":"pa_veisles-dydis-didelems-veislems","20":"pa_veisles-dydis-mazoms-veislems","21":"pa_veisles-dydis-vidutinems-veislems","22":"pa_veisles-dydis-visu-dydziu-veislems","24":"first","25":"outofstock","26":"featured","27":"taxable","28":"shipping-taxable","29":"purchasable","30":"product-type-simple"},"acf":[],"_links":{"self":[{"href":"https:\/\/zooprekes24.lt\/et\/wp-json\/wp\/v2\/product\/21788","targetHints":{"allow":["GET"]}}],"collection":[{"href":"https:\/\/zooprekes24.lt\/et\/wp-json\/wp\/v2\/product"}],"about":[{"href":"https:\/\/zooprekes24.lt\/et\/wp-json\/wp\/v2\/types\/product"}],"replies":[{"embeddable":true,"href":"https:\/\/zooprekes24.lt\/et\/wp-json\/wp\/v2\/comments?post=21788"}],"wp:featuredmedia":[{"embeddable":true,"href":"https:\/\/zooprekes24.lt\/et\/wp-json\/wp\/v2\/media\/17583"}],"wp:attachment":[{"href":"https:\/\/zooprekes24.lt\/et\/wp-json\/wp\/v2\/media?parent=21788"}],"wp:term":[{"taxonomy":"product_brand","embeddable":true,"href":"https:\/\/zooprekes24.lt\/et\/wp-json\/wp\/v2\/product_brand?post=21788"},{"taxonomy":"product_cat","embeddable":true,"href":"https:\/\/zooprekes24.lt\/et\/wp-json\/wp\/v2\/product_cat?post=21788"},{"taxonomy":"product_tag","embeddable":true,"href":"https:\/\/zooprekes24.lt\/et\/wp-json\/wp\/v2\/product_tag?post=21788"}],"curies":[{"name":"wp","href":"https:\/\/api.w.org\/{rel}","templated":true}]}}