{"id":21783,"date":"2024-04-18T21:16:50","date_gmt":"2024-04-18T18:16:50","guid":{"rendered":"https:\/\/zooprekes24.lt\/produktas\/brit-premium-by-nature-adult-xl\/"},"modified":"2026-04-03T15:41:40","modified_gmt":"2026-04-03T13:41:40","slug":"brit-premium-by-nature-taiskasvanud-xl","status":"publish","type":"product","link":"https:\/\/zooprekes24.lt\/et\/produktas\/brit-premium-by-nature-adult-xl\/","title":{"rendered":"Brit Premium by Nature Adult XL kuivtoit koertele 15 kg"},"content":{"rendered":"<h3>Brit Premium by Nature Adult XL koeratoidul, mis on spetsiaalselt koostatud eriti suurte t\u00f5ugude t\u00e4iskasvanud koertele (45-90 kg), on j\u00e4rgmised koerte tervist ja seisundit m\u00f5jutavad omadused:<\/h3>\n<ul>\n<li>Suurep\u00e4rane seedimine. See koeratoit sisaldab kergesti seeditavaid valke ja rasvu.<\/li>\n<li>Terve luustik. Optimaalne kaltsiumi ja fosfori suhe tagab terved luud ja terve skeleti.<\/li>\n<li>Terve s\u00fcda. Omega-3-rasvad, looduslikud antioks\u00fcdandid, tugevdavad s\u00fcdant.<\/li>\n<li>Kiiltav, pehme karvkate ja terve nahk - need on omadused, mida Brit Premium by Nature Adult XL koerad armastavad (t\u00e4nu l\u00f5he\u00f5lis sisalduvatele Omega-3-k\u00fcllastumata rasvhapetele).<\/li>\n<\/ul>\n<h3>Taime- ja puuviljaekstraktid (rosmariin, kurkum, tsitrusviljad ja nelk), mis sisalduvad <a href=\"https:\/\/brit-petfood.com\/en\/products\/264847-brit-premium-by-nature-adult-xl\" target=\"_blank\" rel=\"noopener\">Brit Premium by Nature Adult XL<\/a> koeratoidus, m\u00f5ju koera tervisele ja v\u00e4limusele:<\/h3>\n<ul>\n<li>Suurep\u00e4rane antioks\u00fcdantide ja ens\u00fc\u00fcmide allikas, mis kaitseb rakke kahjustuste eest.<\/li>\n<li>Aitab parandada E-vitamiini imendumist ja kaitseb organismi vabade radikaalide eest.<\/li>\n<li>Parandab toidu maitset ja atraktiivsust.<\/li>\n<li>Aitab parandada rasvhapete imendumist toidust, nii et\u00a0<a href=\"https:\/\/zooprekes24.lt\/et\/toode\/brit-care-lassi-oli\/\" target=\"_blank\" rel=\"noopener\">parandab naha, karvkatte ja liigeste tervist<\/a>. Suurendab vananemisvastast toimet.<\/li>\n<\/ul>","protected":false},"excerpt":{"rendered":"<p>\u0160un\u0173 maistas\u00a0Brit Premium by Nature Adult XL,\u00a0sukurtas specialiai\u00a0ypa\u010d dideli\u0173 veisli\u0173 (45-90 kg) suaugusiems \u0161unims,\u00a0pasi\u017eymi tokiomis savyb\u0117mis, turin\u010diomis \u012ftakos \u0161un\u0173 sveikatai ir b\u016bklei: Puikus vir\u0161kinimas.\u00a0\u0160io maisto \u0161unims sud\u0117tyje yra lengvai vir\u0161kinam\u0173 baltym\u0173 ir riebal\u0173. Sveikas skeletas. Optimalus kalcio ir fosforo santykis u\u017etikrina sveikus \u0161uns kaunus ir sveik\u0105 skelet\u0105. Sveika \u0161irdis.\u00a0Omega-3, nat\u016bral\u016bs antioksidantai stiprina \u0161ird\u012f. Blizgantis, mink\u0161tas&#8230;<\/p>","protected":false},"featured_media":17577,"comment_status":"closed","ping_status":"closed","template":"","meta":{"_acf_changed":false,"slim_seo":{"title":"Brit Premium by Nature Adult XL sausas maistas \u0161unims 15 kg - Zooprekes24","description":"\u0160un\u0173 maistas\u00a0Brit Premium by Nature Adult XL,\u00a0sukurtas specialiai\u00a0ypa\u010d dideli\u0173 veisli\u0173 (45-90 kg) suaugusiems \u0161unims,\u00a0pasi\u017eymi tokiomis savyb\u0117mis, turin\u010diomis \u012f"},"iawp_total_views":54},"product_brand":[],"product_cat":[9006,9002,8999,29,31],"product_tag":[353,177,260,200],"class_list":{"0":"post-21783","1":"product","2":"type-product","3":"status-publish","4":"has-post-thumbnail","6":"product_cat-brit-premium","7":"product_cat-sausas-maistas","8":"product_cat-sunims","9":"product_cat-sunu-maistas","10":"product_cat-sunu-prekiu-gamintojai","11":"product_tag-brit-sunu-edalas","12":"product_tag-edalas-sunims","13":"product_tag-maistas-alergiskiems-sunims","14":"product_tag-super-premium-maistas-sunims","15":"pa_pasaro-sudetis-uogos","16":"pa_pasaro-sudetis-vaisiai","17":"pa_pasaro-sudetis-vistiena","18":"pa_prekiu-zenklai-brit-premium","19":"pa_suns-amzius-suaugusiems","20":"pa_veisles-dydis-didelems-veislems","22":"first","23":"instock","24":"featured","25":"taxable","26":"shipping-taxable","27":"purchasable","28":"product-type-simple"},"acf":[],"_links":{"self":[{"href":"https:\/\/zooprekes24.lt\/et\/wp-json\/wp\/v2\/product\/21783","targetHints":{"allow":["GET"]}}],"collection":[{"href":"https:\/\/zooprekes24.lt\/et\/wp-json\/wp\/v2\/product"}],"about":[{"href":"https:\/\/zooprekes24.lt\/et\/wp-json\/wp\/v2\/types\/product"}],"replies":[{"embeddable":true,"href":"https:\/\/zooprekes24.lt\/et\/wp-json\/wp\/v2\/comments?post=21783"}],"wp:featuredmedia":[{"embeddable":true,"href":"https:\/\/zooprekes24.lt\/et\/wp-json\/wp\/v2\/media\/17577"}],"wp:attachment":[{"href":"https:\/\/zooprekes24.lt\/et\/wp-json\/wp\/v2\/media?parent=21783"}],"wp:term":[{"taxonomy":"product_brand","embeddable":true,"href":"https:\/\/zooprekes24.lt\/et\/wp-json\/wp\/v2\/product_brand?post=21783"},{"taxonomy":"product_cat","embeddable":true,"href":"https:\/\/zooprekes24.lt\/et\/wp-json\/wp\/v2\/product_cat?post=21783"},{"taxonomy":"product_tag","embeddable":true,"href":"https:\/\/zooprekes24.lt\/et\/wp-json\/wp\/v2\/product_tag?post=21783"}],"curies":[{"name":"wp","href":"https:\/\/api.w.org\/{rel}","templated":true}]}}