{"id":21782,"date":"2024-04-18T21:16:50","date_gmt":"2024-04-18T18:16:50","guid":{"rendered":"https:\/\/zooprekes24.lt\/produktas\/hippie-pet-60x90cm\/"},"modified":"2024-08-14T17:03:10","modified_gmt":"2024-08-14T14:03:10","slug":"hipi-lemmikloom-60x90cm","status":"publish","type":"product","link":"https:\/\/zooprekes24.lt\/et\/produktas\/hippie-pet-60x90cm\/","title":{"rendered":"Hippie Pet \u00fchekordsed koeramantlid, 60\u00d790 cm, 30 tk"},"content":{"rendered":"<h3>Hippie Pet \u00fchekordseks kasutamiseks m\u00f5eldud koerapalatid.<\/h3>\n<ul>\n<li>\u00dchekordselt kasutatav.<\/li>\n<li>30 t\u00fckki pakendis.<strong>\u00a0<\/strong><\/li>\n<li><a href=\"https:\/\/www.youtube.com\/watch?v=jOObS-oep24\" target=\"_blank\" rel=\"noopener noreferrer\">Imab kiiresti niiskust.<\/a><\/li>\n<li>Teie lemmiklooma k\u00e4pad j\u00e4\u00e4vad kuivaks ja puhtaks.<\/li>\n<li><a href=\"https:\/\/zooprekes24.lt\/et\/?s=puppy&amp;post_type=product&amp;product_cat=0\">Kutsikate jaoks<\/a> ning vanadele ja haigetele koertele, kellel on raskusi uriini pikaajalise hoidmisega.<\/li>\n<li>Hippie Pet Palas't saab ka spetsiaalsesse koerte tualetti, reisipuuri v\u00f5i loomade transpordikasti toita.<\/li>\n<\/ul>","protected":false},"excerpt":{"rendered":"<p>Hippie Pet \u00fchekordseks kasutamiseks m\u00f5eldud koerapalatid. Korduvkasutatavad. 30 tk.  Imab kiiresti niiskust. Teie lemmiklooma k\u00e4pad j\u00e4\u00e4vad kuivaks ja puhtaks. Kutsikatele ning vanadele ja haigetele koertele, kellel on raskusi uriini pikaajalise hoidmisega. V\u00f5ite panna Hippie Pet Palas ka spetsiaalsesse koerte tualetti, reisipuuri v\u00f5i loomade transpordikasti.<\/p>","protected":false},"featured_media":17574,"comment_status":"closed","ping_status":"closed","template":"","meta":{"_acf_changed":false,"slim_seo":{"title":"Hippie Pet vienkartin\u0117s palos \u0161unims, 60x90 cm, 30 vnt - Zooprekes24","description":"Hippie Pet \u00fchekordseks kasutamiseks m\u00f5eldud koerapalatid. Korduvkasutatavad. 30 tk pakendis.   Imab kiiresti niiskust. Teie lemmiklooma k\u00e4pad j\u00e4\u00e4vad kuivaks ja puhtaks. Vaata"},"iawp_total_views":258},"product_brand":[],"product_cat":[9005,32,8999],"product_tag":[1226,1229,1234,1235,1236],"class_list":{"0":"post-21782","1":"product","2":"type-product","3":"status-publish","4":"has-post-thumbnail","6":"product_cat-higienos-ir-valymo-priemones","7":"product_cat-kitos-sunu-prekes","8":"product_cat-sunims","9":"product_tag-palos-sunims","10":"product_tag-palutes-sunims","11":"product_tag-vienkartines-palos","12":"product_tag-vienkartines-palutes","13":"product_tag-vienkartines-sunu-palutes","14":"pa_prekiu-zenklai-hippie-pet","15":"pa_suns-amzius-jauniems","16":"pa_suns-amzius-senjorams","17":"pa_suns-amzius-suaugusiems","18":"pa_suns-amzius-visiems-amziams","19":"pa_veisles-dydis-mazoms-veislems","20":"pa_veisles-dydis-vidutinems-veislems","22":"first","23":"instock","24":"featured","25":"taxable","26":"shipping-taxable","27":"purchasable","28":"product-type-simple"},"acf":[],"_links":{"self":[{"href":"https:\/\/zooprekes24.lt\/et\/wp-json\/wp\/v2\/product\/21782","targetHints":{"allow":["GET"]}}],"collection":[{"href":"https:\/\/zooprekes24.lt\/et\/wp-json\/wp\/v2\/product"}],"about":[{"href":"https:\/\/zooprekes24.lt\/et\/wp-json\/wp\/v2\/types\/product"}],"replies":[{"embeddable":true,"href":"https:\/\/zooprekes24.lt\/et\/wp-json\/wp\/v2\/comments?post=21782"}],"wp:featuredmedia":[{"embeddable":true,"href":"https:\/\/zooprekes24.lt\/et\/wp-json\/wp\/v2\/media\/17574"}],"wp:attachment":[{"href":"https:\/\/zooprekes24.lt\/et\/wp-json\/wp\/v2\/media?parent=21782"}],"wp:term":[{"taxonomy":"product_brand","embeddable":true,"href":"https:\/\/zooprekes24.lt\/et\/wp-json\/wp\/v2\/product_brand?post=21782"},{"taxonomy":"product_cat","embeddable":true,"href":"https:\/\/zooprekes24.lt\/et\/wp-json\/wp\/v2\/product_cat?post=21782"},{"taxonomy":"product_tag","embeddable":true,"href":"https:\/\/zooprekes24.lt\/et\/wp-json\/wp\/v2\/product_tag?post=21782"}],"curies":[{"name":"wp","href":"https:\/\/api.w.org\/{rel}","templated":true}]}}