{"id":21781,"date":"2024-04-18T21:16:50","date_gmt":"2024-04-18T18:16:50","guid":{"rendered":"https:\/\/zooprekes24.lt\/produktas\/hippie-pet-45x60cm\/"},"modified":"2024-08-14T17:00:19","modified_gmt":"2024-08-14T14:00:19","slug":"hipi-lemmikloom-45x60cm","status":"publish","type":"product","link":"https:\/\/zooprekes24.lt\/et\/produktas\/hippie-pet-45x60cm\/","title":{"rendered":"Hippie Pet \u00fchekordsed koeralehed, 45\u00d760 cm, 50 tk"},"content":{"rendered":"<h3>Hippie Pet \u00fchekordseks kasutamiseks m\u00f5eldud koerapalatid.<\/h3>\n<ul>\n<li>\u00dchekordselt kasutatav.<\/li>\n<li>50 t\u00fckki pakendis.<strong>\u00a0<\/strong><\/li>\n<li><a href=\"https:\/\/www.youtube.com\/watch?v=jOObS-oep24\" target=\"_blank\" rel=\"noopener noreferrer\">Imab kiiresti niiskust.<\/a><\/li>\n<li>Teie lemmiklooma k\u00e4pad j\u00e4\u00e4vad kuivaks ja puhtaks.<\/li>\n<li><a href=\"https:\/\/zooprekes24.lt\/et\/?s=puppy&amp;post_type=product&amp;product_cat=0\">Kutsikate jaoks<\/a> ning vanadele ja haigetele koertele, kellel on raskusi uriini pikaajalise hoidmisega.<\/li>\n<li>Palasid saab ka spetsiaalsesse koerte tualetti, reisipuuri v\u00f5i loomade transpordikasti s\u00f6\u00f6ta.<\/li>\n<\/ul>","protected":false},"excerpt":{"rendered":"<p>Hippie Pet \u00fchekordseks kasutamiseks m\u00f5eldud koerapalatid. Korduvkasutatavad. 50 tk.  Imab kiiresti niiskust. Teie lemmiklooma k\u00e4pad j\u00e4\u00e4vad kuivaks ja puhtaks. Kutsikatele ning vanadele ja haigetele koertele, kellel on raskusi uriini pikaajalise hoidmisega. V\u00f5ite panna palasid ka spetsiaalsesse koerte tualetti, reisipuuri v\u00f5i loomade transpordikasti.<\/p>","protected":false},"featured_media":17572,"comment_status":"closed","ping_status":"closed","template":"","meta":{"_acf_changed":false,"slim_seo":{"title":"Hippie Pet vienkartin\u0117s palos \u0161unims, 45x60 cm, 50 vnt - Zooprekes24","description":"Hippie Pet \u00fchekordseks kasutamiseks m\u00f5eldud koerapalatid. Korduvkasutatavad. 50 tk.   Imab kiiresti niiskust. Teie lemmiklooma k\u00e4pad j\u00e4\u00e4vad kuivaks ja puhtaks. Vaata"},"iawp_total_views":154},"product_brand":[],"product_cat":[9005,32,8999],"product_tag":[1226,1229,1234,1235,1236],"class_list":{"0":"post-21781","1":"product","2":"type-product","3":"status-publish","4":"has-post-thumbnail","6":"product_cat-higienos-ir-valymo-priemones","7":"product_cat-kitos-sunu-prekes","8":"product_cat-sunims","9":"product_tag-palos-sunims","10":"product_tag-palutes-sunims","11":"product_tag-vienkartines-palos","12":"product_tag-vienkartines-palutes","13":"product_tag-vienkartines-sunu-palutes","14":"pa_prekiu-zenklai-hippie-pet","15":"pa_suns-amzius-jauniems","16":"pa_suns-amzius-senjorams","17":"pa_suns-amzius-suaugusiems","18":"pa_suns-amzius-visiems-amziams","19":"pa_veisles-dydis-mazoms-veislems","21":"first","22":"instock","23":"featured","24":"taxable","25":"shipping-taxable","26":"purchasable","27":"product-type-simple"},"acf":[],"_links":{"self":[{"href":"https:\/\/zooprekes24.lt\/et\/wp-json\/wp\/v2\/product\/21781","targetHints":{"allow":["GET"]}}],"collection":[{"href":"https:\/\/zooprekes24.lt\/et\/wp-json\/wp\/v2\/product"}],"about":[{"href":"https:\/\/zooprekes24.lt\/et\/wp-json\/wp\/v2\/types\/product"}],"replies":[{"embeddable":true,"href":"https:\/\/zooprekes24.lt\/et\/wp-json\/wp\/v2\/comments?post=21781"}],"wp:featuredmedia":[{"embeddable":true,"href":"https:\/\/zooprekes24.lt\/et\/wp-json\/wp\/v2\/media\/17572"}],"wp:attachment":[{"href":"https:\/\/zooprekes24.lt\/et\/wp-json\/wp\/v2\/media?parent=21781"}],"wp:term":[{"taxonomy":"product_brand","embeddable":true,"href":"https:\/\/zooprekes24.lt\/et\/wp-json\/wp\/v2\/product_brand?post=21781"},{"taxonomy":"product_cat","embeddable":true,"href":"https:\/\/zooprekes24.lt\/et\/wp-json\/wp\/v2\/product_cat?post=21781"},{"taxonomy":"product_tag","embeddable":true,"href":"https:\/\/zooprekes24.lt\/et\/wp-json\/wp\/v2\/product_tag?post=21781"}],"curies":[{"name":"wp","href":"https:\/\/api.w.org\/{rel}","templated":true}]}}