{"id":21775,"date":"2024-04-18T21:16:50","date_gmt":"2024-04-18T18:16:50","guid":{"rendered":"https:\/\/zooprekes24.lt\/produktas\/acana-light-fit-sausas-maistas-sunims\/"},"modified":"2024-06-11T14:27:19","modified_gmt":"2024-06-11T11:27:19","slug":"acana-light-fit-kuivtoit-koertele-2","status":"publish","type":"product","link":"https:\/\/zooprekes24.lt\/et\/produktas\/acana-light-fit-sausas-maistas-sunims\/","title":{"rendered":"Acana Light &amp; Fit kuivtoit koertele 11,4 kg"},"content":{"rendered":"<h3>Acana Light Fit sisaldab rohkelt liha, sealhulgas puurivaba kana, pesamune ja looduslikku lesta. K\u00f5ik tarnitakse v\u00e4rskelt <a href=\"https:\/\/www.acanapetfoods.co.uk\/about-acana\/biologically-appropriate\/wholeprey-meat-ratios\/\" target=\"_blank\" rel=\"noopener noreferrer\">WholePrey\u2122<\/a> m\u00f5iste (kogusaak). Normaalse veresuhkru taseme s\u00e4ilitamiseks ei sisalda toit k\u00f5rge gl\u00fckeemilise indeksiga koostisosi, nagu riis, mais v\u00f5i kartul, vaid ainult madala gl\u00fckeemilise indeksiga puuvilju, <a href=\"https:\/\/zooprekes24.lt\/et\/?s=darzoves&amp;post_type=product&amp;product_cat=0\" target=\"_blank\" rel=\"noopener noreferrer\">k\u00f6\u00f6giviljad<\/a>, sealhulgas haisev koi.<\/h3>\n<p>\u00dclekaalulised koerad saavad kasu valkjurikkast dieedist, et s\u00e4ilitada lihasmassi, ja v\u00e4hese s\u00fcsivesikute sisaldusega dieedist, mis aitavad kaasa keharasva tekkimisele. Valmistatud auhinnatud k\u00f6\u00f6gis parimatest ja v\u00e4rsketest koostisosadest, <a href=\"https:\/\/www.acanapetfoods.co.uk\/about-acana\/biologically-appropriate\/\" target=\"_blank\" rel=\"noopener noreferrer\">Bioloogiliselt sobiv\u2122<\/a> Acana Light Fit koostis (bioloogiliselt sobiv) tagab, et teie koer on terve, \u00f5nnelik ja tugev.<\/p>","protected":false},"excerpt":{"rendered":"<p>Acana Light Fit maiste gausu m\u0117sos, \u012fskaitant ne narvuose u\u017eaugint\u0105 vi\u0161tien\u0105, lizduose pad\u0117tus kiau\u0161inius ir laukin\u0119 plek\u0161n\u0119. Viskas pristatoma \u0161vie\u017eia laikantis WholePrey\u2122 (viso grobio) koncepcijos. Kad palaikyti normal\u0173 cukraus kiek\u012f kraujyje, pa\u0161aro sud\u0117tyje n\u0117ra auk\u0161to glikeminio indekso ingredient\u0173, toki\u0173 kaip ry\u017eiai, kukur\u016bzai ar bulv\u0117s, o tik \u017eem\u0105 glikemijos indeks\u0105 turintys vaisiai, dar\u017eov\u0117s, \u012fskaitant kvapn\u0173j\u012f moliug\u0105&#8230;.<\/p>","protected":false},"featured_media":17535,"comment_status":"closed","ping_status":"closed","template":"","meta":{"_acf_changed":false,"slim_seo":{"title":"Acana Light & Fit sausas maistas \u0161unims 11.4 kg - Zooprekes24","description":"Acana Light Fit sisaldab rohkelt liha, sealhulgas puurivaba kana, pesamune ja metskoger. K\u00f5ik tarnitakse v\u00e4rskelt laost"},"iawp_total_views":331},"product_brand":[],"product_cat":[9000,9001,9002,8999,29,31],"product_tag":[176,177,200],"class_list":{"0":"post-21775","1":"product","2":"type-product","3":"status-publish","4":"has-post-thumbnail","6":"product_cat-acana","7":"product_cat-begrudis-maistas","8":"product_cat-sausas-maistas","9":"product_cat-sunims","10":"product_cat-sunu-maistas","11":"product_cat-sunu-prekiu-gamintojai","12":"product_tag-begrudis-sunu-maistas","13":"product_tag-edalas-sunims","14":"product_tag-super-premium-maistas-sunims","15":"pa_pasaro-sudetis-darzoves","16":"pa_pasaro-sudetis-kiausiniai","17":"pa_pasaro-sudetis-uogos","18":"pa_pasaro-sudetis-vaisiai","19":"pa_pasaro-sudetis-vistiena","20":"pa_pasaro-sudetis-zuvis","21":"pa_prekiu-zenklai-acana","22":"pa_suns-amzius-suaugusiems","23":"pa_veisles-dydis-didelems-veislems","24":"pa_veisles-dydis-mazoms-veislems","25":"pa_veisles-dydis-vidutinems-veislems","26":"pa_veisles-dydis-visu-dydziu-veislems","28":"first","29":"instock","30":"featured","31":"taxable","32":"shipping-taxable","33":"purchasable","34":"product-type-simple"},"acf":[],"_links":{"self":[{"href":"https:\/\/zooprekes24.lt\/et\/wp-json\/wp\/v2\/product\/21775","targetHints":{"allow":["GET"]}}],"collection":[{"href":"https:\/\/zooprekes24.lt\/et\/wp-json\/wp\/v2\/product"}],"about":[{"href":"https:\/\/zooprekes24.lt\/et\/wp-json\/wp\/v2\/types\/product"}],"replies":[{"embeddable":true,"href":"https:\/\/zooprekes24.lt\/et\/wp-json\/wp\/v2\/comments?post=21775"}],"wp:featuredmedia":[{"embeddable":true,"href":"https:\/\/zooprekes24.lt\/et\/wp-json\/wp\/v2\/media\/17535"}],"wp:attachment":[{"href":"https:\/\/zooprekes24.lt\/et\/wp-json\/wp\/v2\/media?parent=21775"}],"wp:term":[{"taxonomy":"product_brand","embeddable":true,"href":"https:\/\/zooprekes24.lt\/et\/wp-json\/wp\/v2\/product_brand?post=21775"},{"taxonomy":"product_cat","embeddable":true,"href":"https:\/\/zooprekes24.lt\/et\/wp-json\/wp\/v2\/product_cat?post=21775"},{"taxonomy":"product_tag","embeddable":true,"href":"https:\/\/zooprekes24.lt\/et\/wp-json\/wp\/v2\/product_tag?post=21775"}],"curies":[{"name":"wp","href":"https:\/\/api.w.org\/{rel}","templated":true}]}}