{"id":21774,"date":"2024-04-18T21:16:50","date_gmt":"2024-04-18T18:16:50","guid":{"rendered":"https:\/\/zooprekes24.lt\/produktas\/acana-senior-sausas-maistas-sunims\/"},"modified":"2024-06-11T16:21:19","modified_gmt":"2024-06-11T13:21:19","slug":"acana-senior-sausas-maistas-sunims","status":"publish","type":"product","link":"https:\/\/zooprekes24.lt\/et\/produktas\/acana-senior-sausas-maistas-sunims\/","title":{"rendered":"Acana Senior kuivtoit koertele 11,4 kg"},"content":{"rendered":"<h3>Acana Senior sisaldab k\u00f5rge valgusisaldusega puurivaba kana, pesamunade ja Vaikse ookeani loodusest p\u00fc\u00fctud merilesta valku.  K\u00f5ik tarnitakse v\u00e4rskelt vastavalt <a href=\"https:\/\/www.acanapetfoods.co.uk\/about-acana\/biologically-appropriate\/wholeprey-meat-ratios\/\" target=\"_blank\" rel=\"noopener noreferrer\">WholePrey\u2122<\/a> m\u00f5iste (kogusaak).<\/h3>\n<p><a href=\"https:\/\/zooprekes24.lt\/et\/?s=senior+sunims&amp;post_type=product&amp;product_cat=0\" target=\"_blank\" rel=\"noopener noreferrer\">Vanematele koertele<\/a> Parim toitumine on lihavalgurikas, et s\u00e4ilitada lihasmassi, ja v\u00e4hese s\u00fcsivesikute sisaldusega, mis ei p\u00f5hjusta rasvumist ega diabeediprobleeme. Valmistatud auhinnatud k\u00f6\u00f6gis parimatest ja v\u00e4rsketest koostisosadest, <a href=\"https:\/\/www.acanapetfoods.co.uk\/about-acana\/biologically-appropriate\/\" target=\"_blank\" rel=\"noopener noreferrer\">Bioloogiliselt sobiv\u2122<\/a> (Bioloogiliselt sobiv) Acana Senior'i koostis tagab, et teie koer on terve, \u00f5nnelik ja tugev.<\/p>","protected":false},"excerpt":{"rendered":"<p>Acana Senior sud\u0117tyje yra daug baltym\u0173 i\u0161 ne narvuose u\u017eaugintos vi\u0161tienos, lizduose pad\u0117t\u0173 kiau\u0161ini\u0173 ir Ramiajame vandenyne su\u017evejotos laukin\u0117s plek\u0161n\u0117s.\u00a0 Viskas pristatoma \u0161vie\u017eia laikantis WholePrey\u2122 (viso grobio) koncepcijos. Vyresnio am\u017eiaus \u0161unims geriausia mityba, kurioje gausu m\u0117sos baltym\u0173, liesai raumen\u0173 masei palaikyti, ir nedaug angliavandeni\u0173, kurie nesukels nutukimo ar diabeto problem\u0173. Pagaminta apdovanojimus laimin\u010diose virtuv\u0117se i\u0161&#8230;<\/p>","protected":false},"featured_media":17530,"comment_status":"closed","ping_status":"closed","template":"","meta":{"_acf_changed":false,"slim_seo":{"title":"Acana Senior sausas maistas \u0161unims 11.4 kg - Zooprekes24","description":"Acana Senior sud\u0117tyje yra daug baltym\u0173 i\u0161 ne narvuose u\u017eaugintos vi\u0161tienos, lizduose pad\u0117t\u0173 kiau\u0161ini\u0173 ir Ramiajame vandenyne su\u017evejotos laukin\u0117s plek\u0161n\u0117s.\u00a0 Visk"},"iawp_total_views":220},"product_brand":[],"product_cat":[9000,9001,9002,8999,29,31],"product_tag":[176,177,200],"class_list":{"0":"post-21774","1":"product","2":"type-product","3":"status-publish","4":"has-post-thumbnail","6":"product_cat-acana","7":"product_cat-begrudis-maistas","8":"product_cat-sausas-maistas","9":"product_cat-sunims","10":"product_cat-sunu-maistas","11":"product_cat-sunu-prekiu-gamintojai","12":"product_tag-begrudis-sunu-maistas","13":"product_tag-edalas-sunims","14":"product_tag-super-premium-maistas-sunims","15":"pa_pasaro-sudetis-darzoves","16":"pa_pasaro-sudetis-kiausiniai","17":"pa_pasaro-sudetis-uogos","18":"pa_pasaro-sudetis-vaisiai","19":"pa_pasaro-sudetis-vistiena","20":"pa_pasaro-sudetis-zuvis","21":"pa_prekiu-zenklai-acana","22":"pa_suns-amzius-senjorams","23":"pa_veisles-dydis-didelems-veislems","24":"pa_veisles-dydis-mazoms-veislems","25":"pa_veisles-dydis-vidutinems-veislems","26":"pa_veisles-dydis-visu-dydziu-veislems","28":"first","29":"instock","30":"featured","31":"taxable","32":"shipping-taxable","33":"purchasable","34":"product-type-simple"},"acf":[],"_links":{"self":[{"href":"https:\/\/zooprekes24.lt\/et\/wp-json\/wp\/v2\/product\/21774","targetHints":{"allow":["GET"]}}],"collection":[{"href":"https:\/\/zooprekes24.lt\/et\/wp-json\/wp\/v2\/product"}],"about":[{"href":"https:\/\/zooprekes24.lt\/et\/wp-json\/wp\/v2\/types\/product"}],"replies":[{"embeddable":true,"href":"https:\/\/zooprekes24.lt\/et\/wp-json\/wp\/v2\/comments?post=21774"}],"wp:featuredmedia":[{"embeddable":true,"href":"https:\/\/zooprekes24.lt\/et\/wp-json\/wp\/v2\/media\/17530"}],"wp:attachment":[{"href":"https:\/\/zooprekes24.lt\/et\/wp-json\/wp\/v2\/media?parent=21774"}],"wp:term":[{"taxonomy":"product_brand","embeddable":true,"href":"https:\/\/zooprekes24.lt\/et\/wp-json\/wp\/v2\/product_brand?post=21774"},{"taxonomy":"product_cat","embeddable":true,"href":"https:\/\/zooprekes24.lt\/et\/wp-json\/wp\/v2\/product_cat?post=21774"},{"taxonomy":"product_tag","embeddable":true,"href":"https:\/\/zooprekes24.lt\/et\/wp-json\/wp\/v2\/product_tag?post=21774"}],"curies":[{"name":"wp","href":"https:\/\/api.w.org\/{rel}","templated":true}]}}