{"id":21772,"date":"2024-04-18T21:16:50","date_gmt":"2024-04-18T18:16:50","guid":{"rendered":"https:\/\/zooprekes24.lt\/produktas\/acana-sport-agility-sausas-maistas-sunims\/"},"modified":"2026-02-25T13:44:48","modified_gmt":"2026-02-25T11:44:48","slug":"acana-sport-agility-kuivtoit-koertele-2","status":"publish","type":"product","link":"https:\/\/zooprekes24.lt\/et\/produktas\/acana-sport-agility-sausas-maistas-sunims\/","title":{"rendered":"Acana Sport Agility kuivtoit koertele"},"content":{"rendered":"<h3>Olgu see siis koer, kes ajab taga lambakarja v\u00f5i h\u00fcppab lendava palli p\u00fc\u00fcdmiseks, <a href=\"https:\/\/zooprekes24.lt\/et\/?s=sportiniams&amp;post_type=product&amp;product_cat=0\" target=\"_blank\" rel=\"noopener noreferrer\">spordikoertele<\/a> vajab aktiivsuse ja vastupidavuse tagamiseks mitmekesist v\u00e4rsket liha, valke ja rasvu sisaldavat dieeti. Seep\u00e4rast sisaldab Acana Sport Agility 75% liha, sealhulgas puurivaba kana ja kalkunit, preeriafarmide mune ja looduslikku hiidlest.<\/h3>\n<p>K\u00f5ik tarnitakse v\u00e4rskelt vastavalt <a href=\"https:\/\/www.acanapetfoods.co.uk\/about-acana\/biologically-appropriate\/wholeprey-meat-ratios\/\" target=\"_blank\" rel=\"noopener noreferrer\">WholePrey\u2122<\/a> m\u00f5iste (kogusaak). Ei mingeid kiireid s\u00fcsivesikuid, nagu riis, tapiokk v\u00f5i kartul. Valmistatud auhinnatud k\u00f6\u00f6gis Kanada parimatest ja v\u00e4rsketest koostisosadest, <a href=\"https:\/\/www.acanapetfoods.co.uk\/about-acana\/biologically-appropriate\/\" target=\"_blank\" rel=\"noopener noreferrer\">Bioloogiliselt sobiv\u2122<\/a> Acana Sport Agility koostis (bioloogiliselt sobiv) tagab, et teie koer on terve, \u00f5nnelik ja tugev.<\/p>","protected":false},"excerpt":{"rendered":"<p>Nesvarbu ar \u0161uo varin\u0117ja avi\u0173 band\u0105 ar \u0161okin\u0117ja gaudydamas skraidant\u012f kamuol\u012f, sportuojantiems \u0161unims reikalinga dieta kurioje daug \u012fvairios \u0161vie\u017eios m\u0117sos, baltym\u0173 ir riebal\u0173 aktyviai veiklai ir i\u0161tvermei. \u0160tai kod\u0117l Acana Sport Agility sud\u0117tyje yra 75% m\u0117sos, \u012fskaitant ne narvuose u\u017eaugint\u0105 vi\u0161tien\u0105 ir kalakutiena, kiau\u0161inius i\u0161 prerij\u0173 \u016bki\u0173 ir laukin\u012f str\u0117liadant\u012f paltus\u0105. Viskas pristatoma \u0161vie\u017eia laikantis&#8230;<\/p>","protected":false},"featured_media":17524,"comment_status":"closed","ping_status":"closed","template":"","meta":{"_acf_changed":false,"slim_seo":{"title":"Acana Sport Agility sausas maistas \u0161unims - Zooprekes24","description":"Olenemata sellest, kas nad ajavad taga lambakarja v\u00f5i h\u00fcppavad lendava palli p\u00fc\u00fcdmiseks, vajavad sportlikud koerad toitumist, mis sisaldab rohkesti v\u00e4rsket liha, valku ja mitmesuguseid muid toiduaineid."},"iawp_total_views":76},"product_brand":[],"product_cat":[9000,9001,9002,8999,29,31],"product_tag":[176,177,200],"class_list":{"0":"post-21772","1":"product","2":"type-product","3":"status-publish","4":"has-post-thumbnail","6":"product_cat-acana","7":"product_cat-begrudis-maistas","8":"product_cat-sausas-maistas","9":"product_cat-sunims","10":"product_cat-sunu-maistas","11":"product_cat-sunu-prekiu-gamintojai","12":"product_tag-begrudis-sunu-maistas","13":"product_tag-edalas-sunims","14":"product_tag-super-premium-maistas-sunims","15":"pa_pasaro-sudetis-darzoves","16":"pa_pasaro-sudetis-kalakutiena","17":"pa_pasaro-sudetis-kiausiniai","18":"pa_pasaro-sudetis-uogos","19":"pa_pasaro-sudetis-vaisiai","20":"pa_pasaro-sudetis-vistiena","21":"pa_pasaro-sudetis-zuvis","22":"pa_prekiu-zenklai-acana","23":"pa_suns-amzius-jauniems","24":"pa_suns-amzius-senjorams","25":"pa_suns-amzius-suaugusiems","26":"pa_suns-amzius-visiems-amziams","27":"pa_veisles-dydis-didelems-veislems","28":"pa_veisles-dydis-mazoms-veislems","29":"pa_veisles-dydis-vidutinems-veislems","30":"pa_veisles-dydis-visu-dydziu-veislems","32":"first","33":"instock","34":"featured","35":"taxable","36":"shipping-taxable","37":"purchasable","38":"product-type-variable"},"acf":[],"_links":{"self":[{"href":"https:\/\/zooprekes24.lt\/et\/wp-json\/wp\/v2\/product\/21772","targetHints":{"allow":["GET"]}}],"collection":[{"href":"https:\/\/zooprekes24.lt\/et\/wp-json\/wp\/v2\/product"}],"about":[{"href":"https:\/\/zooprekes24.lt\/et\/wp-json\/wp\/v2\/types\/product"}],"replies":[{"embeddable":true,"href":"https:\/\/zooprekes24.lt\/et\/wp-json\/wp\/v2\/comments?post=21772"}],"wp:featuredmedia":[{"embeddable":true,"href":"https:\/\/zooprekes24.lt\/et\/wp-json\/wp\/v2\/media\/17524"}],"wp:attachment":[{"href":"https:\/\/zooprekes24.lt\/et\/wp-json\/wp\/v2\/media?parent=21772"}],"wp:term":[{"taxonomy":"product_brand","embeddable":true,"href":"https:\/\/zooprekes24.lt\/et\/wp-json\/wp\/v2\/product_brand?post=21772"},{"taxonomy":"product_cat","embeddable":true,"href":"https:\/\/zooprekes24.lt\/et\/wp-json\/wp\/v2\/product_cat?post=21772"},{"taxonomy":"product_tag","embeddable":true,"href":"https:\/\/zooprekes24.lt\/et\/wp-json\/wp\/v2\/product_tag?post=21772"}],"curies":[{"name":"wp","href":"https:\/\/api.w.org\/{rel}","templated":true}]}}