{"id":21771,"date":"2024-04-18T21:16:50","date_gmt":"2024-04-18T18:16:50","guid":{"rendered":"https:\/\/zooprekes24.lt\/produktas\/acana-puppy-11-4kg\/"},"modified":"2025-01-08T14:45:19","modified_gmt":"2025-01-08T12:45:19","slug":"acana-puppy-kuivtoit-kutsikatele","status":"publish","type":"product","link":"https:\/\/zooprekes24.lt\/et\/produktas\/acana-puppy-sausas-maistas-suniukams\/","title":{"rendered":"Acana Puppy kuivtoit kutsikatele"},"content":{"rendered":"<h3>Acana Puppy sisaldab mittepuurides kasvatatud kana, looduslikku lesta ja pesamune, mis k\u00f5ik tarnitakse v\u00e4rskelt vastavalt <a href=\"https:\/\/www.acanapetfoods.co.uk\/about-acana\/biologically-appropriate\/wholeprey-meat-ratios\/\" target=\"_blank\" rel=\"noopener noreferrer\">WholePrey\u2122<\/a> m\u00f5iste (kogusaak).<\/h3>\n<p><a href=\"https:\/\/zooprekes24.lt\/et\/?s=Be+grud%C5%B3+%C5%A1unims&amp;post_type=product&amp;product_cat=0\" target=\"_blank\" rel=\"noopener noreferrer\">Teraviljavaba ja kiire s\u00fcsivesikutevaba<\/a>nagu riis, tapiokk v\u00f5i kartul. Valmistatud auhinnatud k\u00f6\u00f6gis Kanada parimatest ja v\u00e4rskeimatest koostisosadest, <a href=\"https:\/\/www.acanapetfoods.co.uk\/about-acana\/biologically-appropriate\/\" target=\"_blank\" rel=\"noopener noreferrer\">Bioloogiliselt sobiv\u2122<\/a> (Bioloogiliselt sobiv) koostis tagab, et teie koer on terve, \u00f5nnelik ja tugev.<\/p>","protected":false},"excerpt":{"rendered":"<p>Acana Puppy sud\u0117tyje ne narvuose u\u017eauginta vi\u0161tiena, laukin\u0117 plek\u0161n\u0117 ir lizduose pad\u0117ti kiau\u0161iniai, viskas pristatoma \u0161vie\u017eia laikantis WholePrey\u2122 (viso grobio) koncepcijos. Be gr\u016bd\u0173 ir greit\u0173j\u0173 angliavandeni\u0173, toki\u0173 kaip ry\u017eiai, tapijoka ar bulv\u0117s. Pagaminta apdovanojimus laimin\u010diose virtuv\u0117se i\u0161 Kanados geriausi\u0173 ir \u0161vie\u017eiausi\u0173 ingredient\u0173, Biologically Appropriate\u2122 (biologi\u0161kai tinkama) formul\u0117 garantuoja, kad J\u016bs\u0173 \u0161uo bus sveikas, laimingas ir&#8230;<\/p>","protected":false},"featured_media":17521,"comment_status":"closed","ping_status":"closed","template":"","meta":{"_acf_changed":false,"slim_seo":{"title":"Acana Puppy sausas maistas \u0161uniukams - Zooprekes24","description":"Acana Puppy sisaldab puurivaba kana, looduslikku lesta ja pesamune, mis k\u00f5ik on v\u00e4rskelt tarnitud WholePrey\u2122-ga"},"iawp_total_views":114},"product_brand":[],"product_cat":[9000,9001,9002,8999,29,31],"product_tag":[176,177,200],"class_list":{"0":"post-21771","1":"product","2":"type-product","3":"status-publish","4":"has-post-thumbnail","6":"product_cat-acana","7":"product_cat-begrudis-maistas","8":"product_cat-sausas-maistas","9":"product_cat-sunims","10":"product_cat-sunu-maistas","11":"product_cat-sunu-prekiu-gamintojai","12":"product_tag-begrudis-sunu-maistas","13":"product_tag-edalas-sunims","14":"product_tag-super-premium-maistas-sunims","15":"pa_pasaro-sudetis-darzoves","16":"pa_pasaro-sudetis-kiausiniai","17":"pa_pasaro-sudetis-uogos","18":"pa_pasaro-sudetis-vaisiai","19":"pa_pasaro-sudetis-vistiena","20":"pa_pasaro-sudetis-zuvis","21":"pa_prekiu-zenklai-acana","22":"pa_suns-amzius-jauniems","23":"pa_veisles-dydis-vidutinems-veislems","25":"first","26":"instock","27":"featured","28":"taxable","29":"shipping-taxable","30":"purchasable","31":"product-type-variable"},"acf":[],"_links":{"self":[{"href":"https:\/\/zooprekes24.lt\/et\/wp-json\/wp\/v2\/product\/21771","targetHints":{"allow":["GET"]}}],"collection":[{"href":"https:\/\/zooprekes24.lt\/et\/wp-json\/wp\/v2\/product"}],"about":[{"href":"https:\/\/zooprekes24.lt\/et\/wp-json\/wp\/v2\/types\/product"}],"replies":[{"embeddable":true,"href":"https:\/\/zooprekes24.lt\/et\/wp-json\/wp\/v2\/comments?post=21771"}],"wp:featuredmedia":[{"embeddable":true,"href":"https:\/\/zooprekes24.lt\/et\/wp-json\/wp\/v2\/media\/17521"}],"wp:attachment":[{"href":"https:\/\/zooprekes24.lt\/et\/wp-json\/wp\/v2\/media?parent=21771"}],"wp:term":[{"taxonomy":"product_brand","embeddable":true,"href":"https:\/\/zooprekes24.lt\/et\/wp-json\/wp\/v2\/product_brand?post=21771"},{"taxonomy":"product_cat","embeddable":true,"href":"https:\/\/zooprekes24.lt\/et\/wp-json\/wp\/v2\/product_cat?post=21771"},{"taxonomy":"product_tag","embeddable":true,"href":"https:\/\/zooprekes24.lt\/et\/wp-json\/wp\/v2\/product_tag?post=21771"}],"curies":[{"name":"wp","href":"https:\/\/api.w.org\/{rel}","templated":true}]}}