{"id":88,"date":"2024-03-17T12:34:34","date_gmt":"2024-03-17T09:34:34","guid":{"rendered":"https:\/\/zooprekes24.lt\/?page_id=88"},"modified":"2024-10-14T13:27:27","modified_gmt":"2024-10-14T10:27:27","slug":"kauba-tagastamise-vorm","status":"publish","type":"page","link":"https:\/\/zooprekes24.lt\/et\/prekiu-grazinimo-forma\/","title":{"rendered":"Kauba tagastamise vorm"},"content":{"rendered":"<section class=\"l-section wpb_row height_medium\"><div class=\"l-section-h i-cf\"><div class=\"g-cols vc_row via_grid cols_1-4-1 laptops-cols_inherit tablets-cols_inherit mobiles-cols_1 valign_top type_default stacking_default\"><div class=\"wpb_column vc_column_container\"><div class=\"vc_column-inner\"><\/div><\/div><div class=\"wpb_column vc_column_container\"><div class=\"vc_column-inner\"><h2 class=\"w-text us_custom_064d3121\"><span class=\"w-text-h\"><span class=\"w-text-value\">Preki\u0173 gr\u0105\u017einimo forma<\/span><\/span><\/h2><div class=\"w-separator size_custom\" style=\"height:0.7vmax\"><\/div><div class=\"wpb_text_column\"><div class=\"wpb_wrapper\"><div class=\"wpb_text_column wpb_content_element \">\n<div class=\"wpb_wrapper\">\n<p style=\"text-align: left;\"><span>Nor\u0117dami gr\u0105\u017einti prekes, u\u017epildykite \u017eemiau pateikt\u0105 form\u0105. Gav\u0119 u\u017eklaus\u0105 su Jumis susisieksime per 1-2 darbo dienas. Atkreipkite d\u0117mes\u012f, jog privalomi laukeliai pa\u017eym\u0117ti \u017evaig\u017edute ir juos b\u016btina u\u017epildyti.<\/span> Nor\u0117dami su\u017einoti daugiau apie preki\u0173 gr\u0105\u017einimo taisykles, apsilankykite skiltyje \u201e<a href=\"https:\/\/zooprekes24.lt\/prekiu-grazinimas\/\"><span style=\"text-decoration: underline;\"><span style=\"color: #11312c; text-decoration: underline;\">Preki\u0173 gr\u0105\u017einimas<\/span><\/span><\/a>\u201c.<\/p>\n<\/div>\n<\/div>\n<\/div><\/div><div class=\"w-separator size_custom\" style=\"height:2vmax\"><\/div><div class=\"wpforms-container wpforms-container-full return-form wpforms-render-modern\" id=\"wpforms-5279\"><form id=\"wpforms-form-5279\" class=\"wpforms-validate wpforms-form wpforms-ajax-form\" data-formid=\"5279\" method=\"post\" enctype=\"multipart\/form-data\" action=\"\/et\/wp-json\/wp\/v2\/pages\/88?wpforms_form_id=5279\" data-token=\"d6c657d8ab52b79520277da415a9e098\" data-token-time=\"1777491179\"><noscript class=\"wpforms-error-noscript\">Please enable JavaScript in your browser to complete this form.<\/noscript><div class=\"wpforms-hidden\" id=\"wpforms-error-noscript\">Please enable JavaScript in your browser to complete this form.<\/div><div class=\"wpforms-field-container\"><div id=\"wpforms-5279-field_1-container\" class=\"wpforms-field wpforms-field-name\" data-field-id=\"1\"><fieldset><legend class=\"wpforms-field-label wpforms-label-hide\" aria-hidden=\"false\">Vardas Pavard\u0117 <span class=\"wpforms-required-label\" aria-hidden=\"true\">*<\/span><\/legend><div class=\"wpforms-field-row wpforms-field-large\"><div class=\"wpforms-field-row-block wpforms-first wpforms-one-half\"><input type=\"text\" id=\"wpforms-5279-field_1\" class=\"wpforms-field-name-first wpforms-field-required\" name=\"wpforms[fields][1][first]\" placeholder=\"Vardas *\" aria-errormessage=\"wpforms-5279-field_1-error\" required><label for=\"wpforms-5279-field_1\" class=\"wpforms-field-sublabel after wpforms-sublabel-hide\">First<\/label><\/div><div class=\"wpforms-field-row-block wpforms-one-half\"><input type=\"text\" id=\"wpforms-5279-field_1-last\" class=\"wpforms-field-name-last wpforms-field-required\" name=\"wpforms[fields][1][last]\" placeholder=\"Pavard\u0117 *\" aria-errormessage=\"wpforms-5279-field_1-last-error\" required><label for=\"wpforms-5279-field_1-last\" class=\"wpforms-field-sublabel after wpforms-sublabel-hide\">Last<\/label><\/div><\/div><\/fieldset><\/div><div id=\"wpforms-5279-field_2-container\" class=\"wpforms-field wpforms-field-email\" data-field-id=\"2\"><label class=\"wpforms-field-label wpforms-label-hide\" for=\"wpforms-5279-field_2\" aria-hidden=\"false\">El.pa\u0161tas <span class=\"wpforms-required-label\" aria-hidden=\"true\">*<\/span><\/label><input type=\"email\" id=\"wpforms-5279-field_2\" class=\"wpforms-field-large wpforms-field-required\" name=\"wpforms[fields][2]\" placeholder=\"El.pa\u0161tas *\" spellcheck=\"false\" aria-errormessage=\"wpforms-5279-field_2-error\" required><\/div><div id=\"wpforms-5279-field_3-container\" class=\"wpforms-field wpforms-field-phone\" data-field-id=\"3\"><label class=\"wpforms-field-label wpforms-label-hide\" for=\"wpforms-5279-field_3\" aria-hidden=\"false\">Telefonas <span class=\"wpforms-required-label\" aria-hidden=\"true\">*<\/span><\/label><input type=\"tel\" id=\"wpforms-5279-field_3\" class=\"wpforms-field-large wpforms-field-required\" data-rule-int-phone-field=\"true\" name=\"wpforms[fields][3]\" placeholder=\"Telefonas *\" aria-label=\"Telefonas\" aria-errormessage=\"wpforms-5279-field_3-error\" required><\/div><div id=\"wpforms-5279-field_4-container\" class=\"wpforms-field wpforms-field-text\" data-field-id=\"4\"><label class=\"wpforms-field-label wpforms-label-hide\" for=\"wpforms-5279-field_4\" aria-hidden=\"false\">U\u017esakymo numeris <span class=\"wpforms-required-label\" aria-hidden=\"true\">*<\/span><\/label><input type=\"text\" id=\"wpforms-5279-field_4\" class=\"wpforms-field-large wpforms-field-required\" name=\"wpforms[fields][4]\" placeholder=\"U\u017esakymo numeris *\" aria-errormessage=\"wpforms-5279-field_4-error\" required><\/div><div id=\"wpforms-5279-field_9-container\" class=\"wpforms-field wpforms-field-divider\" data-field-id=\"9\"><h3 id=\"wpforms-5279-field_9\" aria-errormessage=\"wpforms-5279-field_9-error\">Gr\u0105\u017einamos prek\u0117s (-i\u0173) informacija<\/h3><\/div><div id=\"wpforms-5279-field_6-container\" class=\"wpforms-field wpforms-field-text\" data-field-id=\"6\"><label class=\"wpforms-field-label\" for=\"wpforms-5279-field_6\">Prek\u0117s (-i\u0173)  pavadinimas <span class=\"wpforms-required-label\" aria-hidden=\"true\">*<\/span><\/label><input type=\"text\" id=\"wpforms-5279-field_6\" class=\"wpforms-field-large wpforms-field-required\" name=\"wpforms[fields][6]\" placeholder=\"\u012eveskite pavadinim\u0105\" aria-errormessage=\"wpforms-5279-field_6-error\" required><\/div><div id=\"wpforms-5279-field_8-container\" class=\"wpforms-field wpforms-field-number\" data-field-id=\"8\"><label class=\"wpforms-field-label\" for=\"wpforms-5279-field_8\">Gr\u0105\u017einamas kiekis <span class=\"wpforms-required-label\" aria-hidden=\"true\">*<\/span><\/label><input type=\"number\" id=\"wpforms-5279-field_8\" class=\"wpforms-field-large wpforms-field-required\" name=\"wpforms[fields][8]\" placeholder=\"\u012eveskite preki\u0173 kiek\u012f \" aria-errormessage=\"wpforms-5279-field_8-error\" required><\/div><div id=\"wpforms-5279-field_10-container\" class=\"wpforms-field wpforms-field-file-upload\" data-field-id=\"10\"><label class=\"wpforms-field-label\" for=\"wpforms-5279-field_10\">\u012ekelkite nuotrauk\u0105 (-as) ar kit\u0105 fail\u0105<\/label><div\n\t\tclass=\"wpforms-uploader\"\n\t\tdata-field-id=\"10\"\n\t\tdata-form-id=\"5279\"\n\t\tdata-input-name=\"wpforms_5279_10\"\n\t\tdata-extensions=\"jpg,jpeg,jpe,gif,png,bmp,tiff,tif,webp,avif,ico,heic,heif,heics,heifs,asf,asx,wmv,wmx,wm,avi,divx,mov,qt,mpeg,mpg,mpe,mp4,m4v,ogv,webm,mkv,3gp,3gpp,3g2,3gp2,txt,asc,c,cc,h,srt,csv,tsv,ics,rtx,css,vtt,mp3,m4a,m4b,aac,ra,ram,wav,x-wav,ogg,oga,flac,mid,midi,wma,wax,mka,rtf,pdf,class,tar,zip,gz,gzip,rar,7z,psd,xcf,doc,pot,pps,ppt,wri,xla,xls,xlt,xlw,mpp,docx,docm,dotx,dotm,xlsx,xlsm,xlsb,xltx,xltm,xlam,pptx,pptm,ppsx,ppsm,potx,potm,ppam,sldx,sldm,onetoc,onetoc2,onepkg,oxps,xps,odt,odp,ods,odg,odc,odb,odf,wp,wpd,key,numbers,pages,svg,woff,woff2\"\n\t\tdata-max-size=\"3221225472\"\n\t\tdata-max-file-number=\"5\"\n\t\tdata-post-max-size=\"3221225472\"\n\t\tdata-max-parallel-uploads=\"4\"\n\t\tdata-parallel-uploads=\"true\"\n\t\tdata-file-chunk-size=\"2097152\">\n\t<div class=\"dz-message\">\n\t\t<svg viewBox=\"0 0 1024 1024\" focusable=\"false\" data-icon=\"inbox\" width=\"50px\" height=\"50px\" fill=\"currentColor\" aria-hidden=\"true\">\n\t\t\t<path d=\"M885.2 446.3l-.2-.8-112.2-285.1c-5-16.1-19.9-27.2-36.8-27.2H281.2c-17 0-32.1 11.3-36.9 27.6L139.4 443l-.3.7-.2.8c-1.3 4.9-1.7 9.9-1 14.8-.1 1.6-.2 3.2-.2 4.8V830a60.9 60.9 0 0 0 60.8 60.8h627.2c33.5 0 60.8-27.3 60.9-60.8V464.1c0-1.3 0-2.6-.1-3.7.4-4.9 0-9.6-1.3-14.1zm-295.8-43l-.3 15.7c-.8 44.9-31.8 75.1-77.1 75.1-22.1 0-41.1-7.1-54.8-20.6S436 441.2 435.6 419l-.3-15.7H229.5L309 210h399.2l81.7 193.3H589.4zm-375 76.8h157.3c24.3 57.1 76 90.8 140.4 90.8 33.7 0 65-9.4 90.3-27.2 22.2-15.6 39.5-37.4 50.7-63.6h156.5V814H214.4V480.1z\"><\/path>\n\t\t<\/svg>\n\t\t<span class=\"modern-title\">Click or drag files to this area to upload.<\/span>\n\n\t\t\t\t\t<span class=\"modern-hint\">You can upload up to 5 files.<\/span>\n\t\t\t<\/div>\n<\/div>\n<input\n\t\ttype=\"text\"\n\t\tautocomplete=\"off\"\n\t\treadonly\n\t\tclass=\"dropzone-input\"\n\t\tstyle=\"position:absolute!important;clip:rect(0,0,0,0)!important;height:1px!important;width:1px!important;border:0!important;overflow:hidden!important;padding:0!important;margin:0!important;\"\n\t\tid=\"wpforms-5279-field_10\"\n\t\tname=\"wpforms_5279_10\" \t\tvalue=\"\">\n<\/div><div id=\"wpforms-5279-field_11-container\" class=\"wpforms-field wpforms-field-select wpforms-field-select-style-modern\" data-field-id=\"11\"><label class=\"wpforms-field-label\" for=\"wpforms-5279-field_11\">Gr\u0105\u017einimo prie\u017eastis (neprivaloma)<\/label><select id=\"wpforms-5279-field_11\" class=\"wpforms-field-large choicesjs-select\" data-size-class=\"wpforms-field-row wpforms-field-large\" data-search-enabled=\"\" name=\"wpforms[fields][11]\"><option value=\"\" class=\"placeholder\" disabled  selected='selected'>Klaidingas u\u017esakymas<\/option><option value=\"Klaidingas u\u017esakymas\" >Klaidingas u\u017esakymas<\/option><option value=\"Pakuot\u0117 ir\/ar prek\u0117 pa\u017eeistos\" >Pakuot\u0117 ir\/ar prek\u0117 pa\u017eeistos<\/option><option value=\"Gauta ne ta prek\u0117, kuri u\u017esakyta\" >Gauta ne ta prek\u0117, kuri u\u017esakyta<\/option><option value=\"Prek\u0117 brokuota\" >Prek\u0117 brokuota<\/option><\/select><\/div><div id=\"wpforms-5279-field_12-container\" class=\"wpforms-field wpforms-field-select wpforms-field-select-style-modern\" data-field-id=\"12\"><label class=\"wpforms-field-label\" for=\"wpforms-5279-field_12\">Ar pakuot\u0117 atidaryta? <span class=\"wpforms-required-label\" aria-hidden=\"true\">*<\/span><\/label><select id=\"wpforms-5279-field_12\" class=\"wpforms-field-large wpforms-field-required choicesjs-select\" data-size-class=\"wpforms-field-row wpforms-field-large\" data-search-enabled=\"\" name=\"wpforms[fields][12]\" required=\"required\"><option value=\"\" class=\"placeholder\" disabled  selected='selected'>Taip<\/option><option value=\"Taip\" >Taip<\/option><option value=\"Ne\" >Ne<\/option><\/select><\/div><div id=\"wpforms-5279-field_13-container\" class=\"wpforms-field wpforms-field-textarea\" data-field-id=\"13\"><label class=\"wpforms-field-label\" for=\"wpforms-5279-field_13\">Papildoma informacija<\/label><textarea id=\"wpforms-5279-field_13\" class=\"wpforms-field-medium\" name=\"wpforms[fields][13]\" placeholder=\"J\u016bs\u0173 pastabos\" aria-errormessage=\"wpforms-5279-field_13-error\" ><\/textarea><\/div><\/div><!-- .wpforms-field-container --><div class=\"wpforms-recaptcha-container wpforms-is-recaptcha wpforms-is-recaptcha-type-v3\" ><input type=\"hidden\" name=\"wpforms[recaptcha]\" value=\"\"><\/div><div class=\"wpforms-submit-container\" ><input type=\"hidden\" name=\"wpforms[id]\" value=\"5279\"><input type=\"hidden\" name=\"page_title\" value=\"\"><input type=\"hidden\" name=\"page_url\" value=\"https:\/\/zooprekes24.lt\/et\/wp-json\/wp\/v2\/pages\/88\"><button type=\"submit\" name=\"wpforms[submit]\" id=\"wpforms-submit-5279\" class=\"wpforms-submit\" data-alt-text=\"Siun\u010diama...\" data-submit-text=\"Si\u0173sti\" aria-live=\"assertive\" value=\"wpforms-submit\">Si\u0173sti<\/button><img loading=\"lazy\" decoding=\"async\" src=\"https:\/\/zooprekes24.lt\/wp-content\/plugins\/wpforms\/assets\/images\/submit-spin.svg\" class=\"wpforms-submit-spinner\" style=\"display: none;\" width=\"26\" height=\"26\" alt=\"Loading\"><\/div><\/form><\/div>  <!-- .wpforms-container --><\/div><\/div><div class=\"wpb_column vc_column_container\"><div class=\"vc_column-inner\"><\/div><\/div><\/div><\/div><\/section>\n","protected":false},"excerpt":{"rendered":"","protected":false},"author":381,"featured_media":0,"parent":0,"menu_order":0,"comment_status":"closed","ping_status":"closed","template":"","meta":{"_acf_changed":false,"slim_seo":{"title":"Preki\u0173 gr\u0105\u017einimo forma - Zooprekes24","description":"Tagastusvorm Kauba tagastamiseks t\u00e4itke palun allj\u00e4rgnev vorm. V\u00f5tame teiega \u00fchendust 1-2 t\u00f6\u00f6p\u00e4eva jooksul p\u00e4rast teie p\u00e4ringu saamist. Palun v\u00f5tke arvesse"},"iawp_total_views":127,"footnotes":""},"class_list":["post-88","page","type-page","status-publish","hentry"],"acf":[],"_links":{"self":[{"href":"https:\/\/zooprekes24.lt\/et\/wp-json\/wp\/v2\/pages\/88","targetHints":{"allow":["GET"]}}],"collection":[{"href":"https:\/\/zooprekes24.lt\/et\/wp-json\/wp\/v2\/pages"}],"about":[{"href":"https:\/\/zooprekes24.lt\/et\/wp-json\/wp\/v2\/types\/page"}],"author":[{"embeddable":true,"href":"https:\/\/zooprekes24.lt\/et\/wp-json\/wp\/v2\/users\/381"}],"replies":[{"embeddable":true,"href":"https:\/\/zooprekes24.lt\/et\/wp-json\/wp\/v2\/comments?post=88"}],"version-history":[{"count":3,"href":"https:\/\/zooprekes24.lt\/et\/wp-json\/wp\/v2\/pages\/88\/revisions"}],"predecessor-version":[{"id":31295,"href":"https:\/\/zooprekes24.lt\/et\/wp-json\/wp\/v2\/pages\/88\/revisions\/31295"}],"wp:attachment":[{"href":"https:\/\/zooprekes24.lt\/et\/wp-json\/wp\/v2\/media?parent=88"}],"curies":[{"name":"wp","href":"https:\/\/api.w.org\/{rel}","templated":true}]}}